{"id":2179,"date":"2024-04-28T10:50:58","date_gmt":"2024-04-28T07:50:58","guid":{"rendered":"http:\/\/jnats.eu\/?post_type=product&#038;p=2179"},"modified":"2024-11-11T18:08:55","modified_gmt":"2024-11-11T16:08:55","slug":"nakayama-awasedo","status":"publish","type":"product","link":"https:\/\/jnats.eu\/pt\/produto-2\/nakayama-awasedo\/","title":{"rendered":"Nakayama Awasedo"},"content":{"rendered":"<p>A pedra de afiar Nakayama de dureza m\u00e9dia \u00e9 bastante dura e f\u00e1cil de trabalhar. N\u00e3o \u00e9 necess\u00e1rio um prego ou uma placa de diamante, pois a pedra liberta o suficiente da sua suspens\u00e3o. \u00c9 uma excelente op\u00e7\u00e3o para aqueles que n\u00e3o gostam de \"dan\u00e7ar com os tambores\" - basta pegar nela e afi\u00e1-la. O seu tamanho torna-a ideal para trabalhos com l\u00e2minas, mas tamb\u00e9m \u00e9 adequada para afiar ferramentas maiores. <\/p>\n\n\n\n<p>N\u00e3o \u00e9 muito bonita, mas \u00e9 uma pedra pequena que funciona bem, que \u00e9 o que se espera de uma mina Nakayama. A pedra est\u00e1 colada num suporte de madeira.<\/p>\n\n\n\n<p><strong>Nakayama (\u4e2d\u5c71)<\/strong><\/p>\n\n\n\n<p>Esta mina oriental \u00e9 famosa pelas suas pedras de acabamento para afiar e \u00e9 talvez a mais procurada pelos profissionais e amadores da afia\u00e7\u00e3o. Em compara\u00e7\u00e3o com as pedras de dureza e finura semelhantes de outras minas, as pedras Nakayama s\u00e3o conhecidas pela sua sensa\u00e7\u00e3o de afia\u00e7\u00e3o mais agrad\u00e1vel e alta velocidade de trabalho. As pedras multi-camadas (Hondomae, Shikitomae) e Kiita s\u00e3o particularmente apreciadas.<\/p>","protected":false},"excerpt":{"rendered":"<ul>\n<li>Adequado para o acabamento de l\u00e2minas de barbear, facas, tesouras, ferramentas de carpintaria e outras.<\/li>\n<li>Dimens\u00f5es: 195x70x23 mm<\/li>\n<li>Peso com suporte: 1050 g<\/li>\n<li>Dureza: Lv 4<\/li>\n<li>Superf\u00edcie lisa e pronta a utilizar<\/li>\n<\/ul>","protected":false},"featured_media":2183,"comment_status":"open","ping_status":"closed","template":"","meta":[],"product_brand":[],"product_cat":[22],"product_tag":[40,49],"class_list":{"0":"post-2179","1":"product","2":"type-product","3":"status-publish","4":"has-post-thumbnail","6":"product_cat-jnats","7":"product_tag-awasedo","8":"product_tag-nakayama","9":"product_shipping_class-iprastas","11":"first","12":"outofstock","13":"shipping-taxable","14":"purchasable","15":"product-type-simple"},"_links":{"self":[{"href":"https:\/\/jnats.eu\/pt\/wp-json\/wp\/v2\/product\/2179","targetHints":{"allow":["GET"]}}],"collection":[{"href":"https:\/\/jnats.eu\/pt\/wp-json\/wp\/v2\/product"}],"about":[{"href":"https:\/\/jnats.eu\/pt\/wp-json\/wp\/v2\/types\/product"}],"replies":[{"embeddable":true,"href":"https:\/\/jnats.eu\/pt\/wp-json\/wp\/v2\/comments?post=2179"}],"wp:featuredmedia":[{"embeddable":true,"href":"https:\/\/jnats.eu\/pt\/wp-json\/wp\/v2\/media\/2183"}],"wp:attachment":[{"href":"https:\/\/jnats.eu\/pt\/wp-json\/wp\/v2\/media?parent=2179"}],"wp:term":[{"taxonomy":"product_brand","embeddable":true,"href":"https:\/\/jnats.eu\/pt\/wp-json\/wp\/v2\/product_brand?post=2179"},{"taxonomy":"product_cat","embeddable":true,"href":"https:\/\/jnats.eu\/pt\/wp-json\/wp\/v2\/product_cat?post=2179"},{"taxonomy":"product_tag","embeddable":true,"href":"https:\/\/jnats.eu\/pt\/wp-json\/wp\/v2\/product_tag?post=2179"}],"curies":[{"name":"wp","href":"https:\/\/api.w.org\/{rel}","templated":true}]}}