{"id":2185,"date":"2024-04-28T11:00:34","date_gmt":"2024-04-28T08:00:34","guid":{"rendered":"http:\/\/jnats.eu\/?post_type=product&#038;p=2185"},"modified":"2024-10-04T17:53:37","modified_gmt":"2024-10-04T14:53:37","slug":"nakayama-asagi-nashiji","status":"publish","type":"product","link":"https:\/\/jnats.eu\/pt\/produto-2\/nakayama-asagi-nashiji\/","title":{"rendered":"Nakayama Asagi Nashiji"},"content":{"rendered":"<p>Pedra de afiar natural japonesa Nakayama Asagi Nashiji. Uma pedra bastante dura e fina que recomendamos para utilizar como pedra de acabamento no final do processo de afia\u00e7\u00e3o de facas ou outras ferramentas. Tamb\u00e9m \u00e9 adequada para o acabamento de l\u00e2minas de barbear, se n\u00e3o usar demasiada for\u00e7a. <\/p>\n\n\n\n<p>Trata-se de uma pedra pesada de forma regular que cumpre muito bem a sua fun\u00e7\u00e3o!<\/p>\n\n\n\n<p>Este asagi cinzento tem um padr\u00e3o distinto de pontos nashiji em toda a pedra. N\u00e3o h\u00e1 linhas ou inclus\u00f5es. A parte inferior da pedra tamb\u00e9m pode ser facilmente preparada para o trabalho.<\/p>\n\n\n\n<p><strong>Nakayama (\u4e2d\u5c71)<\/strong><\/p>\n\n\n\n<p>Esta mina oriental \u00e9 famosa pelas suas pedras de afiar, awasedo. A pedra de v\u00e1rias camadas com a sua cor kiita \u00e9 particularmente apreciada por carpinteiros e afiadores de l\u00e2minas de barbear. Em compara\u00e7\u00e3o com as pedras de dureza e finura semelhantes de outras minas, as pedras de Nakayama s\u00e3o conhecidas pela sua sensa\u00e7\u00e3o de afia\u00e7\u00e3o mais agrad\u00e1vel.<\/p>","protected":false},"excerpt":{"rendered":"<ul>\n<li>Adequado para o acabamento de l\u00e2minas de barbear, facas, tesouras, ferramentas de carpintaria e outras.<\/li>\n<li>Dimens\u00f5es: 205x75x29 mm<\/li>\n<li>Peso: 1340 g<\/li>\n<li>Dureza: Lv 5<\/li>\n<li>A superf\u00edcie \u00e9 lisa e est\u00e1 pronta a ser utilizada.<\/li>\n<li>Recomendamos que trabalhe com \u00e1gua morna, uma vez que a \u00e1gua fria prejudica a velocidade e a resposta<\/li>\n<\/ul>","protected":false},"featured_media":2190,"comment_status":"open","ping_status":"closed","template":"","meta":[],"product_brand":[],"product_cat":[22],"product_tag":[45,49,263],"class_list":{"0":"post-2185","1":"product","2":"type-product","3":"status-publish","4":"has-post-thumbnail","6":"product_cat-jnats","7":"product_tag-asagi","8":"product_tag-nakayama","9":"product_tag-nakayama-asagi","10":"product_shipping_class-iprastas","12":"first","13":"outofstock","14":"shipping-taxable","15":"purchasable","16":"product-type-simple"},"_links":{"self":[{"href":"https:\/\/jnats.eu\/pt\/wp-json\/wp\/v2\/product\/2185","targetHints":{"allow":["GET"]}}],"collection":[{"href":"https:\/\/jnats.eu\/pt\/wp-json\/wp\/v2\/product"}],"about":[{"href":"https:\/\/jnats.eu\/pt\/wp-json\/wp\/v2\/types\/product"}],"replies":[{"embeddable":true,"href":"https:\/\/jnats.eu\/pt\/wp-json\/wp\/v2\/comments?post=2185"}],"wp:featuredmedia":[{"embeddable":true,"href":"https:\/\/jnats.eu\/pt\/wp-json\/wp\/v2\/media\/2190"}],"wp:attachment":[{"href":"https:\/\/jnats.eu\/pt\/wp-json\/wp\/v2\/media?parent=2185"}],"wp:term":[{"taxonomy":"product_brand","embeddable":true,"href":"https:\/\/jnats.eu\/pt\/wp-json\/wp\/v2\/product_brand?post=2185"},{"taxonomy":"product_cat","embeddable":true,"href":"https:\/\/jnats.eu\/pt\/wp-json\/wp\/v2\/product_cat?post=2185"},{"taxonomy":"product_tag","embeddable":true,"href":"https:\/\/jnats.eu\/pt\/wp-json\/wp\/v2\/product_tag?post=2185"}],"curies":[{"name":"wp","href":"https:\/\/api.w.org\/{rel}","templated":true}]}}