{"id":2193,"date":"2024-04-28T11:08:31","date_gmt":"2024-04-28T08:08:31","guid":{"rendered":"http:\/\/jnats.eu\/?post_type=product&#038;p=2193"},"modified":"2025-04-22T15:40:08","modified_gmt":"2025-04-22T12:40:08","slug":"nakayama-mizu-asagi-karasu","status":"publish","type":"product","link":"https:\/\/jnats.eu\/pt\/produto-2\/nakayama-mizu-asagi-karasu\/","title":{"rendered":"Nakayama Mizu Asagi Karasu"},"content":{"rendered":"<p>Pedra de afiar natural japonesa Nakayama Mizu Asagi Karasu. Uma pedra muito dura e de gr\u00e3o extremamente fino, que recomendamos para utiliza\u00e7\u00e3o como pedra de acabamento no final do processo de afia\u00e7\u00e3o, para l\u00e2minas de barbear, facas ou outras ferramentas. Ideal como base para naguros.<\/p>\n\n\n\n<p>Trata-se de uma pedra pesada de forma regular que cumpre muito bem a sua fun\u00e7\u00e3o! A espessura \u00e9 pequena, mas durar\u00e1 v\u00e1rias gera\u00e7\u00f5es, pois estas pedras duras desgastam-se muito lentamente.<\/p>\n\n\n\n<p>Este asagi cinzento tem um padr\u00e3o Mizu e Karasu t\u00e9nue em toda a pedra. N\u00e3o h\u00e1 linhas ou inclus\u00f5es. <\/p>\n\n\n\n<p><strong>Nakayama (\u4e2d\u5c71)<\/strong><\/p>\n\n\n\n<p>Esta mina oriental \u00e9 famosa pelas suas pedras de afiar, awasedo. A pedra de v\u00e1rias camadas com a sua cor kiita \u00e9 particularmente apreciada por carpinteiros e afiadores de l\u00e2minas de barbear. Em compara\u00e7\u00e3o com as pedras de dureza e finura semelhantes de outras minas, as pedras de Nakayama s\u00e3o conhecidas pela sua sensa\u00e7\u00e3o de afia\u00e7\u00e3o mais agrad\u00e1vel.<\/p>","protected":false},"excerpt":{"rendered":"<ul>\n<li>Adequado para o acabamento de l\u00e2minas de barbear, facas, tesouras, ferramentas de carpintaria e outras.<\/li>\n<li>Dimens\u00f5es: 197x71x16 mm<\/li>\n<li>Peso com suporte: 860 g<\/li>\n<li>Dureza: Lv 5+<\/li>\n<li>A superf\u00edcie \u00e9 lisa e est\u00e1 pronta a ser utilizada.<\/li>\n<li>Recomendamos que trabalhe com \u00e1gua morna, uma vez que a \u00e1gua fria prejudica a velocidade e a resposta<\/li>\n<\/ul>","protected":false},"featured_media":2199,"comment_status":"open","ping_status":"closed","template":"","meta":[],"product_brand":[],"product_cat":[],"product_tag":[45,57,154,49],"class_list":{"0":"post-2193","1":"product","2":"type-product","3":"status-publish","4":"has-post-thumbnail","6":"product_tag-asagi","7":"product_tag-karasu","8":"product_tag-mizu","9":"product_tag-nakayama","10":"product_shipping_class-iprastas","12":"first","13":"outofstock","14":"shipping-taxable","15":"purchasable","16":"product-type-simple"},"_links":{"self":[{"href":"https:\/\/jnats.eu\/pt\/wp-json\/wp\/v2\/product\/2193","targetHints":{"allow":["GET"]}}],"collection":[{"href":"https:\/\/jnats.eu\/pt\/wp-json\/wp\/v2\/product"}],"about":[{"href":"https:\/\/jnats.eu\/pt\/wp-json\/wp\/v2\/types\/product"}],"replies":[{"embeddable":true,"href":"https:\/\/jnats.eu\/pt\/wp-json\/wp\/v2\/comments?post=2193"}],"wp:featuredmedia":[{"embeddable":true,"href":"https:\/\/jnats.eu\/pt\/wp-json\/wp\/v2\/media\/2199"}],"wp:attachment":[{"href":"https:\/\/jnats.eu\/pt\/wp-json\/wp\/v2\/media?parent=2193"}],"wp:term":[{"taxonomy":"product_brand","embeddable":true,"href":"https:\/\/jnats.eu\/pt\/wp-json\/wp\/v2\/product_brand?post=2193"},{"taxonomy":"product_cat","embeddable":true,"href":"https:\/\/jnats.eu\/pt\/wp-json\/wp\/v2\/product_cat?post=2193"},{"taxonomy":"product_tag","embeddable":true,"href":"https:\/\/jnats.eu\/pt\/wp-json\/wp\/v2\/product_tag?post=2193"}],"curies":[{"name":"wp","href":"https:\/\/api.w.org\/{rel}","templated":true}]}}