{"id":2200,"date":"2024-04-28T11:27:29","date_gmt":"2024-04-28T08:27:29","guid":{"rendered":"http:\/\/jnats.eu\/?post_type=product&#038;p=2200"},"modified":"2024-12-11T00:47:56","modified_gmt":"2024-12-10T22:47:56","slug":"nakayama-tomae-awasedo","status":"publish","type":"product","link":"https:\/\/jnats.eu\/pt\/produto-2\/nakayama-tomae-awasedo\/","title":{"rendered":"Nakayama Tomae Awasedo"},"content":{"rendered":"<p>Pedra de amolar natural japonesa Nakayama Tomae Awasedo. \u00c9 uma pedra com dureza m\u00e9dia e excelente poder de corte. Recomendamo-la para o acabamento de facas ou para o retoque de l\u00e2minas de barbear. Tamb\u00e9m \u00e9 adequada para o acabamento de l\u00e2minas de barbear se n\u00e3o usar demasiada for\u00e7a.<\/p>\n\n\n\n<p>\u00c9 uma pedra enorme de forma regular que cumpre muito bem a sua fun\u00e7\u00e3o!<\/p>\n\n\n\n<p>Esta pedra cinzenta caracteriza-se por um padr\u00e3o de tons alternados de rosa e esverdeados, sem linhas nem inclus\u00f5es vis\u00edveis.<\/p>\n\n\n\n<p><strong>Nakayama (\u4e2d\u5c71)<\/strong><\/p>\n\n\n\n<p>Esta mina oriental \u00e9 famosa pelas suas pedras de acabamento para afiar e \u00e9 talvez a mais procurada entre os profissionais e amadores da afia\u00e7\u00e3o. Em compara\u00e7\u00e3o com as pedras de dureza e finura semelhantes de outras minas, as pedras Nakayama s\u00e3o conhecidas pela sua resposta de afia\u00e7\u00e3o mais agrad\u00e1vel e alta velocidade de trabalho. As pedras com v\u00e1rias camadas (Hondomae, Shikitomae) e Kiita s\u00e3o particularmente apreciadas.<\/p>","protected":false},"excerpt":{"rendered":"<ul>\n<li>Adequado para o acabamento de l\u00e2minas de barbear, facas, tesouras, ferramentas de carpintaria e outras.<\/li>\n<li>Dimens\u00f5es: 205x72x45 mm<\/li>\n<li>Peso: 2110 g<\/li>\n<li>Dureza: Lv 4<\/li>\n<li>A superf\u00edcie \u00e9 lisa e est\u00e1 pronta a ser utilizada.<\/li>\n<li>Recomendamos que trabalhe com \u00e1gua morna, uma vez que a \u00e1gua fria prejudica a velocidade e a resposta<\/li>\n<\/ul>","protected":false},"featured_media":2206,"comment_status":"open","ping_status":"closed","template":"","meta":[],"product_brand":[],"product_cat":[22],"product_tag":[40,49,67],"class_list":{"0":"post-2200","1":"product","2":"type-product","3":"status-publish","4":"has-post-thumbnail","6":"product_cat-jnats","7":"product_tag-awasedo","8":"product_tag-nakayama","9":"product_tag-tomae","10":"product_shipping_class-iprastas","12":"first","13":"outofstock","14":"sale","15":"shipping-taxable","16":"purchasable","17":"product-type-simple"},"_links":{"self":[{"href":"https:\/\/jnats.eu\/pt\/wp-json\/wp\/v2\/product\/2200","targetHints":{"allow":["GET"]}}],"collection":[{"href":"https:\/\/jnats.eu\/pt\/wp-json\/wp\/v2\/product"}],"about":[{"href":"https:\/\/jnats.eu\/pt\/wp-json\/wp\/v2\/types\/product"}],"replies":[{"embeddable":true,"href":"https:\/\/jnats.eu\/pt\/wp-json\/wp\/v2\/comments?post=2200"}],"wp:featuredmedia":[{"embeddable":true,"href":"https:\/\/jnats.eu\/pt\/wp-json\/wp\/v2\/media\/2206"}],"wp:attachment":[{"href":"https:\/\/jnats.eu\/pt\/wp-json\/wp\/v2\/media?parent=2200"}],"wp:term":[{"taxonomy":"product_brand","embeddable":true,"href":"https:\/\/jnats.eu\/pt\/wp-json\/wp\/v2\/product_brand?post=2200"},{"taxonomy":"product_cat","embeddable":true,"href":"https:\/\/jnats.eu\/pt\/wp-json\/wp\/v2\/product_cat?post=2200"},{"taxonomy":"product_tag","embeddable":true,"href":"https:\/\/jnats.eu\/pt\/wp-json\/wp\/v2\/product_tag?post=2200"}],"curies":[{"name":"wp","href":"https:\/\/api.w.org\/{rel}","templated":true}]}}