{"id":2207,"date":"2024-04-28T11:27:14","date_gmt":"2024-04-28T08:27:14","guid":{"rendered":"http:\/\/jnats.eu\/?post_type=product&#038;p=2207"},"modified":"2024-05-16T10:41:28","modified_gmt":"2024-05-16T07:41:28","slug":"nakayama-tomae-japoniskas-naturalus-galandinimo-uzbaigimo-akmuo","status":"publish","type":"product","link":"https:\/\/jnats.eu\/pt\/produto-2\/nakayama-tomae-japoniskas-naturalus-galandinimo-uzbaigimo-akmuo\/","title":{"rendered":"Pedra de afiar natural japonesa Nakayama Tomae"},"content":{"rendered":"<p>Pedra de amolar natural japonesa Nakayama Tomae. \u00c9 bastante dura e tem uma excelente taxa de afia\u00e7\u00e3o. Recomendamo-la para o acabamento de facas e l\u00e2minas de barbear. Naturalmente, tamb\u00e9m \u00e9 adequada para outras ferramentas.<\/p>\n\n\n\n<p>\u00c9 uma pedra enorme de forma regular que cumpre muito bem a sua fun\u00e7\u00e3o! N\u00e3o existem linhas ou inclus\u00f5es \"t\u00f3xicas\".<\/p>","protected":false},"excerpt":{"rendered":"<ul>\n<li>Adequado para o acabamento de l\u00e2minas de barbear, facas, ferramentas de carpintaria e outras ferramentas.<\/li>\n<li>Dimens\u00f5es: 207x75x40 mm<\/li>\n<li>Peso: 1510 g<\/li>\n<li>Dureza: Lv 4.7<\/li>\n<li>A superf\u00edcie \u00e9 lisa e est\u00e1 pronta a ser utilizada.<\/li>\n<li>Recomendamos que trabalhe com \u00e1gua morna, uma vez que a \u00e1gua fria prejudica a velocidade e a resposta<\/li>\n<\/ul>","protected":false},"featured_media":2208,"comment_status":"open","ping_status":"closed","template":"","meta":[],"product_brand":[],"product_cat":[22],"product_tag":[49,67],"class_list":{"0":"post-2207","1":"product","2":"type-product","3":"status-publish","4":"has-post-thumbnail","6":"product_cat-jnats","7":"product_tag-nakayama","8":"product_tag-tomae","9":"product_shipping_class-iprastas","11":"first","12":"instock","13":"sale","14":"shipping-taxable","15":"purchasable","16":"product-type-simple"},"_links":{"self":[{"href":"https:\/\/jnats.eu\/pt\/wp-json\/wp\/v2\/product\/2207","targetHints":{"allow":["GET"]}}],"collection":[{"href":"https:\/\/jnats.eu\/pt\/wp-json\/wp\/v2\/product"}],"about":[{"href":"https:\/\/jnats.eu\/pt\/wp-json\/wp\/v2\/types\/product"}],"replies":[{"embeddable":true,"href":"https:\/\/jnats.eu\/pt\/wp-json\/wp\/v2\/comments?post=2207"}],"wp:featuredmedia":[{"embeddable":true,"href":"https:\/\/jnats.eu\/pt\/wp-json\/wp\/v2\/media\/2208"}],"wp:attachment":[{"href":"https:\/\/jnats.eu\/pt\/wp-json\/wp\/v2\/media?parent=2207"}],"wp:term":[{"taxonomy":"product_brand","embeddable":true,"href":"https:\/\/jnats.eu\/pt\/wp-json\/wp\/v2\/product_brand?post=2207"},{"taxonomy":"product_cat","embeddable":true,"href":"https:\/\/jnats.eu\/pt\/wp-json\/wp\/v2\/product_cat?post=2207"},{"taxonomy":"product_tag","embeddable":true,"href":"https:\/\/jnats.eu\/pt\/wp-json\/wp\/v2\/product_tag?post=2207"}],"curies":[{"name":"wp","href":"https:\/\/api.w.org\/{rel}","templated":true}]}}