{"id":2214,"date":"2024-04-28T11:43:55","date_gmt":"2024-04-28T08:43:55","guid":{"rendered":"http:\/\/jnats.eu\/?post_type=product&#038;p=2214"},"modified":"2024-10-20T15:02:22","modified_gmt":"2024-10-20T12:02:22","slug":"nakayama-tomae-kiita","status":"publish","type":"product","link":"https:\/\/jnats.eu\/pt\/produto-2\/nakayama-tomae-kiita\/","title":{"rendered":"Nakayama Tomae Kiita"},"content":{"rendered":"<p>A Nakayama Kiita merece a sua reputa\u00e7\u00e3o de ser a melhor pedra de afiar que o dinheiro pode comprar. S\u00e3o geralmente finas, limpas, r\u00e1pidas e adequadas para tudo, desde a afia\u00e7\u00e3o de l\u00e2minas de barbear ao polimento de facas de cozinha.<\/p>\n\n\n\n<p>Uma bela e aut\u00eantica pedra kiita da mina de Nakayama. Foi extra\u00edda na d\u00e9cada de 1960. Esta pedra tem uma cor amarela brilhante, decorada com pontos nashiji esparsos e um par de linhas numazu seguras.<\/p>\n\n\n\n<p>A sensa\u00e7\u00e3o de ser acariciado \u00e9 divina, com uma base firme e, no entanto, uma resposta muito suave. O chip preto \u00e9 imediatamente libertado e a pedra corta simplesmente o a\u00e7o, mantendo uma maravilhosa sensa\u00e7\u00e3o t\u00e1til. N\u00e3o liberta muito da sua suspens\u00e3o, mas isso n\u00e3o a impede de trabalhar rapidamente.<\/p>\n\n\n\n<p>O Kasumi tem um acabamento turvo, com um grande contraste entre o hagane e o jigane, o que \u00e9 menos comum nas pedras Nakayama mais duras. A pedra emite um odor forte e carater\u00edstico quando trabalhada.<\/p>\n\n\n\n<p><strong>Plano horizontal mostrando uma fissura a meio do caminho ou rocha solta \u00e0 volta de toda a pedra<\/strong>. Os seus netos podem, portanto, ter de remover algumas pedras de cerca de meio cent\u00edmetro. H\u00e1 tamb\u00e9m uma pequena possibilidade de a pedra se partir. Para reduzir este risco, os lados da pedra podem ser revestidos com verniz, impedindo assim a entrada de \u00e1gua na fenda.<\/p>\n\n\n\n<p><strong>Nakayama (\u4e2d\u5c71)<\/strong><\/p>\n\n\n\n<p>Esta mina oriental \u00e9 famosa pelas suas pedras de acabamento para afiar e \u00e9 talvez a mais procurada entre os profissionais e amadores da afia\u00e7\u00e3o. Em compara\u00e7\u00e3o com as pedras de dureza e finura semelhantes de outras minas, as pedras Nakayama s\u00e3o conhecidas pela sua resposta de afia\u00e7\u00e3o mais agrad\u00e1vel e alta velocidade de trabalho. As pedras com v\u00e1rias camadas (Hondomae, Shikitomae) e Kiita s\u00e3o particularmente apreciadas.<\/p>\n\n\n\n<figure class=\"wp-block-embed is-type-video is-provider-youtube wp-block-embed-youtube wp-embed-aspect-16-9 wp-has-aspect-ratio\"><div class=\"wp-block-embed__wrapper\">\n<div class=\"video-container\"><iframe title=\"Nakayama Tomae Kiita, Ohira Naikumo Suite\" width=\"1170\" height=\"658\" src=\"https:\/\/www.youtube.com\/embed\/VZSDGTWTt3c?start=260&#038;feature=oembed\" frameborder=\"0\" allow=\"accelerometer; autoplay; clipboard-write; encrypted-media; gyroscope; picture-in-picture; web-share\" referrerpolicy=\"strict-origin-when-cross-origin\" allowfullscreen><\/iframe><\/div>\n<\/div><\/figure>","protected":false},"excerpt":{"rendered":"<ul>\n<li>Adequado para o acabamento de l\u00e2minas de barbear, facas, tesouras, ferramentas de carpintaria e outras.\u00a0<\/li>\n<li>Dimens\u00f5es: 205x75x35 mm<\/li>\n<li>Peso: 1290 g<\/li>\n<li>Dureza: Lv 4.8<\/li>\n<li>A superf\u00edcie \u00e9 lisa e est\u00e1 pronta a ser utilizada.<\/li>\n<li>Recomendamos que trabalhe com \u00e1gua morna, uma vez que a \u00e1gua fria prejudica a velocidade e a resposta<\/li>\n<\/ul>","protected":false},"featured_media":2224,"comment_status":"open","ping_status":"closed","template":"","meta":[],"product_brand":[],"product_cat":[22],"product_tag":[141,49,67],"class_list":{"0":"post-2214","1":"product","2":"type-product","3":"status-publish","4":"has-post-thumbnail","6":"product_cat-jnats","7":"product_tag-kiita","8":"product_tag-nakayama","9":"product_tag-tomae","10":"product_shipping_class-iprastas","12":"first","13":"outofstock","14":"shipping-taxable","15":"purchasable","16":"product-type-simple"},"_links":{"self":[{"href":"https:\/\/jnats.eu\/pt\/wp-json\/wp\/v2\/product\/2214","targetHints":{"allow":["GET"]}}],"collection":[{"href":"https:\/\/jnats.eu\/pt\/wp-json\/wp\/v2\/product"}],"about":[{"href":"https:\/\/jnats.eu\/pt\/wp-json\/wp\/v2\/types\/product"}],"replies":[{"embeddable":true,"href":"https:\/\/jnats.eu\/pt\/wp-json\/wp\/v2\/comments?post=2214"}],"wp:featuredmedia":[{"embeddable":true,"href":"https:\/\/jnats.eu\/pt\/wp-json\/wp\/v2\/media\/2224"}],"wp:attachment":[{"href":"https:\/\/jnats.eu\/pt\/wp-json\/wp\/v2\/media?parent=2214"}],"wp:term":[{"taxonomy":"product_brand","embeddable":true,"href":"https:\/\/jnats.eu\/pt\/wp-json\/wp\/v2\/product_brand?post=2214"},{"taxonomy":"product_cat","embeddable":true,"href":"https:\/\/jnats.eu\/pt\/wp-json\/wp\/v2\/product_cat?post=2214"},{"taxonomy":"product_tag","embeddable":true,"href":"https:\/\/jnats.eu\/pt\/wp-json\/wp\/v2\/product_tag?post=2214"}],"curies":[{"name":"wp","href":"https:\/\/api.w.org\/{rel}","templated":true}]}}