{"id":2232,"date":"2024-04-29T11:03:13","date_gmt":"2024-04-29T08:03:13","guid":{"rendered":"http:\/\/jnats.eu\/?post_type=product&#038;p=2232"},"modified":"2024-08-18T23:33:42","modified_gmt":"2024-08-18T20:33:42","slug":"nakayama-iromono-2","status":"publish","type":"product","link":"https:\/\/jnats.eu\/pt\/produto-2\/nakayama-iromono-2\/","title":{"rendered":"Nakayama Iromono"},"content":{"rendered":"<p>A pedra de afiar Kiita da Nakayama \u00e9 f\u00e1cil de trabalhar. \u00c9 muito fina e d\u00e1 um bom acabamento a uma l\u00e2mina de barbear, mas \u00e9 suficientemente f\u00e1cil de utilizar para ser adequada para facas. Pode ser dispensado um prego ou uma placa de diamante, uma vez que a pedra liberta o suficiente da sua pr\u00f3pria lama para mostrar rapidamente os res\u00edduos de metal. O seu tamanho torna-a ideal para afiar l\u00e2minas de barbear, especialmente se gosta de um barbear suave e seguro. Tamb\u00e9m pode ser utilizado como dador de lama em pedra dura.<\/p>\n\n\n\n<p><strong>Nakayama (\u4e2d\u5c71)<\/strong><\/p>\n\n\n\n<p>Esta mina oriental \u00e9 famosa pelas suas pedras de acabamento para afiar e \u00e9 talvez a mais procurada pelos profissionais e amadores da afia\u00e7\u00e3o. Em compara\u00e7\u00e3o com as pedras de dureza e finura semelhantes de outras minas, as pedras Nakayama s\u00e3o conhecidas pela sua sensa\u00e7\u00e3o de afia\u00e7\u00e3o mais agrad\u00e1vel e alta velocidade de trabalho. As pedras multi-camadas (Hondomae, Shikitomae) e Kiita s\u00e3o particularmente apreciadas.<\/p>","protected":false},"excerpt":{"rendered":"<ul>\n<li>Adequado para o acabamento de l\u00e2minas de barbear, facas, tesouras, ferramentas de carpintaria e outras. Tamb\u00e9m pode ser utilizado como dador de lama em pedra dura.<\/li>\n<li>Dimens\u00f5es: 149x79x23 mm<\/li>\n<li>Peso: 610 g<\/li>\n<li>Dureza: Lv 3.5<\/li>\n<li>Superf\u00edcie lisa e pronta a utilizar<\/li>\n<\/ul>","protected":false},"featured_media":2239,"comment_status":"open","ping_status":"closed","template":"","meta":[],"product_brand":[],"product_cat":[22],"product_tag":[41,49],"class_list":{"0":"post-2232","1":"product","2":"type-product","3":"status-publish","4":"has-post-thumbnail","6":"product_cat-jnats","7":"product_tag-iromono","8":"product_tag-nakayama","9":"product_shipping_class-iprastas","11":"first","12":"outofstock","13":"sale","14":"shipping-taxable","15":"purchasable","16":"product-type-simple"},"_links":{"self":[{"href":"https:\/\/jnats.eu\/pt\/wp-json\/wp\/v2\/product\/2232","targetHints":{"allow":["GET"]}}],"collection":[{"href":"https:\/\/jnats.eu\/pt\/wp-json\/wp\/v2\/product"}],"about":[{"href":"https:\/\/jnats.eu\/pt\/wp-json\/wp\/v2\/types\/product"}],"replies":[{"embeddable":true,"href":"https:\/\/jnats.eu\/pt\/wp-json\/wp\/v2\/comments?post=2232"}],"wp:featuredmedia":[{"embeddable":true,"href":"https:\/\/jnats.eu\/pt\/wp-json\/wp\/v2\/media\/2239"}],"wp:attachment":[{"href":"https:\/\/jnats.eu\/pt\/wp-json\/wp\/v2\/media?parent=2232"}],"wp:term":[{"taxonomy":"product_brand","embeddable":true,"href":"https:\/\/jnats.eu\/pt\/wp-json\/wp\/v2\/product_brand?post=2232"},{"taxonomy":"product_cat","embeddable":true,"href":"https:\/\/jnats.eu\/pt\/wp-json\/wp\/v2\/product_cat?post=2232"},{"taxonomy":"product_tag","embeddable":true,"href":"https:\/\/jnats.eu\/pt\/wp-json\/wp\/v2\/product_tag?post=2232"}],"curies":[{"name":"wp","href":"https:\/\/api.w.org\/{rel}","templated":true}]}}