{"id":2240,"date":"2024-04-29T11:23:44","date_gmt":"2024-04-29T08:23:44","guid":{"rendered":"http:\/\/jnats.eu\/?post_type=product&#038;p=2240"},"modified":"2024-09-22T15:26:07","modified_gmt":"2024-09-22T12:26:07","slug":"nakayama-homdomae-galandinimo-akmuo-is-senovinio-sluoksnio","status":"publish","type":"product","link":"https:\/\/jnats.eu\/pt\/produto-2\/nakayama-homdomae-galandinimo-akmuo-is-senovinio-sluoksnio\/","title":{"rendered":"Pedra de afiar Nakayama Hondomae de uma camada antiga"},"content":{"rendered":"<p>A pedra Nakayama Hondomae foi extra\u00edda na prefeitura de Umegahata. Esta pedra foi extra\u00edda pelo Sr. Honda h\u00e1 300 anos. A camada de Hondomae foi completamente esgotada h\u00e1 100 anos, e muitas outras se seguiram. Em 1971, Hatanaka Toishi comprou os direitos de explora\u00e7\u00e3o da mina de Nakayama e come\u00e7ou a explor\u00e1-la. Se o po\u00e7o for para o lado, pode ser escavado quase para sempre, mas se for para o topo, mais cedo ou mais tarde tem de parar devido ao risco de subsid\u00eancia. Consequentemente, a mina de Nakayama Kato-san teve de encerrar em 1967. Uma boa pedra para acrescentar a uma cole\u00e7\u00e3o, uma vez que j\u00e1 quase n\u00e3o se encontram no mercado.<\/p>\n\n\n\n<p>Outras partes da colina ainda cont\u00eam pedras de afiar de boa qualidade, mas estas s\u00e3o muito inferiores \u00e0s pedras antigas. <\/p>\n\n\n\n<p>A Nakayama Homdomae \u00e9 uma pedra de afiar japonesa de dureza m\u00e9dia que \u00e9 f\u00e1cil de trabalhar. \u00c9 suficientemente fina para dar um bom acabamento a uma l\u00e2mina de barbear, mas suficientemente f\u00e1cil de utilizar para ser tamb\u00e9m adequada para facas. Pode ser dispensado um prego ou uma placa de diamante, uma vez que a pedra libertar\u00e1 o suficiente da sua pr\u00f3pria lama para mostrar rapidamente os res\u00edduos do metal polido. O seu tamanho torna-a ideal para afiar l\u00e2minas de barbear, especialmente se gosta de um barbear suave e seguro. Tamb\u00e9m pode ser utilizado como dador de suspens\u00e3o em pedra dura.   <\/p>","protected":false},"excerpt":{"rendered":"<ul>\n<li>Adequado para o acabamento de l\u00e2minas de barbear, facas, tesouras, ferramentas de carpintaria e outras.<\/li>\n<li>Dimens\u00f5es: 140x79x22 mm<\/li>\n<li>Peso: 620 g<\/li>\n<li>Dureza: Lv 4<\/li>\n<li>Superf\u00edcie lisa e pronta a utilizar<\/li>\n<\/ul>","protected":false},"featured_media":2244,"comment_status":"open","ping_status":"closed","template":"","meta":[],"product_brand":[],"product_cat":[22],"product_tag":[139,49],"class_list":{"0":"post-2240","1":"product","2":"type-product","3":"status-publish","4":"has-post-thumbnail","6":"product_cat-jnats","7":"product_tag-homdomae","8":"product_tag-nakayama","9":"product_shipping_class-iprastas","11":"first","12":"outofstock","13":"sale","14":"shipping-taxable","15":"purchasable","16":"product-type-simple"},"_links":{"self":[{"href":"https:\/\/jnats.eu\/pt\/wp-json\/wp\/v2\/product\/2240","targetHints":{"allow":["GET"]}}],"collection":[{"href":"https:\/\/jnats.eu\/pt\/wp-json\/wp\/v2\/product"}],"about":[{"href":"https:\/\/jnats.eu\/pt\/wp-json\/wp\/v2\/types\/product"}],"replies":[{"embeddable":true,"href":"https:\/\/jnats.eu\/pt\/wp-json\/wp\/v2\/comments?post=2240"}],"wp:featuredmedia":[{"embeddable":true,"href":"https:\/\/jnats.eu\/pt\/wp-json\/wp\/v2\/media\/2244"}],"wp:attachment":[{"href":"https:\/\/jnats.eu\/pt\/wp-json\/wp\/v2\/media?parent=2240"}],"wp:term":[{"taxonomy":"product_brand","embeddable":true,"href":"https:\/\/jnats.eu\/pt\/wp-json\/wp\/v2\/product_brand?post=2240"},{"taxonomy":"product_cat","embeddable":true,"href":"https:\/\/jnats.eu\/pt\/wp-json\/wp\/v2\/product_cat?post=2240"},{"taxonomy":"product_tag","embeddable":true,"href":"https:\/\/jnats.eu\/pt\/wp-json\/wp\/v2\/product_tag?post=2240"}],"curies":[{"name":"wp","href":"https:\/\/api.w.org\/{rel}","templated":true}]}}