{"id":2246,"date":"2024-04-29T11:35:34","date_gmt":"2024-04-29T08:35:34","guid":{"rendered":"http:\/\/jnats.eu\/?post_type=product&#038;p=2246"},"modified":"2024-09-21T11:33:09","modified_gmt":"2024-09-21T08:33:09","slug":"nakayama-maruka-8-sluoksniu-hondomae-shikitomae","status":"publish","type":"product","link":"https:\/\/jnats.eu\/pt\/produto-2\/nakayama-maruka-8-sluoksniu-hondomae-shikitomae\/","title":{"rendered":"Nakayama Maruka 8 camadas Hondomae Shikitomae"},"content":{"rendered":"<p>As pedras de afiar de oito camadas da Nakayama est\u00e3o quase extintas no com\u00e9rcio, pois s\u00e3o os produtos de topo de gama. \u00c9 a pedra perfeita em todos os aspectos: na sua finura, suavidade, velocidade e resposta. No Jap\u00e3o, vi um exemplar de 2,9 kg a um pre\u00e7o de 10 000 euros.<\/p>\n\n\n\n<p>\u00c9 a pedra de amolar perfeita e \u00e9 conhecida no Jap\u00e3o como \"sem teto\". Isto significa que o pre\u00e7o da pedra \u00e9 independente de quanto o vendedor a oferece.<\/p>\n\n\n\n<p>No entanto, como se trata de um neg\u00f3cio, existe um pre\u00e7o justo no sector. Na ind\u00fastria normal de afia\u00e7\u00e3o natural japonesa, estas s\u00e3o as pedras de amolar mais caras.<\/p>\n\n\n\n<p>Esta pedra tem uma forma perfeita para l\u00e2minas de barbear e uma espessura que durar\u00e1 s\u00e9culos. O selo Maruka \u32d5\u6b63\u672c\u5c71 \u00e9 pouco vis\u00edvel, mas est\u00e1 l\u00e1. Kato-san, o \u00faltimo propriet\u00e1rio da mina de Nakayama, costumava colocar esta marca apenas nas pedras de afiar japonesas da mais alta qualidade.\u00a0<\/p>\n\n\n\n<p><strong>Nakayama (\u4e2d\u5c71)<\/strong><\/p>\n\n\n\n<p>Esta mina oriental \u00e9 famosa pelas suas pedras de acabamento para afiar e \u00e9 talvez a mais procurada pelos profissionais e amadores da afia\u00e7\u00e3o. Em compara\u00e7\u00e3o com as pedras de dureza e finura semelhantes de outras minas, as pedras Nakayama s\u00e3o conhecidas pela sua sensa\u00e7\u00e3o de afia\u00e7\u00e3o mais agrad\u00e1vel e alta velocidade de trabalho. As pedras multi-camadas (Hondomae, Shikitomae) e Kiita s\u00e3o particularmente apreciadas.<\/p>","protected":false},"excerpt":{"rendered":"<ul>\n<li>Ideal para o acabamento de l\u00e2minas de barbear, facas, tesouras, ferramentas de carpintaria e outras.<\/li>\n<li>Dimens\u00f5es: 194x69x30 mm<\/li>\n<li>Peso com suporte: 1150 g<\/li>\n<li>Dureza: Lv 5<\/li>\n<li>Superf\u00edcie lisa e pronta a utilizar<\/li>\n<li>Podem ser sentidas algumas manchas com o dedo, mas n\u00e3o interferem com a nitidez e devem desaparecer com o tempo. O canto foi lascado, o que \u00e9 claramente vis\u00edvel nas fotografias.<\/li>\n<\/ul>","protected":false},"featured_media":2249,"comment_status":"open","ping_status":"closed","template":"","meta":[],"product_brand":[],"product_cat":[22],"product_tag":[260,51,58,49,108],"class_list":{"0":"post-2246","1":"product","2":"type-product","3":"status-publish","4":"has-post-thumbnail","6":"product_cat-jnats","7":"product_tag-8-sluoksniu","8":"product_tag-hondomae","9":"product_tag-maruka","10":"product_tag-nakayama","11":"product_tag-shikitomae","12":"product_shipping_class-iprastas","14":"first","15":"outofstock","16":"sale","17":"shipping-taxable","18":"purchasable","19":"product-type-simple"},"_links":{"self":[{"href":"https:\/\/jnats.eu\/pt\/wp-json\/wp\/v2\/product\/2246","targetHints":{"allow":["GET"]}}],"collection":[{"href":"https:\/\/jnats.eu\/pt\/wp-json\/wp\/v2\/product"}],"about":[{"href":"https:\/\/jnats.eu\/pt\/wp-json\/wp\/v2\/types\/product"}],"replies":[{"embeddable":true,"href":"https:\/\/jnats.eu\/pt\/wp-json\/wp\/v2\/comments?post=2246"}],"wp:featuredmedia":[{"embeddable":true,"href":"https:\/\/jnats.eu\/pt\/wp-json\/wp\/v2\/media\/2249"}],"wp:attachment":[{"href":"https:\/\/jnats.eu\/pt\/wp-json\/wp\/v2\/media?parent=2246"}],"wp:term":[{"taxonomy":"product_brand","embeddable":true,"href":"https:\/\/jnats.eu\/pt\/wp-json\/wp\/v2\/product_brand?post=2246"},{"taxonomy":"product_cat","embeddable":true,"href":"https:\/\/jnats.eu\/pt\/wp-json\/wp\/v2\/product_cat?post=2246"},{"taxonomy":"product_tag","embeddable":true,"href":"https:\/\/jnats.eu\/pt\/wp-json\/wp\/v2\/product_tag?post=2246"}],"curies":[{"name":"wp","href":"https:\/\/api.w.org\/{rel}","templated":true}]}}