{"id":2263,"date":"2024-04-29T11:57:03","date_gmt":"2024-04-29T08:57:03","guid":{"rendered":"http:\/\/jnats.eu\/?post_type=product&#038;p=2263"},"modified":"2025-04-11T21:03:49","modified_gmt":"2025-04-11T18:03:49","slug":"nakayama-kiita-nashiji-2","status":"publish","type":"product","link":"https:\/\/jnats.eu\/pt\/produto-2\/nakayama-kiita-nashiji-2\/","title":{"rendered":"Nakayama Kiita Nashiji"},"content":{"rendered":"<p>Apesar da sua dureza, esta pedra de afiar Nakayama Kiita Nashiji \u00e9 muito f\u00e1cil de trabalhar. \u00c9 suficientemente boa para dar acabamento a uma l\u00e2mina de barbear, mas suficientemente simples de utilizar para ser adequada para facas. \u00c9 mais suave e mais r\u00e1pida do que seria de esperar de tal dureza. Sem um prego ou uma placa de diamante, a pedra n\u00e3o liberta a sua suspens\u00e3o, mas mostra rapidamente os res\u00edduos de metal que foram polidos. O seu tamanho torna-a ideal para o trabalho com l\u00e2minas, mas tamb\u00e9m pode ser utilizada para afiar ferramentas maiores. Se a sua faca estiver bem preparada, tamb\u00e9m dar\u00e1 um polimento kasumi muito refinado.<\/p>\n\n\n\n<p>Este kiita \u00e9 amarelo vivo com manchas cinzentas. Est\u00e1 cheia de pontos nashiji por todo o lado. <\/p>\n\n\n\n<p><strong>Nakayama (\u4e2d\u5c71)<\/strong><\/p>\n\n\n\n<p>Esta mina oriental \u00e9 famosa pelas suas pedras de acabamento para afiar e \u00e9 talvez a mais procurada pelos profissionais e amadores da afia\u00e7\u00e3o. Em compara\u00e7\u00e3o com as pedras de dureza e finura semelhantes de outras minas, as pedras Nakayama s\u00e3o conhecidas pela sua sensa\u00e7\u00e3o de afia\u00e7\u00e3o mais agrad\u00e1vel e alta velocidade de trabalho. As pedras multi-camadas (Hondomae, Shikitomae) e Kiita s\u00e3o particularmente apreciadas.<\/p>","protected":false},"excerpt":{"rendered":"<ul>\n<li>Ideal para o acabamento de l\u00e2minas de barbear, facas, tesouras, ferramentas de carpintaria e outras.<\/li>\n<li>Dimens\u00f5es: 135x82x25 mm<\/li>\n<li>Peso: 610 g<\/li>\n<li>Dureza: Lv 5<\/li>\n<li>Superf\u00edcie lisa e pronta a utilizar<\/li>\n<\/ul>","protected":false},"featured_media":2270,"comment_status":"open","ping_status":"closed","template":"","meta":[],"product_brand":[],"product_cat":[22],"product_tag":[141,49,48],"class_list":{"0":"post-2263","1":"product","2":"type-product","3":"status-publish","4":"has-post-thumbnail","6":"product_cat-jnats","7":"product_tag-kiita","8":"product_tag-nakayama","9":"product_tag-nashiji","10":"product_shipping_class-iprastas","12":"first","13":"outofstock","14":"shipping-taxable","15":"purchasable","16":"product-type-simple"},"_links":{"self":[{"href":"https:\/\/jnats.eu\/pt\/wp-json\/wp\/v2\/product\/2263","targetHints":{"allow":["GET"]}}],"collection":[{"href":"https:\/\/jnats.eu\/pt\/wp-json\/wp\/v2\/product"}],"about":[{"href":"https:\/\/jnats.eu\/pt\/wp-json\/wp\/v2\/types\/product"}],"replies":[{"embeddable":true,"href":"https:\/\/jnats.eu\/pt\/wp-json\/wp\/v2\/comments?post=2263"}],"wp:featuredmedia":[{"embeddable":true,"href":"https:\/\/jnats.eu\/pt\/wp-json\/wp\/v2\/media\/2270"}],"wp:attachment":[{"href":"https:\/\/jnats.eu\/pt\/wp-json\/wp\/v2\/media?parent=2263"}],"wp:term":[{"taxonomy":"product_brand","embeddable":true,"href":"https:\/\/jnats.eu\/pt\/wp-json\/wp\/v2\/product_brand?post=2263"},{"taxonomy":"product_cat","embeddable":true,"href":"https:\/\/jnats.eu\/pt\/wp-json\/wp\/v2\/product_cat?post=2263"},{"taxonomy":"product_tag","embeddable":true,"href":"https:\/\/jnats.eu\/pt\/wp-json\/wp\/v2\/product_tag?post=2263"}],"curies":[{"name":"wp","href":"https:\/\/api.w.org\/{rel}","templated":true}]}}