{"id":2271,"date":"2025-03-20T09:03:34","date_gmt":"2025-03-20T07:03:34","guid":{"rendered":"http:\/\/jnats.eu\/?post_type=product&#038;p=2271"},"modified":"2025-04-23T22:27:39","modified_gmt":"2025-04-23T19:27:39","slug":"nakayama-tomae-lv-4-7","status":"publish","type":"product","link":"https:\/\/jnats.eu\/pt\/produto-2\/nakayama-tomae-lv-4-7\/","title":{"rendered":"Nakayama Tomae N\u00edvel 4.7"},"content":{"rendered":"<p>Uma pedra de afiar Nakayama Kiita dura e f\u00e1cil de trabalhar. Voc\u00ea pode dispensar o uso de pregos ou placas de diamante, pois a pedra age r\u00e1pido o suficiente e d\u00e1 polimento r\u00e1pido ao metal. Devido ao seu tamanho, \u00e9 perfeito para afiar l\u00e2minas de barbear, principalmente se voc\u00ea gosta de um barbear suave e seguro.<\/p>\n\n\n\n<figure class=\"wp-block-embed is-type-video is-provider-youtube wp-block-embed-youtube wp-embed-aspect-16-9 wp-has-aspect-ratio\"><div class=\"wp-block-embed__wrapper\">\n<div class=\"video-container\"><iframe title=\"Afiando Chobomasa kamisori - Ohira, Nakayama Tomae, Kanyama Strop\" width=\"1170\" height=\"658\" src=\"https:\/\/www.youtube.com\/embed\/tbFJJ1lm87I?feature=oembed\" frameborder=\"0\" allow=\"accelerometer; autoplay; clipboard-write; encrypted-media; gyroscope; picture-in-picture; web-share\" referrerpolicy=\"strict-origin-when-cross-origin\" allowfullscreen><\/iframe><\/div>\n<\/div><\/figure>\n\n\n\n<p><strong>Nakayama (\u4e2d\u5c71)<\/strong><\/p>\n\n\n\n<p>Esta mina oriental \u00e9 famosa pelas suas pedras de acabamento para afiar e \u00e9 talvez a mais procurada pelos profissionais e amadores da afia\u00e7\u00e3o. Em compara\u00e7\u00e3o com as pedras de dureza e finura semelhantes de outras minas, as pedras Nakayama s\u00e3o conhecidas pela sua sensa\u00e7\u00e3o de afia\u00e7\u00e3o mais agrad\u00e1vel e alta velocidade de trabalho. As pedras multi-camadas (Hondomae, Shikitomae) e Kiita s\u00e3o particularmente apreciadas.<\/p>\n\n\n\n<p><\/p>","protected":false},"excerpt":{"rendered":"<ul>\n<li>Adequado para o acabamento de l\u00e2minas de barbear, facas, tesouras, ferramentas de carpintaria e outras.\u00a0<\/li>\n<li>Dimens\u00f5es: 192x70x25 mm<\/li>\n<li>Peso com suporte: 930 g<\/li>\n<li>Dureza: Lv 4.7<\/li>\n<li>Superf\u00edcie lisa e pronta a utilizar<\/li>\n<\/ul>","protected":false},"featured_media":4163,"comment_status":"open","ping_status":"closed","template":"","meta":[],"product_brand":[],"product_cat":[22],"product_tag":[49,67],"class_list":{"0":"post-2271","1":"product","2":"type-product","3":"status-publish","4":"has-post-thumbnail","6":"product_cat-jnats","7":"product_tag-nakayama","8":"product_tag-tomae","9":"product_shipping_class-iprastas","11":"first","12":"outofstock","13":"shipping-taxable","14":"purchasable","15":"product-type-simple"},"_links":{"self":[{"href":"https:\/\/jnats.eu\/pt\/wp-json\/wp\/v2\/product\/2271","targetHints":{"allow":["GET"]}}],"collection":[{"href":"https:\/\/jnats.eu\/pt\/wp-json\/wp\/v2\/product"}],"about":[{"href":"https:\/\/jnats.eu\/pt\/wp-json\/wp\/v2\/types\/product"}],"replies":[{"embeddable":true,"href":"https:\/\/jnats.eu\/pt\/wp-json\/wp\/v2\/comments?post=2271"}],"wp:featuredmedia":[{"embeddable":true,"href":"https:\/\/jnats.eu\/pt\/wp-json\/wp\/v2\/media\/4163"}],"wp:attachment":[{"href":"https:\/\/jnats.eu\/pt\/wp-json\/wp\/v2\/media?parent=2271"}],"wp:term":[{"taxonomy":"product_brand","embeddable":true,"href":"https:\/\/jnats.eu\/pt\/wp-json\/wp\/v2\/product_brand?post=2271"},{"taxonomy":"product_cat","embeddable":true,"href":"https:\/\/jnats.eu\/pt\/wp-json\/wp\/v2\/product_cat?post=2271"},{"taxonomy":"product_tag","embeddable":true,"href":"https:\/\/jnats.eu\/pt\/wp-json\/wp\/v2\/product_tag?post=2271"}],"curies":[{"name":"wp","href":"https:\/\/api.w.org\/{rel}","templated":true}]}}