{"id":2299,"date":"2024-04-30T09:16:32","date_gmt":"2024-04-30T06:16:32","guid":{"rendered":"http:\/\/jnats.eu\/?post_type=product&#038;p=2299"},"modified":"2025-10-20T17:52:29","modified_gmt":"2025-10-20T14:52:29","slug":"ohira-iromono-tomae","status":"publish","type":"product","link":"https:\/\/jnats.eu\/pt\/produto-2\/ohira-iromono-tomae\/","title":{"rendered":"Ohira Iromono Tomae"},"content":{"rendered":"<p>Os Ohira Iromono Tomae de dureza m\u00e9dia s\u00e3o f\u00e1ceis de utilizar e deixam uma superf\u00edcie mate. S\u00e3o excelentes para transformar riscos sint\u00e9ticos em kasumi. Esta pedra de afiar japonesa \u00e9 muito homog\u00e9nea e suficientemente r\u00e1pida para trabalhar bem com facas. Deixar\u00e1 um n\u00facleo de a\u00e7o muito limpo e um risco muito esbatido e consistente no revestimento de ferro mais macio. Com o polimento, pode passar desta pedra para as pedras de acabamento sem problemas. Esta pedra tamb\u00e9m \u00e9 adequada para afiar ferramentas de carpinteiro e l\u00e2minas de barbear, mas n\u00e3o \u00e9 a melhor escolha para o acabamento destas ferramentas.<\/p>\n\n\n\n<p>Esta pedra apresenta uma bela combina\u00e7\u00e3o de vermelho, amarelo e verde, decorada com pequenos pontos Nashiji. O cunho apresenta algumas linhas pouco profundas mas suspeitas. \u00c9 provavelmente melhor evit\u00e1-las. Dimens\u00f5es \"americanas\" e forma correcta.<\/p>","protected":false},"excerpt":{"rendered":"<ul>\n<li>Adequado para facas de acabamento, tesouras, ferramentas de carpintaria e outras ferramentas.<\/li>\n<li>Dimens\u00f5es: 204x53x29 mm<\/li>\n<li>Peso: 810 g<\/li>\n<li>Dureza: Lv 3.7<\/li>\n<li>Superf\u00edcie lisa e pronta a utilizar<\/li>\n<\/ul>","protected":false},"featured_media":2300,"comment_status":"open","ping_status":"closed","template":"","meta":[],"product_brand":[],"product_cat":[22],"product_tag":[47,67],"class_list":{"0":"post-2299","1":"product","2":"type-product","3":"status-publish","4":"has-post-thumbnail","6":"product_cat-jnats","7":"product_tag-ohira","8":"product_tag-tomae","9":"product_shipping_class-iprastas","11":"first","12":"outofstock","13":"sale","14":"shipping-taxable","15":"purchasable","16":"product-type-simple"},"_links":{"self":[{"href":"https:\/\/jnats.eu\/pt\/wp-json\/wp\/v2\/product\/2299","targetHints":{"allow":["GET"]}}],"collection":[{"href":"https:\/\/jnats.eu\/pt\/wp-json\/wp\/v2\/product"}],"about":[{"href":"https:\/\/jnats.eu\/pt\/wp-json\/wp\/v2\/types\/product"}],"replies":[{"embeddable":true,"href":"https:\/\/jnats.eu\/pt\/wp-json\/wp\/v2\/comments?post=2299"}],"wp:featuredmedia":[{"embeddable":true,"href":"https:\/\/jnats.eu\/pt\/wp-json\/wp\/v2\/media\/2300"}],"wp:attachment":[{"href":"https:\/\/jnats.eu\/pt\/wp-json\/wp\/v2\/media?parent=2299"}],"wp:term":[{"taxonomy":"product_brand","embeddable":true,"href":"https:\/\/jnats.eu\/pt\/wp-json\/wp\/v2\/product_brand?post=2299"},{"taxonomy":"product_cat","embeddable":true,"href":"https:\/\/jnats.eu\/pt\/wp-json\/wp\/v2\/product_cat?post=2299"},{"taxonomy":"product_tag","embeddable":true,"href":"https:\/\/jnats.eu\/pt\/wp-json\/wp\/v2\/product_tag?post=2299"}],"curies":[{"name":"wp","href":"https:\/\/api.w.org\/{rel}","templated":true}]}}