{"id":2306,"date":"2024-04-30T09:32:25","date_gmt":"2024-04-30T06:32:25","guid":{"rendered":"http:\/\/jnats.eu\/?post_type=product&#038;p=2306"},"modified":"2024-11-30T13:07:57","modified_gmt":"2024-11-30T11:07:57","slug":"nakayama-karasu-aisa","status":"publish","type":"product","link":"https:\/\/jnats.eu\/pt\/produto-2\/nakayama-karasu-aisa\/","title":{"rendered":"Nakayama Karasu Aisa"},"content":{"rendered":"<p>Um maravilhoso Nakayama Karasu que pode ser utilizado para afiar l\u00e2minas de barbear, facas e ferramentas. \u00c9 muito raro que o Nakayama Karasu possa ser utilizado em facas sem as riscar!<\/p>\n\n\n\n<p>Proporciona um acabamento semi-espelhado soberbo com um contraste n\u00edtido! \u00c9 melhor trabalhar com a Nagura para acelerar o processo.<\/p>\n\n\n\n<p>Tamb\u00e9m pode ser utilizada com a progress\u00e3o completa da nagura Asano para m\u00e1quinas de barbear e proporcionar\u00e1 uma nitidez suficiente. Uma pedra cinzenta muito bonita com \u201ecorvos\u201d, algumas linhas pretas finas e um par de linhas namazu curtas.<\/p>\n\n\n\n<p>Idealmente moldado, pronto a utilizar e alisado. A segunda metade tamb\u00e9m pode ser facilmente acabada. <\/p>\n\n\n\n<figure class=\"wp-block-embed is-type-video is-provider-youtube wp-block-embed-youtube wp-embed-aspect-16-9 wp-has-aspect-ratio\"><div class=\"wp-block-embed__wrapper\">\n<div class=\"video-container\"><iframe title=\"Galandame Kanemasa Super Extra Full Concave Finest Razor Nakayama Karasu Aisa\" width=\"1170\" height=\"658\" src=\"https:\/\/www.youtube.com\/embed\/ewmrUk9XIg8?start=266&feature=oembed\" frameborder=\"0\" allow=\"accelerometer; autoplay; clipboard-write; encrypted-media; gyroscope; picture-in-picture; web-share\" referrerpolicy=\"strict-origin-when-cross-origin\" allowfullscreen><\/iframe><\/div>\n<\/div><\/figure>","protected":false},"excerpt":{"rendered":"<ul>\n<li>Adequado para o acabamento de l\u00e2minas de barbear, carpintaria e outras ferramentas.<\/li>\n<li>Dimens\u00f5es: 206x74x22 mm<\/li>\n<li>Peso: 900 g<\/li>\n<li>Dureza: Lv 5<\/li>\n<li>Linhas seguras<\/li>\n<li>A superf\u00edcie n\u00e3o \u00e9 totalmente lisa e existem buracos nas margens.<\/li>\n<li>Recomendamos que trabalhe com \u00e1gua morna, uma vez que a \u00e1gua fria prejudica a velocidade e a resposta.<\/li>\n<\/ul>","protected":false},"featured_media":2309,"comment_status":"open","ping_status":"closed","template":"","meta":[],"product_brand":[],"product_cat":[22],"product_tag":[250,57,49],"class_list":{"0":"post-2306","1":"product","2":"type-product","3":"status-publish","4":"has-post-thumbnail","6":"product_cat-jnats","7":"product_tag-aisa","8":"product_tag-karasu","9":"product_tag-nakayama","10":"product_shipping_class-iprastas","12":"first","13":"outofstock","14":"sale","15":"shipping-taxable","16":"purchasable","17":"product-type-simple"},"_links":{"self":[{"href":"https:\/\/jnats.eu\/pt\/wp-json\/wp\/v2\/product\/2306","targetHints":{"allow":["GET"]}}],"collection":[{"href":"https:\/\/jnats.eu\/pt\/wp-json\/wp\/v2\/product"}],"about":[{"href":"https:\/\/jnats.eu\/pt\/wp-json\/wp\/v2\/types\/product"}],"replies":[{"embeddable":true,"href":"https:\/\/jnats.eu\/pt\/wp-json\/wp\/v2\/comments?post=2306"}],"wp:featuredmedia":[{"embeddable":true,"href":"https:\/\/jnats.eu\/pt\/wp-json\/wp\/v2\/media\/2309"}],"wp:attachment":[{"href":"https:\/\/jnats.eu\/pt\/wp-json\/wp\/v2\/media?parent=2306"}],"wp:term":[{"taxonomy":"product_brand","embeddable":true,"href":"https:\/\/jnats.eu\/pt\/wp-json\/wp\/v2\/product_brand?post=2306"},{"taxonomy":"product_cat","embeddable":true,"href":"https:\/\/jnats.eu\/pt\/wp-json\/wp\/v2\/product_cat?post=2306"},{"taxonomy":"product_tag","embeddable":true,"href":"https:\/\/jnats.eu\/pt\/wp-json\/wp\/v2\/product_tag?post=2306"}],"curies":[{"name":"wp","href":"https:\/\/api.w.org\/{rel}","templated":true}]}}