{"id":2314,"date":"2024-04-30T09:38:16","date_gmt":"2024-04-30T06:38:16","guid":{"rendered":"http:\/\/jnats.eu\/?post_type=product&#038;p=2314"},"modified":"2024-10-04T17:53:37","modified_gmt":"2024-10-04T14:53:37","slug":"nakayama-mizu-asagi","status":"publish","type":"product","link":"https:\/\/jnats.eu\/pt\/produto-2\/nakayama-mizu-asagi\/","title":{"rendered":"Nakayama Mizu Asagi"},"content":{"rendered":"<p>Esta pedra \u00e9 dura e extremamente fina, e pode facilmente lidar com l\u00e2minas de barbear. Embora o Nakayama Mizu Asagi seja duro, tem uma rea\u00e7\u00e3o melhor do que a m\u00e9dia em compara\u00e7\u00e3o com outras pedras deste gr\u00e3o. Tamb\u00e9m pode ser utilizada para ferramentas de carpintaria e facas. Deixa uma prata brilhante e um polimento san mai pormenorizado. S\u00e3o pedras de acabamento muito poderosas em todos os aspectos.<\/p>\n\n\n\n<p>Esta pedra tamb\u00e9m pode ser utilizada como base para naguros, uma vez que \u00e9 suficientemente dura.<\/p>\n\n\n\n<p><strong>Nakayama (\u4e2d\u5c71)<\/strong><br>Esta mina oriental \u00e9 famosa pelas suas pedras awasedo para completar o processo de afia\u00e7\u00e3o. A pedra de v\u00e1rias camadas (Hondomae Shikitomae) com a sua \"contraparte\" de cor kiita \u00e9 particularmente apreciada por marceneiros e afiadores. Em compara\u00e7\u00e3o com pedras de dureza e finura semelhantes de outras minas, os produtos da Nakayama s\u00e3o conhecidos por uma sensa\u00e7\u00e3o de afia\u00e7\u00e3o mais agrad\u00e1vel. As pedras aut\u00eanticas da Nakayama ostentam frequentemente o famoso selo Maruka \u32d5\u6b63\u672c\u5c71.<\/p>","protected":false},"excerpt":{"rendered":"<ul>\n<li>Adequado para o acabamento de l\u00e2minas de barbear, facas, tesouras, ferramentas de carpintaria e outras.<\/li>\n<li>Dimens\u00f5es: 207x79x21 mm<\/li>\n<li>Peso: 1030 g<\/li>\n<li>Dureza: Lv 5<\/li>\n<li>Superf\u00edcie lisa e pronta a utilizar<\/li>\n<li>Linhas seguras<\/li>\n<\/ul>","protected":false},"featured_media":2320,"comment_status":"open","ping_status":"closed","template":"","meta":[],"product_brand":[],"product_cat":[22],"product_tag":[45,154,49],"class_list":{"0":"post-2314","1":"product","2":"type-product","3":"status-publish","4":"has-post-thumbnail","6":"product_cat-jnats","7":"product_tag-asagi","8":"product_tag-mizu","9":"product_tag-nakayama","10":"product_shipping_class-iprastas","12":"first","13":"outofstock","14":"sale","15":"shipping-taxable","16":"purchasable","17":"product-type-simple"},"_links":{"self":[{"href":"https:\/\/jnats.eu\/pt\/wp-json\/wp\/v2\/product\/2314","targetHints":{"allow":["GET"]}}],"collection":[{"href":"https:\/\/jnats.eu\/pt\/wp-json\/wp\/v2\/product"}],"about":[{"href":"https:\/\/jnats.eu\/pt\/wp-json\/wp\/v2\/types\/product"}],"replies":[{"embeddable":true,"href":"https:\/\/jnats.eu\/pt\/wp-json\/wp\/v2\/comments?post=2314"}],"wp:featuredmedia":[{"embeddable":true,"href":"https:\/\/jnats.eu\/pt\/wp-json\/wp\/v2\/media\/2320"}],"wp:attachment":[{"href":"https:\/\/jnats.eu\/pt\/wp-json\/wp\/v2\/media?parent=2314"}],"wp:term":[{"taxonomy":"product_brand","embeddable":true,"href":"https:\/\/jnats.eu\/pt\/wp-json\/wp\/v2\/product_brand?post=2314"},{"taxonomy":"product_cat","embeddable":true,"href":"https:\/\/jnats.eu\/pt\/wp-json\/wp\/v2\/product_cat?post=2314"},{"taxonomy":"product_tag","embeddable":true,"href":"https:\/\/jnats.eu\/pt\/wp-json\/wp\/v2\/product_tag?post=2314"}],"curies":[{"name":"wp","href":"https:\/\/api.w.org\/{rel}","templated":true}]}}