{"id":2321,"date":"2024-04-30T09:46:56","date_gmt":"2024-04-30T06:46:56","guid":{"rendered":"http:\/\/jnats.eu\/?post_type=product&#038;p=2321"},"modified":"2024-09-25T15:27:31","modified_gmt":"2024-09-25T12:27:31","slug":"nakayama-asagi-maruka","status":"publish","type":"product","link":"https:\/\/jnats.eu\/pt\/produto-2\/nakayama-asagi-maruka\/","title":{"rendered":"Nakayama Asagi Maruka"},"content":{"rendered":"<p>Esta grande pedra reflecte perfeitamente todas as vantagens da Nakayama - pequena, mas bastante r\u00e1pida e suave. N\u00e3o precisa de um tomahawk ou de um prato de diamante para come\u00e7ar. A Nakayama Nakayama Asagi Maruka polia rapidamente o metal e deixava um brilho muito refinado. O tamanho grande torna as facas longas muito f\u00e1ceis de afiar, tal como as outras ferramentas.<\/p>\n\n\n\n<p>Esta pedra de amolar Nakayama \u00e9 cinzenta com tons esverdeados.<\/p>\n\n\n\n<p>Esta pedra tem uma forma perfeitamente adequada a qualquer ferramenta e uma espessura que durar\u00e1 s\u00e9culos. O selo Maruka \u32d5\u6b63\u672c\u5c71 \u00e9 claramente vis\u00edvel e n\u00e3o se desgastou com o tempo. O \u00faltimo propriet\u00e1rio da mina Nakayama, Kato-san, costumava colocar esta marca apenas nas pedras de afiar japonesas da mais alta qualidade.&nbsp;<\/p>\n\n\n\n<figure class=\"wp-block-embed is-type-video is-provider-youtube wp-block-embed-youtube wp-embed-aspect-16-9 wp-has-aspect-ratio\"><div class=\"wp-block-embed__wrapper\">\n<div class=\"video-container\"><iframe title=\"Nakayama Maruka Lv 5\" width=\"1170\" height=\"658\" src=\"https:\/\/www.youtube.com\/embed\/jcWysxk_6ns?feature=oembed\" frameborder=\"0\" allow=\"accelerometer; autoplay; clipboard-write; encrypted-media; gyroscope; picture-in-picture; web-share\" referrerpolicy=\"strict-origin-when-cross-origin\" allowfullscreen><\/iframe><\/div>\n<\/div><\/figure>\n\n\n\n<p>A Pedra Nakayama \u00e9 famosa pela marca Maruka de Kato Mutsuyama com a letra \"ka\" e o selo Seihonzan \u32d5\u6b63\u672c\u5c71. Kato Mutsuyama foi o primeiro a esculpir um selo deste g\u00e9nero. As pedras de grandes dimens\u00f5es, grandes ou em bruto n\u00e3o tinham originalmente a marca Maruka. No entanto, existem tamb\u00e9m produtos de qualidade e pedras de afiar n\u00e3o padronizadas que foram posteriormente carimbadas com o selo Maruka durante o processamento final no com\u00e9rcio retalhista, bem como pedras cortadas pelo vendedor a partir de pedras brutas sem o selo \u02bb\u672c\u5c71. Al\u00e9m disso, as pedras de amolar Nakayama vendidas antes do per\u00edodo de carimbagem n\u00e3o ostentam o carimbo Maruka. <\/p>\n\n\n\n<p>Em todo o caso, se se tratar de uma pedra Kato Mutsuyama extra\u00edda desta mina, ser\u00e1 a mesma pedra Nakayama, quer tenha ou n\u00e3o a marca Maruka. O pr\u00f3prio selo \u32d5\u6b63\u672c\u5c71 pode ou n\u00e3o estar presente, consoante o canal de distribui\u00e7\u00e3o, e n\u00e3o garante a qualidade. N\u00e3o s\u00f3 a Nakayama, mas tamb\u00e9m outras pedras de amolar naturais s\u00e3o cada uma diferente e n\u00e3o h\u00e1 duas iguais. Al\u00e9m disso, passaram muitos anos desde o encerramento da mina, pelo que h\u00e1 cada vez menos exemplares de qualidade no mercado todos os anos.<\/p>\n\n\n\n<p>Devido \u00e0 sua raridade e ao poder do nome da marca, existem muitas falsifica\u00e7\u00f5es, pelo que recomendamos que n\u00e3o confie demasiado no selo Maruka e que avalie a pedra com os seus pr\u00f3prios olhos.&nbsp;<\/p>\n\n\n\n<p>A mina de Kato situa-se nas montanhas de Nakayama, onde se extra\u00edam pedras de afiar, e recebeu este nome porque era propriedade do Sr. Kato. \"A Hatanaka Whetstone \u00e9 uma antiga loja de pedras, estabelecida h\u00e1 muito tempo em Quioto. Ap\u00f3s a guerra, a venda de pedras de amolar Nakayama extra\u00eddas por Kato em Utsuyama foi gerida por um grupo de cinco pessoas de uma importante loja de pedra em Quioto. Entre eles, Hatanaka Toishi ter\u00e1 sido, durante algum tempo, o de maior confian\u00e7a dos propriet\u00e1rios das montanhas. Em 1952, Hatanaka Toishi registou a marca \"Junshin Honzan\" (\u7d14\u771f\u6b63\u672c\u5c71) para se distinguir de outros retalhistas. Depois de 1980, os direitos sobre a mina de Nakayama foram adquiridos pela Hatanaka Whetstone, que se tornou propriet\u00e1ria da marca Maruka. Ao mesmo tempo, as pedras desta mina foram tamb\u00e9m distribu\u00eddas por outros retalhistas.<\/p>\n\n\n\n<p><strong>Nakayama (\u4e2d\u5c71)<\/strong><\/p>\n\n\n\n<p>Esta mina oriental \u00e9 famosa pelas suas pedras de afiar awasedo e est\u00e1 em primeiro lugar entre as mais desejadas pelos profissionais e amadores da afia\u00e7\u00e3o. Em compara\u00e7\u00e3o com as pedras de dureza e finura semelhantes de outras minas, as pedras Nakayama s\u00e3o conhecidas pela sua sensa\u00e7\u00e3o de afia\u00e7\u00e3o mais agrad\u00e1vel e alta velocidade de trabalho. As pedras multi-camadas (Hondomae, Shikitomae) e Kiita s\u00e3o particularmente apreciadas.<\/p>","protected":false},"excerpt":{"rendered":"<ul>\n<li>Ideal para o acabamento de l\u00e2minas de barbear, facas, tesouras, ferramentas de carpintaria e outras.<\/li>\n<li>Dimens\u00f5es: 207x76x29 mm<\/li>\n<li>Peso: 1200 g<\/li>\n<li>Dureza: Lv 5<\/li>\n<li>A superf\u00edcie \u00e9 lisa e est\u00e1 pronta a ser utilizada. A segunda metade pode ser facilmente preparada.<\/li>\n<\/ul>","protected":false},"featured_media":2326,"comment_status":"open","ping_status":"closed","template":"","meta":[],"product_brand":[],"product_cat":[],"product_tag":[45,58,49],"class_list":{"0":"post-2321","1":"product","2":"type-product","3":"status-publish","4":"has-post-thumbnail","6":"product_tag-asagi","7":"product_tag-maruka","8":"product_tag-nakayama","9":"product_shipping_class-iprastas","11":"first","12":"outofstock","13":"sale","14":"shipping-taxable","15":"purchasable","16":"product-type-simple"},"_links":{"self":[{"href":"https:\/\/jnats.eu\/pt\/wp-json\/wp\/v2\/product\/2321","targetHints":{"allow":["GET"]}}],"collection":[{"href":"https:\/\/jnats.eu\/pt\/wp-json\/wp\/v2\/product"}],"about":[{"href":"https:\/\/jnats.eu\/pt\/wp-json\/wp\/v2\/types\/product"}],"replies":[{"embeddable":true,"href":"https:\/\/jnats.eu\/pt\/wp-json\/wp\/v2\/comments?post=2321"}],"wp:featuredmedia":[{"embeddable":true,"href":"https:\/\/jnats.eu\/pt\/wp-json\/wp\/v2\/media\/2326"}],"wp:attachment":[{"href":"https:\/\/jnats.eu\/pt\/wp-json\/wp\/v2\/media?parent=2321"}],"wp:term":[{"taxonomy":"product_brand","embeddable":true,"href":"https:\/\/jnats.eu\/pt\/wp-json\/wp\/v2\/product_brand?post=2321"},{"taxonomy":"product_cat","embeddable":true,"href":"https:\/\/jnats.eu\/pt\/wp-json\/wp\/v2\/product_cat?post=2321"},{"taxonomy":"product_tag","embeddable":true,"href":"https:\/\/jnats.eu\/pt\/wp-json\/wp\/v2\/product_tag?post=2321"}],"curies":[{"name":"wp","href":"https:\/\/api.w.org\/{rel}","templated":true}]}}