{"id":2343,"date":"2024-05-01T10:42:04","date_gmt":"2024-05-01T07:42:04","guid":{"rendered":"http:\/\/jnats.eu\/?post_type=product&#038;p=2343"},"modified":"2024-08-21T15:29:45","modified_gmt":"2024-08-21T12:29:45","slug":"nakayama-iromono-japoniskas-naturalus-akmuo-galandimui","status":"publish","type":"product","link":"https:\/\/jnats.eu\/pt\/produto-2\/nakayama-iromono-japoniskas-naturalus-akmuo-galandimui\/","title":{"rendered":"Pedra natural japonesa Nakayama Iromono para afiar"},"content":{"rendered":"<p>Este belo iromono Nakayama \u00e9 uma pedra natural japonesa dura e excelente para terminar a afia\u00e7\u00e3o de qualquer ferramenta. \u00c9 mais adequada para quem tem mais experi\u00eancia, mas pode ser combinada com uma nagura para a tornar mais f\u00e1cil de utilizar. A textura \u00e9 muito fina (10k+) e o polimento tende a ser espelhado. <\/p>\n\n\n\n<p>A pedra foi extra\u00edda na mina de Kato, famosa pelas suas pedras Maruka.<\/p>\n\n\n\n<figure class=\"wp-block-embed is-type-video is-provider-youtube wp-block-embed-youtube wp-embed-aspect-16-9 wp-has-aspect-ratio\"><div class=\"wp-block-embed__wrapper\">\n<div class=\"video-container\"><iframe title=\"Nakayama Tomae Iromono, Nakayama Kiita Nashiji, Nakayama Suita Maruka\" width=\"1170\" height=\"658\" src=\"https:\/\/www.youtube.com\/embed\/IZ-D-qy6bYY?start=126&#038;feature=oembed\" frameborder=\"0\" allow=\"accelerometer; autoplay; clipboard-write; encrypted-media; gyroscope; picture-in-picture; web-share\" referrerpolicy=\"strict-origin-when-cross-origin\" allowfullscreen><\/iframe><\/div>\n<\/div><\/figure>\n\n\n\n<p><strong>Nakayama (\u4e2d\u5c71)<\/strong><\/p>\n\n\n\n<p>Esta mina oriental \u00e9 famosa pelas suas pedras de afiar e \u00e9 talvez o local de afia\u00e7\u00e3o mais procurado por profissionais e amadores. Em compara\u00e7\u00e3o com as pedras de dureza e finura semelhantes de outras minas, as pedras de Nakayama s\u00e3o conhecidas pela sua sensa\u00e7\u00e3o de afia\u00e7\u00e3o mais agrad\u00e1vel e pela elevada velocidade de trabalho. As pedras de v\u00e1rias camadas (Hondomae, Shikitomae) e Kiita s\u00e3o particularmente apreciadas.<\/p>","protected":false},"excerpt":{"rendered":"<ul>\n<li>Adequado para o acabamento de l\u00e2minas de barbear, facas, tesouras, ferramentas de carpintaria e outras.<\/li>\n<li>Dimens\u00f5es aprox.: 150x60x21 mm<\/li>\n<li>Peso: 455 g<\/li>\n<li>Dureza: Lv 4.5<\/li>\n<li>Superf\u00edcie lisa e pronta a utilizar<\/li>\n<\/ul>","protected":false},"featured_media":2349,"comment_status":"open","ping_status":"closed","template":"","meta":[],"product_brand":[],"product_cat":[22],"product_tag":[49],"class_list":{"0":"post-2343","1":"product","2":"type-product","3":"status-publish","4":"has-post-thumbnail","6":"product_cat-jnats","7":"product_tag-nakayama","8":"product_shipping_class-iprastas","10":"first","11":"outofstock","12":"shipping-taxable","13":"purchasable","14":"product-type-simple"},"_links":{"self":[{"href":"https:\/\/jnats.eu\/pt\/wp-json\/wp\/v2\/product\/2343","targetHints":{"allow":["GET"]}}],"collection":[{"href":"https:\/\/jnats.eu\/pt\/wp-json\/wp\/v2\/product"}],"about":[{"href":"https:\/\/jnats.eu\/pt\/wp-json\/wp\/v2\/types\/product"}],"replies":[{"embeddable":true,"href":"https:\/\/jnats.eu\/pt\/wp-json\/wp\/v2\/comments?post=2343"}],"wp:featuredmedia":[{"embeddable":true,"href":"https:\/\/jnats.eu\/pt\/wp-json\/wp\/v2\/media\/2349"}],"wp:attachment":[{"href":"https:\/\/jnats.eu\/pt\/wp-json\/wp\/v2\/media?parent=2343"}],"wp:term":[{"taxonomy":"product_brand","embeddable":true,"href":"https:\/\/jnats.eu\/pt\/wp-json\/wp\/v2\/product_brand?post=2343"},{"taxonomy":"product_cat","embeddable":true,"href":"https:\/\/jnats.eu\/pt\/wp-json\/wp\/v2\/product_cat?post=2343"},{"taxonomy":"product_tag","embeddable":true,"href":"https:\/\/jnats.eu\/pt\/wp-json\/wp\/v2\/product_tag?post=2343"}],"curies":[{"name":"wp","href":"https:\/\/api.w.org\/{rel}","templated":true}]}}