{"id":2357,"date":"2024-05-01T11:04:25","date_gmt":"2024-05-01T08:04:25","guid":{"rendered":"http:\/\/jnats.eu\/?post_type=product&#038;p=2357"},"modified":"2024-08-26T08:58:17","modified_gmt":"2024-08-26T05:58:17","slug":"nakayama-tomae-iromono-nashiji","status":"publish","type":"product","link":"https:\/\/jnats.eu\/pt\/produto-2\/nakayama-tomae-iromono-nashiji\/","title":{"rendered":"Nakayama Tomae Iromono Nashiji"},"content":{"rendered":"<p>Pedra de amolar natural japonesa Nakayama Tomae Awasedo. \u00c9 uma pedra com dureza m\u00e9dia e excelente velocidade de afia\u00e7\u00e3o. Recomendamo-la para o acabamento de facas ou de l\u00e2minas de barbear. Tamb\u00e9m \u00e9 adequada para o acabamento de l\u00e2minas de barbear se n\u00e3o usar demasiada for\u00e7a.<\/p>\n\n\n\n<p>\u00c9 uma pedra enorme de forma regular que cumpre muito bem a sua fun\u00e7\u00e3o!<\/p>\n\n\n\n<p>Esta pedra cinzenta tem um padr\u00e3o de tons alternados de rosa e esverdeados, pontilhados com pequenos pontos nashiji. N\u00e3o s\u00e3o vis\u00edveis quaisquer linhas ou inclus\u00f5es. Um olhar mais profundo para o lado mostra que a pedra pode tornar-se preta no futuro, com pontos namazu amarelos. Assim, com esta pedra, est\u00e1 a fazer uma viagem excitante e imprevis\u00edvel ao mundo das pedras de afiar naturais japonesas \ud83d\ude42 <\/p>\n\n\n\n<p>A s\u00e9rio, mesmo que a cor mude, a pedra deve funcionar de forma muito semelhante. Isto pode ser visto na estrutura homog\u00e9nea que forma os lados.<\/p>\n\n\n\n<figure class=\"wp-block-embed is-type-video is-provider-youtube wp-block-embed-youtube wp-embed-aspect-16-9 wp-has-aspect-ratio\"><div class=\"wp-block-embed__wrapper\">\n<div class=\"video-container\"><iframe title=\"Nakayama Tomae Iromono, Nakayama Kiita Nashiji, Nakayama Suita Maruka\" width=\"1170\" height=\"658\" src=\"https:\/\/www.youtube.com\/embed\/IZ-D-qy6bYY?start=3&#038;feature=oembed\" frameborder=\"0\" allow=\"accelerometer; autoplay; clipboard-write; encrypted-media; gyroscope; picture-in-picture; web-share\" referrerpolicy=\"strict-origin-when-cross-origin\" allowfullscreen><\/iframe><\/div>\n<\/div><\/figure>\n\n\n\n<p><strong>Nakayama (\u4e2d\u5c71)<\/strong><\/p>\n\n\n\n<p>Esta mina oriental \u00e9 famosa pelas suas pedras de acabamento de afia\u00e7\u00e3o awasedo e \u00e9 talvez a mais procurada entre os profissionais e amadores da afia\u00e7\u00e3o. Em compara\u00e7\u00e3o com as pedras de dureza e finura semelhantes de outras minas, as pedras Nakayama s\u00e3o conhecidas pela sua resposta de afia\u00e7\u00e3o mais agrad\u00e1vel e alta velocidade de trabalho. As pedras com v\u00e1rias camadas (Hondomae, Shikitomae) e Kiita s\u00e3o particularmente apreciadas.<\/p>","protected":false},"excerpt":{"rendered":"<ul>\n<li>Adequado para o acabamento de l\u00e2minas de barbear, facas, tesouras, ferramentas de carpintaria e outras.<\/li>\n<li>Dimens\u00f5es: 208x76x41 mm<\/li>\n<li>Peso: 1600 g<\/li>\n<li>Dureza: Lv 4<\/li>\n<li>A superf\u00edcie \u00e9 lisa e est\u00e1 pronta a ser utilizada.<\/li>\n<li>Recomendamos que trabalhe com \u00e1gua morna, uma vez que a \u00e1gua fria prejudica a velocidade e a resposta<\/li>\n<\/ul>","protected":false},"featured_media":2362,"comment_status":"open","ping_status":"closed","template":"","meta":[],"product_brand":[],"product_cat":[22],"product_tag":[41,49,48,67],"class_list":{"0":"post-2357","1":"product","2":"type-product","3":"status-publish","4":"has-post-thumbnail","6":"product_cat-jnats","7":"product_tag-iromono","8":"product_tag-nakayama","9":"product_tag-nashiji","10":"product_tag-tomae","11":"product_shipping_class-iprastas","13":"first","14":"instock","15":"shipping-taxable","16":"purchasable","17":"product-type-simple"},"_links":{"self":[{"href":"https:\/\/jnats.eu\/pt\/wp-json\/wp\/v2\/product\/2357","targetHints":{"allow":["GET"]}}],"collection":[{"href":"https:\/\/jnats.eu\/pt\/wp-json\/wp\/v2\/product"}],"about":[{"href":"https:\/\/jnats.eu\/pt\/wp-json\/wp\/v2\/types\/product"}],"replies":[{"embeddable":true,"href":"https:\/\/jnats.eu\/pt\/wp-json\/wp\/v2\/comments?post=2357"}],"wp:featuredmedia":[{"embeddable":true,"href":"https:\/\/jnats.eu\/pt\/wp-json\/wp\/v2\/media\/2362"}],"wp:attachment":[{"href":"https:\/\/jnats.eu\/pt\/wp-json\/wp\/v2\/media?parent=2357"}],"wp:term":[{"taxonomy":"product_brand","embeddable":true,"href":"https:\/\/jnats.eu\/pt\/wp-json\/wp\/v2\/product_brand?post=2357"},{"taxonomy":"product_cat","embeddable":true,"href":"https:\/\/jnats.eu\/pt\/wp-json\/wp\/v2\/product_cat?post=2357"},{"taxonomy":"product_tag","embeddable":true,"href":"https:\/\/jnats.eu\/pt\/wp-json\/wp\/v2\/product_tag?post=2357"}],"curies":[{"name":"wp","href":"https:\/\/api.w.org\/{rel}","templated":true}]}}