{"id":2364,"date":"2024-05-01T11:24:39","date_gmt":"2024-05-01T08:24:39","guid":{"rendered":"http:\/\/jnats.eu\/?post_type=product&#038;p=2364"},"modified":"2024-10-20T15:02:06","modified_gmt":"2024-10-20T12:02:06","slug":"nakayama-suita-maruka-natural-whetstone","status":"publish","type":"product","link":"https:\/\/jnats.eu\/pt\/produto-2\/nakayama-suita-maruka-natural-whetstone\/","title":{"rendered":"Nakayama Suite Maruka Pedra de amolar natural \u00a0"},"content":{"rendered":"<p>Uma rara e grande Nakayama Suita, cujo selo Maruka j\u00e1 est\u00e1 gasto, mas n\u00e3o h\u00e1 pedras com que a confundir. Esta pedra \u00e9 muito r\u00e1pida e fina, e pode ser chamada de pedra de acabamento de afia\u00e7\u00e3o de sonho. \u00c9 adequada para todas as aplica\u00e7\u00f5es que requerem uma pedra fina - ferramentas, facas e l\u00e2minas de barbear. <\/p>\n\n\n\n<p>Uma pedra branca e limpa, sem os buracos caracter\u00edsticos da Suita, chamada <em>com<\/em>com algumas manchas castanhas n\u00e3o nocivas.<\/p>\n\n\n\n<p>Especialmente para l\u00e2minas de barbear, esta pedra \u00e9 bastante interessante. N\u00e3o s\u00f3 \u00e9 um \u00f3timo pr\u00e9-acabamento com suspens\u00e3o dilu\u00edda ou \u00e1gua simples, como tamb\u00e9m pode acabar muito bem.<\/p>\n\n\n\n<figure class=\"wp-block-embed is-type-video is-provider-youtube wp-block-embed-youtube wp-embed-aspect-16-9 wp-has-aspect-ratio\"><div class=\"wp-block-embed__wrapper\">\n<div class=\"video-container\"><iframe title=\"Nakayama Tomae Iromono, Nakayama Kiita Nashiji, Nakayama Suita Maruka\" width=\"1170\" height=\"658\" src=\"https:\/\/www.youtube.com\/embed\/IZ-D-qy6bYY?start=415&#038;feature=oembed\" frameborder=\"0\" allow=\"accelerometer; autoplay; clipboard-write; encrypted-media; gyroscope; picture-in-picture; web-share\" referrerpolicy=\"strict-origin-when-cross-origin\" allowfullscreen><\/iframe><\/div>\n<\/div><\/figure>\n\n\n\n<p>A Pedra Nakayama \u00e9 famosa pela marca Maruka de Kato Mutsuyama com a letra \"ka\" e o selo Seihonzan \u32d5\u6b63\u672c\u5c71. Kato Mutsuyama foi o primeiro a esculpir um selo deste g\u00e9nero. As pedras de grandes dimens\u00f5es, grandes ou em bruto n\u00e3o tinham originalmente a marca Maruka. No entanto, existem tamb\u00e9m produtos de qualidade e pedras de afiar n\u00e3o padronizadas que foram posteriormente carimbadas com o selo Maruka durante o processamento final no com\u00e9rcio retalhista, bem como pedras cortadas pelo vendedor a partir de pedras brutas sem o selo \u02bb\u672c\u5c71. Al\u00e9m disso, as pedras de amolar Nakayama vendidas antes do per\u00edodo de carimbagem n\u00e3o ostentam o carimbo Maruka. <\/p>\n\n\n\n<p>Em todo o caso, se se tratar de uma pedra Kato Mutsuyama extra\u00edda desta mina, ser\u00e1 a mesma pedra Nakayama, quer tenha ou n\u00e3o a marca Maruka. O pr\u00f3prio selo \u32d5\u6b63\u672c\u5c71 pode ou n\u00e3o estar presente, consoante o canal de distribui\u00e7\u00e3o, e n\u00e3o garante a qualidade. N\u00e3o s\u00f3 a Nakayama, mas tamb\u00e9m outras pedras de amolar naturais s\u00e3o cada uma diferente e n\u00e3o h\u00e1 duas iguais. Al\u00e9m disso, passaram muitos anos desde o encerramento da mina, pelo que h\u00e1 cada vez menos exemplares de qualidade no mercado todos os anos.<\/p>\n\n\n\n<p>Devido \u00e0 sua raridade e ao poder do nome da marca, existem muitas falsifica\u00e7\u00f5es, pelo que recomendamos que n\u00e3o confie demasiado no selo Maruka e que avalie a pedra com os seus pr\u00f3prios olhos.&nbsp;<\/p>\n\n\n\n<p>A mina de Kato situa-se nas montanhas de Nakayama, onde se extra\u00edam pedras de afiar, e recebeu este nome porque era propriedade do Sr. Kato. \"A Hatanaka Whetstone \u00e9 uma antiga loja de pedras, estabelecida h\u00e1 muito tempo em Quioto. Ap\u00f3s a guerra, a venda de pedras de amolar Nakayama extra\u00eddas por Kato em Utsuyama foi gerida por um grupo de cinco pessoas de uma importante loja de pedra em Quioto. Entre eles, Hatanaka Toishi ter\u00e1 sido, durante algum tempo, o de maior confian\u00e7a dos propriet\u00e1rios das montanhas. Em 1952, Hatanaka Toishi registou a marca \"Junshin Honzan\" (\u7d14\u771f\u6b63\u672c\u5c71) para se distinguir de outros retalhistas. Depois de 1980, os direitos sobre a mina de Nakayama foram adquiridos pela Hatanaka Whetstone, que se tornou propriet\u00e1ria da marca Maruka. Ao mesmo tempo, as pedras desta mina foram tamb\u00e9m distribu\u00eddas por outros retalhistas.<\/p>","protected":false},"excerpt":{"rendered":"<ul>\n<li>Adequado para o acabamento de l\u00e2minas de barbear, facas, tesouras, ferramentas de carpintaria e outras.<\/li>\n<li>Dimens\u00f5es: 200x71x33 mm<\/li>\n<li>Peso: 1130 g<\/li>\n<li>Dureza: Lv 5<\/li>\n<li>A superf\u00edcie \u00e9 lisa e est\u00e1 pronta a ser utilizada.<\/li>\n<li>Recomendamos que trabalhe com \u00e1gua morna, uma vez que a \u00e1gua fria prejudica a velocidade e a resposta<\/li>\n<\/ul>","protected":false},"featured_media":2370,"comment_status":"open","ping_status":"closed","template":"","meta":[],"product_brand":[],"product_cat":[22],"product_tag":[58,49,50],"class_list":{"0":"post-2364","1":"product","2":"type-product","3":"status-publish","4":"has-post-thumbnail","6":"product_cat-jnats","7":"product_tag-maruka","8":"product_tag-nakayama","9":"product_tag-suita","10":"product_shipping_class-iprastas","12":"first","13":"outofstock","14":"shipping-taxable","15":"purchasable","16":"product-type-simple"},"_links":{"self":[{"href":"https:\/\/jnats.eu\/pt\/wp-json\/wp\/v2\/product\/2364","targetHints":{"allow":["GET"]}}],"collection":[{"href":"https:\/\/jnats.eu\/pt\/wp-json\/wp\/v2\/product"}],"about":[{"href":"https:\/\/jnats.eu\/pt\/wp-json\/wp\/v2\/types\/product"}],"replies":[{"embeddable":true,"href":"https:\/\/jnats.eu\/pt\/wp-json\/wp\/v2\/comments?post=2364"}],"wp:featuredmedia":[{"embeddable":true,"href":"https:\/\/jnats.eu\/pt\/wp-json\/wp\/v2\/media\/2370"}],"wp:attachment":[{"href":"https:\/\/jnats.eu\/pt\/wp-json\/wp\/v2\/media?parent=2364"}],"wp:term":[{"taxonomy":"product_brand","embeddable":true,"href":"https:\/\/jnats.eu\/pt\/wp-json\/wp\/v2\/product_brand?post=2364"},{"taxonomy":"product_cat","embeddable":true,"href":"https:\/\/jnats.eu\/pt\/wp-json\/wp\/v2\/product_cat?post=2364"},{"taxonomy":"product_tag","embeddable":true,"href":"https:\/\/jnats.eu\/pt\/wp-json\/wp\/v2\/product_tag?post=2364"}],"curies":[{"name":"wp","href":"https:\/\/api.w.org\/{rel}","templated":true}]}}