{"id":2400,"date":"2024-05-02T11:05:42","date_gmt":"2024-05-02T08:05:42","guid":{"rendered":"http:\/\/jnats.eu\/?post_type=product&#038;p=2400"},"modified":"2025-04-28T23:24:20","modified_gmt":"2025-04-28T20:24:20","slug":"nakayama-iromono-japoniskas-naturalus-akmuo-galandimui-2","status":"publish","type":"product","link":"https:\/\/jnats.eu\/pt\/produto-2\/nakayama-iromono-japoniskas-naturalus-akmuo-galandimui-2\/","title":{"rendered":"Pedra natural japonesa Nakayama Iromono para afiar"},"content":{"rendered":"<p>Este belo iromono Nakayama \u00e9 uma pedra natural japonesa de dureza m\u00e9dia, perfeita para terminar a afia\u00e7\u00e3o de qualquer ferramenta. Pode ser facilmente afiada sem um prego ou uma placa de diamante, uma vez que a pedra liberta a sua suspens\u00e3o num salpico.<\/p>\n\n\n\n<p><strong>Nakayama (\u4e2d\u5c71)<\/strong><\/p>\n\n\n\n<p>Esta mina oriental \u00e9 famosa pelas suas pedras de acabamento para afiar e \u00e9 talvez a mais procurada pelos profissionais e amadores da afia\u00e7\u00e3o. Em compara\u00e7\u00e3o com as pedras de dureza e finura semelhantes de outras minas, as pedras Nakayama s\u00e3o conhecidas pela sua sensa\u00e7\u00e3o de afia\u00e7\u00e3o mais agrad\u00e1vel e alta velocidade de trabalho. As pedras multi-camadas (Hondomae, Shikitomae) e Kiita s\u00e3o particularmente apreciadas.<\/p>","protected":false},"excerpt":{"rendered":"<ul>\n<li>Adequado para o acabamento de l\u00e2minas de barbear, facas, tesouras, ferramentas de carpintaria e outras.<\/li>\n<li>Dimens\u00f5es aprox.: 204x75x22 mm<\/li>\n<li>Peso: 970 g<\/li>\n<li>Dureza: Lv 4<\/li>\n<li>Superf\u00edcie lisa e pronta a utilizar<\/li>\n<\/ul>","protected":false},"featured_media":2408,"comment_status":"open","ping_status":"closed","template":"","meta":[],"product_brand":[],"product_cat":[22],"product_tag":[41,49],"class_list":{"0":"post-2400","1":"product","2":"type-product","3":"status-publish","4":"has-post-thumbnail","6":"product_cat-jnats","7":"product_tag-iromono","8":"product_tag-nakayama","9":"product_shipping_class-iprastas","11":"first","12":"outofstock","13":"shipping-taxable","14":"purchasable","15":"product-type-simple"},"_links":{"self":[{"href":"https:\/\/jnats.eu\/pt\/wp-json\/wp\/v2\/product\/2400","targetHints":{"allow":["GET"]}}],"collection":[{"href":"https:\/\/jnats.eu\/pt\/wp-json\/wp\/v2\/product"}],"about":[{"href":"https:\/\/jnats.eu\/pt\/wp-json\/wp\/v2\/types\/product"}],"replies":[{"embeddable":true,"href":"https:\/\/jnats.eu\/pt\/wp-json\/wp\/v2\/comments?post=2400"}],"wp:featuredmedia":[{"embeddable":true,"href":"https:\/\/jnats.eu\/pt\/wp-json\/wp\/v2\/media\/2408"}],"wp:attachment":[{"href":"https:\/\/jnats.eu\/pt\/wp-json\/wp\/v2\/media?parent=2400"}],"wp:term":[{"taxonomy":"product_brand","embeddable":true,"href":"https:\/\/jnats.eu\/pt\/wp-json\/wp\/v2\/product_brand?post=2400"},{"taxonomy":"product_cat","embeddable":true,"href":"https:\/\/jnats.eu\/pt\/wp-json\/wp\/v2\/product_cat?post=2400"},{"taxonomy":"product_tag","embeddable":true,"href":"https:\/\/jnats.eu\/pt\/wp-json\/wp\/v2\/product_tag?post=2400"}],"curies":[{"name":"wp","href":"https:\/\/api.w.org\/{rel}","templated":true}]}}