{"id":2409,"date":"2024-05-02T11:17:24","date_gmt":"2024-05-02T08:17:24","guid":{"rendered":"http:\/\/jnats.eu\/?post_type=product&#038;p=2409"},"modified":"2025-03-26T14:29:09","modified_gmt":"2025-03-26T12:29:09","slug":"ohira-koyama-imanishi","status":"publish","type":"product","link":"https:\/\/jnats.eu\/pt\/produto-2\/ohira-koyama-imanishi\/","title":{"rendered":"Ohira Koyama Imanishi"},"content":{"rendered":"<p>A finura desta pedra de afiar natural de alta densidade \u00e9 aproximadamente equivalente ao n\u00famero sint\u00e9tico #8000. Para acelerar o trabalho antes do in\u00edcio de cada sess\u00e3o de afia\u00e7\u00e3o, recomenda-se a utiliza\u00e7\u00e3o de uma pedra Nagura ou de uma placa de diamante para formar uma pasta e utilizar \u00e1gua como lubrificante para um melhor retorno da afia\u00e7\u00e3o. O Ohira Koyama Imanishi pode trabalhar com sucesso sem estas \"dan\u00e7as de tambor\".<\/p>\n\n\n\n<p>As pedras de afiar japonesas n\u00e3o precisam de ser molhadas. Basta aplicar \u00e1gua na superf\u00edcie quando estiver pronto a utilizar. Quando terminar, enxag\u00fae e deixe secar \u00e0 temperatura ambiente. N\u00e3o deixar na \u00e1gua.<\/p>","protected":false},"excerpt":{"rendered":"<ul>\n<li>Adequado para o acabamento de facas, carpintaria e outras ferramentas. Para l\u00e2minas de barbear - um pr\u00e9-acabamento.<\/li>\n<li>Dimens\u00f5es aprox.: 205x78x33 mm<\/li>\n<li>Peso: 1328 g<\/li>\n<li>Dureza: Lv 4.5<\/li>\n<li>Superf\u00edcie lisa e pronta a utilizar<\/li>\n<\/ul>","protected":false},"featured_media":2414,"comment_status":"open","ping_status":"closed","template":"","meta":[],"product_brand":[],"product_cat":[22],"product_tag":[254,271,47],"class_list":{"0":"post-2409","1":"product","2":"type-product","3":"status-publish","4":"has-post-thumbnail","6":"product_cat-jnats","7":"product_tag-imanishi","8":"product_tag-koyama","9":"product_tag-ohira","10":"product_shipping_class-iprastas","12":"first","13":"outofstock","14":"sale","15":"shipping-taxable","16":"purchasable","17":"product-type-simple"},"_links":{"self":[{"href":"https:\/\/jnats.eu\/pt\/wp-json\/wp\/v2\/product\/2409","targetHints":{"allow":["GET"]}}],"collection":[{"href":"https:\/\/jnats.eu\/pt\/wp-json\/wp\/v2\/product"}],"about":[{"href":"https:\/\/jnats.eu\/pt\/wp-json\/wp\/v2\/types\/product"}],"replies":[{"embeddable":true,"href":"https:\/\/jnats.eu\/pt\/wp-json\/wp\/v2\/comments?post=2409"}],"wp:featuredmedia":[{"embeddable":true,"href":"https:\/\/jnats.eu\/pt\/wp-json\/wp\/v2\/media\/2414"}],"wp:attachment":[{"href":"https:\/\/jnats.eu\/pt\/wp-json\/wp\/v2\/media?parent=2409"}],"wp:term":[{"taxonomy":"product_brand","embeddable":true,"href":"https:\/\/jnats.eu\/pt\/wp-json\/wp\/v2\/product_brand?post=2409"},{"taxonomy":"product_cat","embeddable":true,"href":"https:\/\/jnats.eu\/pt\/wp-json\/wp\/v2\/product_cat?post=2409"},{"taxonomy":"product_tag","embeddable":true,"href":"https:\/\/jnats.eu\/pt\/wp-json\/wp\/v2\/product_tag?post=2409"}],"curies":[{"name":"wp","href":"https:\/\/api.w.org\/{rel}","templated":true}]}}