{"id":2417,"date":"2024-05-03T09:02:02","date_gmt":"2024-05-03T06:02:02","guid":{"rendered":"http:\/\/jnats.eu\/?post_type=product&#038;p=2417"},"modified":"2024-05-03T09:42:24","modified_gmt":"2024-05-03T06:42:24","slug":"hatahoshi-hatanaka-%e7%b4%94%e7%9c%9f%e6%ad%a3%e6%9c%ac%e5%b1%b1-jyunshin-shohonyama","status":"publish","type":"product","link":"https:\/\/jnats.eu\/pt\/produto-2\/hatahoshi-hatanaka-%e7%b4%94%e7%9c%9f%e6%ad%a3%e6%9c%ac%e5%b1%b1-jyunshin-shohonyama\/","title":{"rendered":"Hatahoshi Hatanaka, \u7d14\u771f\u6b63\u672c\u5c71 Jyunshin sh\u014dhonyama Pedras de amolar"},"content":{"rendered":"<p>Atualmente, as \u00fanicas pedras de afiar Nakayama aut\u00eanticas e novas est\u00e3o a ser colocadas no mercado por Hatanaka, o \u00faltimo propriet\u00e1rio da mina. S\u00f3 ele det\u00e9m o direito de utilizar o nome da mina Nakayama, bem como os nomes protegidos por direitos de autor e os carimbos de tinta a ela associados, apesar de a mina estar fisicamente encerrada. Ele manteve o direito de carimbar qualquer invent\u00e1rio remanescente de gera\u00e7\u00f5es do neg\u00f3cio da sua fam\u00edlia, e pode presumir-se que muitas das suas novas pedras s\u00e3o derivadas dos vastos stocks de bruto que foram extra\u00eddos desde que o seu pai era s\u00f3cio da Kato.<\/p>\n\n\n\n<p>Hatanaka gere o neg\u00f3cio de forma t\u00e3o inteligente como Kato, sem inundar o mercado com pedras que lhe chegam atrav\u00e9s de canais selecionados. Tamb\u00e9m se apercebe das actividades dos falsificadores de selos. A sua empresa est\u00e1 no topo da pir\u00e2mide do mundo do caramelo e a sua reputa\u00e7\u00e3o \u00e9 primordial para ele, raz\u00e3o pela qual as pedras Hatahoshi Hatanaka aut\u00eanticas s\u00e3o sempre da mais alta qualidade e s\u00e3o muito apreciadas.<\/p>\n\n\n\n<figure class=\"wp-block-embed is-type-video is-provider-youtube wp-block-embed-youtube wp-embed-aspect-16-9 wp-has-aspect-ratio\"><div class=\"wp-block-embed__wrapper\">\n<div class=\"video-container\"><iframe title=\"Hatahoshi Hatanaka, \u7d14\u771f\u6b63\u672c\u5c71 Pedras de A\u00e7o de Jyunshin\" width=\"1170\" height=\"658\" src=\"https:\/\/www.youtube.com\/embed\/ekLZW0ghpeU?feature=oembed\" frameborder=\"0\" allow=\"accelerometer; autoplay; clipboard-write; encrypted-media; gyroscope; picture-in-picture; web-share\" referrerpolicy=\"strict-origin-when-cross-origin\" allowfullscreen><\/iframe><\/div>\n<\/div><\/figure>","protected":false},"excerpt":{"rendered":"<p>Obtido de<\/p>","protected":false},"featured_media":2420,"comment_status":"open","ping_status":"closed","template":"","meta":[],"product_brand":[],"product_cat":[22],"product_tag":[273,269,274,272],"class_list":{"0":"post-2417","1":"product","2":"type-product","3":"status-publish","4":"has-post-thumbnail","6":"product_cat-jnats","7":"product_tag-hatahoshi","8":"product_tag-hatanaka","9":"product_tag-jyunshin","10":"product_tag-272","12":"first","13":"outofstock","14":"shipping-taxable","15":"purchasable","16":"product-type-simple"},"_links":{"self":[{"href":"https:\/\/jnats.eu\/pt\/wp-json\/wp\/v2\/product\/2417","targetHints":{"allow":["GET"]}}],"collection":[{"href":"https:\/\/jnats.eu\/pt\/wp-json\/wp\/v2\/product"}],"about":[{"href":"https:\/\/jnats.eu\/pt\/wp-json\/wp\/v2\/types\/product"}],"replies":[{"embeddable":true,"href":"https:\/\/jnats.eu\/pt\/wp-json\/wp\/v2\/comments?post=2417"}],"wp:featuredmedia":[{"embeddable":true,"href":"https:\/\/jnats.eu\/pt\/wp-json\/wp\/v2\/media\/2420"}],"wp:attachment":[{"href":"https:\/\/jnats.eu\/pt\/wp-json\/wp\/v2\/media?parent=2417"}],"wp:term":[{"taxonomy":"product_brand","embeddable":true,"href":"https:\/\/jnats.eu\/pt\/wp-json\/wp\/v2\/product_brand?post=2417"},{"taxonomy":"product_cat","embeddable":true,"href":"https:\/\/jnats.eu\/pt\/wp-json\/wp\/v2\/product_cat?post=2417"},{"taxonomy":"product_tag","embeddable":true,"href":"https:\/\/jnats.eu\/pt\/wp-json\/wp\/v2\/product_tag?post=2417"}],"curies":[{"name":"wp","href":"https:\/\/api.w.org\/{rel}","templated":true}]}}