{"id":2421,"date":"2024-05-03T09:27:54","date_gmt":"2024-05-03T06:27:54","guid":{"rendered":"http:\/\/jnats.eu\/?post_type=product&#038;p=2421"},"modified":"2024-10-15T09:03:23","modified_gmt":"2024-10-15T06:03:23","slug":"narutaki-specialiai-skustuvams-atrinkti-uzbaigimo-akmenys","status":"publish","type":"product","link":"https:\/\/jnats.eu\/pt\/produto-2\/narutaki-specialiai-skustuvams-atrinkti-uzbaigimo-akmenys\/","title":{"rendered":"Pedras de acabamento Narutaki especialmente seleccionadas para l\u00e2minas de barbear"},"content":{"rendered":"<p>Pedras de acabamento vintage da mina Narutaki, especialmente seleccionadas para l\u00e2minas de barbear. Em meados do s\u00e9culo passado, estas pedras eram muito utilizadas e a compet\u00eancia das pessoas que as trabalhavam \u00e9 duvidosa. Por conseguinte, podemos garantir um barbear excelente ap\u00f3s a afia\u00e7\u00e3o com estas pedras de acabamento.<\/p>\n\n\n\n<p>A Nagura n\u00e3o \u00e9 necess\u00e1ria, uma vez que as pedras n\u00e3o s\u00e3o muito duras e libertam a sua suspens\u00e3o.<\/p>\n\n\n\n<p><strong>Narutaki (\u9cf4\u7027, \u9cf4\u6edd)<\/strong><br>Uma mina oriental que produz pedras de acabamento, muito apreciadas pelos togishi para jizuya. Curiosamente, o mesmo termo \u00e9 frequentemente utilizado para designar a regi\u00e3o onde s\u00e3o extra\u00eddas as pedras da mina oriental. Atualmente, as pedras da mina de Hon-Narutaki s\u00e3o muito raras no com\u00e9rcio.<\/p>\n\n\n\n<figure class=\"wp-block-embed is-type-video is-provider-youtube wp-block-embed-youtube wp-embed-aspect-16-9 wp-has-aspect-ratio\"><div class=\"wp-block-embed__wrapper\">\n<div class=\"video-container\"><iframe title=\"Pedras de amolar de acabamento Narutaki especialmente seleccionadas para l\u00e2minas de barbear\" width=\"1170\" height=\"658\" src=\"https:\/\/www.youtube.com\/embed\/ziKIUoWWSCc?feature=oembed\" frameborder=\"0\" allow=\"accelerometer; autoplay; clipboard-write; encrypted-media; gyroscope; picture-in-picture; web-share\" referrerpolicy=\"strict-origin-when-cross-origin\" allowfullscreen><\/iframe><\/div>\n<\/div><\/figure>","protected":false},"excerpt":{"rendered":"<ol>\n<li><del>Dimens\u00f5es: 163x56x22 mm; Peso 528 g.\u00a0<\/del> Obtido de<\/li>\n<li><del>Dimens\u00f5es: 156x56x26 mm; Peso 559 g.<\/del> Obtido de<\/li>\n<li><del>Dimens\u00f5es: 148x52x26 mm; Peso 489 g.<\/del><\/li>\n<li><del>Dimens\u00f5es: 155x57x24 mm; Peso 554 g.<\/del> <strong>Sem tampa da caixa.<\/strong><\/li>\n<\/ol>","protected":false},"featured_media":2429,"comment_status":"open","ping_status":"closed","template":"","meta":[],"product_brand":[],"product_cat":[22],"product_tag":[146],"class_list":{"0":"post-2421","1":"product","2":"type-product","3":"status-publish","4":"has-post-thumbnail","6":"product_cat-jnats","7":"product_tag-narutaki","8":"product_shipping_class-iprastas","10":"first","11":"outofstock","12":"sold-individually","13":"shipping-taxable","14":"purchasable","15":"product-type-variable"},"_links":{"self":[{"href":"https:\/\/jnats.eu\/pt\/wp-json\/wp\/v2\/product\/2421","targetHints":{"allow":["GET"]}}],"collection":[{"href":"https:\/\/jnats.eu\/pt\/wp-json\/wp\/v2\/product"}],"about":[{"href":"https:\/\/jnats.eu\/pt\/wp-json\/wp\/v2\/types\/product"}],"replies":[{"embeddable":true,"href":"https:\/\/jnats.eu\/pt\/wp-json\/wp\/v2\/comments?post=2421"}],"wp:featuredmedia":[{"embeddable":true,"href":"https:\/\/jnats.eu\/pt\/wp-json\/wp\/v2\/media\/2429"}],"wp:attachment":[{"href":"https:\/\/jnats.eu\/pt\/wp-json\/wp\/v2\/media?parent=2421"}],"wp:term":[{"taxonomy":"product_brand","embeddable":true,"href":"https:\/\/jnats.eu\/pt\/wp-json\/wp\/v2\/product_brand?post=2421"},{"taxonomy":"product_cat","embeddable":true,"href":"https:\/\/jnats.eu\/pt\/wp-json\/wp\/v2\/product_cat?post=2421"},{"taxonomy":"product_tag","embeddable":true,"href":"https:\/\/jnats.eu\/pt\/wp-json\/wp\/v2\/product_tag?post=2421"}],"curies":[{"name":"wp","href":"https:\/\/api.w.org\/{rel}","templated":true}]}}