{"id":2434,"date":"2024-05-03T10:27:43","date_gmt":"2024-05-03T07:27:43","guid":{"rendered":"http:\/\/jnats.eu\/?post_type=product&#038;p=2434"},"modified":"2024-06-29T15:55:34","modified_gmt":"2024-06-29T12:55:34","slug":"narutaki-awasedo-maruichi-for-kamisori","status":"publish","type":"product","link":"https:\/\/jnats.eu\/pt\/produto-2\/narutaki-awasedo-maruichi-for-kamisori\/","title":{"rendered":"NARUTAKI AWASEDO Maruichi para Kamisori\u00a0"},"content":{"rendered":"<p>Os Narutak-toi s\u00e3o pedras finas das zonas de Narutaki, Umegahata e Takao.<\/p>\n\n\n\n<p>A pedra natural japonesa NARUTAKI AWASEDO Maruichi para Kamisori, especialmente selecionada para o acabamento da afia\u00e7\u00e3o de l\u00e2minas de barbear, trabalha rapidamente e produz uma quantidade suficiente da sua suspens\u00e3o. A suspens\u00e3o n\u00e3o necessita de uma pedra mais macia (mikawa ou tomo nagura) ou de uma placa de diamante gasta.<\/p>\n\n\n\n<p>Na faca de a\u00e7o Aogami 2, o cinzento do Hagane torna-se cinzento espelhado, enquanto o Jigae, mais suave, tem um acabamento prateado mate brilhante.<\/p>\n\n\n\n<p>As pedras de galandiniom de Narutaki s\u00e3o algumas das mais finas extra\u00eddas em Quioto h\u00e1 quase 900 anos. Na era dos samurais, era muito importante como quest\u00e3o militar, pois servia para afiar as armas, pelo que durante centenas de anos as montanhas foram guardadas pelo imperador, shogun ou governo japon\u00eas. S\u00f3 a fam\u00edlia Honma explorou a montanha durante muito tempo. O Narutaki-to era utilizado para afiar e polir espadas japonesas, mas pedras mais pequenas ou de menor qualidade eram tamb\u00e9m utilizadas por Kanna (cinzel japon\u00eas), Obliamsl, Kamisori e outros.<\/p>\n\n\n\n<p>A pedra de amolar natural tem uma escala de trabalho maior do que a pedra artificial, pelo que n\u00e3o saberemos o resultado exato at\u00e9 terminarmos a afia\u00e7\u00e3o. O abrasivo das pedras de amolar artificiais n\u00e3o se decomp\u00f5e em tamanhos mais pequenos, ao passo que as part\u00edculas naturais podem ser decompostas em tamanhos mais pequenos que s\u00e3o misturados com os res\u00edduos de a\u00e7o, produzindo assim um acabamento Jigane e Hagane adequado.<\/p>","protected":false},"excerpt":{"rendered":"<ul>\n<li>Adequado para o acabamento de l\u00e2minas de barbear, facas, ferramentas de carpintaria e outras ferramentas.<\/li>\n<li>Dimens\u00f5es aprox.: 133x82x24 mm<\/li>\n<li>Peso: 609 g<\/li>\n<li>Dureza: Lv 5<\/li>\n<li>Superf\u00edcie lisa e pronta a utilizar<\/li>\n<\/ul>","protected":false},"featured_media":2439,"comment_status":"open","ping_status":"closed","template":"","meta":[],"product_brand":[],"product_cat":[22],"product_tag":[40,25,275,146],"class_list":{"0":"post-2434","1":"product","2":"type-product","3":"status-publish","4":"has-post-thumbnail","6":"product_cat-jnats","7":"product_tag-awasedo","8":"product_tag-kamisori","9":"product_tag-maruichi","10":"product_tag-narutaki","11":"product_shipping_class-iprastas","13":"first","14":"outofstock","15":"shipping-taxable","16":"purchasable","17":"product-type-simple"},"_links":{"self":[{"href":"https:\/\/jnats.eu\/pt\/wp-json\/wp\/v2\/product\/2434","targetHints":{"allow":["GET"]}}],"collection":[{"href":"https:\/\/jnats.eu\/pt\/wp-json\/wp\/v2\/product"}],"about":[{"href":"https:\/\/jnats.eu\/pt\/wp-json\/wp\/v2\/types\/product"}],"replies":[{"embeddable":true,"href":"https:\/\/jnats.eu\/pt\/wp-json\/wp\/v2\/comments?post=2434"}],"wp:featuredmedia":[{"embeddable":true,"href":"https:\/\/jnats.eu\/pt\/wp-json\/wp\/v2\/media\/2439"}],"wp:attachment":[{"href":"https:\/\/jnats.eu\/pt\/wp-json\/wp\/v2\/media?parent=2434"}],"wp:term":[{"taxonomy":"product_brand","embeddable":true,"href":"https:\/\/jnats.eu\/pt\/wp-json\/wp\/v2\/product_brand?post=2434"},{"taxonomy":"product_cat","embeddable":true,"href":"https:\/\/jnats.eu\/pt\/wp-json\/wp\/v2\/product_cat?post=2434"},{"taxonomy":"product_tag","embeddable":true,"href":"https:\/\/jnats.eu\/pt\/wp-json\/wp\/v2\/product_tag?post=2434"}],"curies":[{"name":"wp","href":"https:\/\/api.w.org\/{rel}","templated":true}]}}