{"id":2458,"date":"2024-05-03T11:07:28","date_gmt":"2024-05-03T08:07:28","guid":{"rendered":"http:\/\/jnats.eu\/?post_type=product&#038;p=2458"},"modified":"2024-06-24T12:41:55","modified_gmt":"2024-06-24T09:41:55","slug":"maruoyama-kurato-black-lotus","status":"publish","type":"product","link":"https:\/\/jnats.eu\/pt\/produto-2\/maruoyama-kurato-black-lotus\/","title":{"rendered":"Maruoyama Kurato L\u00f3tus Preto"},"content":{"rendered":"<p>O Maruoyama Kurato Black Lotus \u00e9 adequado para a afia\u00e7\u00e3o final de todos os tipos de ferramentas, tais como facas, avi\u00f5es, cinz\u00e9is, navalhas, l\u00e2minas, etc. F\u00e1cil de afiar, pode ser terminado rapidamente e depois cortar durante muito tempo com a ferramenta. <\/p>\n\n\n\n<p>O po\u00e7o de Maruo est\u00e1 localizado nas montanhas Tanba. A montanha de pedra natural no noroeste da cidade de Kameoka, conhecida como Nishimono, \u00e9 relativamente nova e data da era Meiji. Num raio de 3 km do local, existiam cerca de 500 entradas de pedra principais e combinadas, tanto grandes como pequenas. Uma delas \u00e9 o Monte Maruo, que \u00e9 atualmente explorado pela fam\u00edlia Tottori. <\/p>\n\n\n\n<p>A terceira gera\u00e7\u00e3o de Shoji e a quarta gera\u00e7\u00e3o de Yozo iniciaram a extra\u00e7\u00e3o em 1970. A mina cont\u00e9m os fil\u00f5es Suita e Tomae, formados por Honguchi, e ainda hoje s\u00e3o extra\u00eddas pedras de corte final de alta qualidade. A extra\u00e7\u00e3o \u00e9 totalmente subterr\u00e2nea, o que \u00e9 muito raro hoje em dia.<\/p>","protected":false},"excerpt":{"rendered":"<ul>\n<li>Adequado para o acabamento de l\u00e2minas de barbear, facas, ferramentas de carpintaria e outras ferramentas.<\/li>\n<li>Dimens\u00f5es aprox.: 142x64x38 mm<\/li>\n<li>Peso: 750 g<\/li>\n<li>Dureza: Lv 4.5<\/li>\n<li>Superf\u00edcie lisa e pronta a utilizar<\/li>\n<\/ul>","protected":false},"featured_media":2466,"comment_status":"open","ping_status":"closed","template":"","meta":[],"product_brand":[],"product_cat":[22],"product_tag":[277,233],"class_list":{"0":"post-2458","1":"product","2":"type-product","3":"status-publish","4":"has-post-thumbnail","6":"product_cat-jnats","7":"product_tag-lotus","8":"product_tag-maruoyama","9":"product_shipping_class-iprastas","11":"first","12":"outofstock","13":"shipping-taxable","14":"purchasable","15":"product-type-simple"},"_links":{"self":[{"href":"https:\/\/jnats.eu\/pt\/wp-json\/wp\/v2\/product\/2458","targetHints":{"allow":["GET"]}}],"collection":[{"href":"https:\/\/jnats.eu\/pt\/wp-json\/wp\/v2\/product"}],"about":[{"href":"https:\/\/jnats.eu\/pt\/wp-json\/wp\/v2\/types\/product"}],"replies":[{"embeddable":true,"href":"https:\/\/jnats.eu\/pt\/wp-json\/wp\/v2\/comments?post=2458"}],"wp:featuredmedia":[{"embeddable":true,"href":"https:\/\/jnats.eu\/pt\/wp-json\/wp\/v2\/media\/2466"}],"wp:attachment":[{"href":"https:\/\/jnats.eu\/pt\/wp-json\/wp\/v2\/media?parent=2458"}],"wp:term":[{"taxonomy":"product_brand","embeddable":true,"href":"https:\/\/jnats.eu\/pt\/wp-json\/wp\/v2\/product_brand?post=2458"},{"taxonomy":"product_cat","embeddable":true,"href":"https:\/\/jnats.eu\/pt\/wp-json\/wp\/v2\/product_cat?post=2458"},{"taxonomy":"product_tag","embeddable":true,"href":"https:\/\/jnats.eu\/pt\/wp-json\/wp\/v2\/product_tag?post=2458"}],"curies":[{"name":"wp","href":"https:\/\/api.w.org\/{rel}","templated":true}]}}