{"id":2468,"date":"2024-05-03T11:12:03","date_gmt":"2024-05-03T08:12:03","guid":{"rendered":"http:\/\/jnats.eu\/?post_type=product&#038;p=2468"},"modified":"2025-09-09T08:41:05","modified_gmt":"2025-09-09T05:41:05","slug":"maruoyama-shin-ogami","status":"publish","type":"product","link":"https:\/\/jnats.eu\/pt\/produto-2\/maruoyama-shin-ogami\/","title":{"rendered":"Maruoyama Shin Ogami"},"content":{"rendered":"<p>O Maruoyama Shin Ogami \u00e9 adequado para afiar todos os tipos de ferramentas, tais como facas, plainas, cinz\u00e9is, l\u00e2minas de barbear, etc. F\u00e1cil de afiar, pode ser terminado rapidamente e bem e, em seguida, cortar por um longo tempo com a ferramenta.<\/p>\n\n\n\n<p>O po\u00e7o de Maruo est\u00e1 situado nas montanhas Tanba. A montanha de pedra natural a noroeste de Kameoka, conhecida como \"Nishimono\", \u00e9 uma mina relativamente recente, que remonta \u00e0 era Meiji (data de fim: 30 de julho de 1912; data de in\u00edcio: 25 de janeiro de 1868). Havia cerca de 500 entradas de pedra principais e combinadas, grandes e pequenas, num raio de 3 km do local. Uma delas \u00e9 a colina de Maruo, que est\u00e1 atualmente a ser escavada pela fam\u00edlia Tottori.<\/p>\n\n\n\n<p>A terceira gera\u00e7\u00e3o de Shoji e a quarta gera\u00e7\u00e3o de Yozo iniciaram a extra\u00e7\u00e3o em 1970. A mina cont\u00e9m os fil\u00f5es Suita e Tomae, formados por Honguchi, e ainda hoje s\u00e3o extra\u00eddas pedras de corte final de alta qualidade. A extra\u00e7\u00e3o \u00e9 totalmente subterr\u00e2nea, o que \u00e9 muito raro hoje em dia.<\/p>","protected":false},"excerpt":{"rendered":"<ul>\n<li>Adequado para o acabamento de l\u00e2minas de barbear, facas, ferramentas de carpintaria e outras ferramentas.<\/li>\n<li>Dimens\u00f5es: 196x40x67 mm<\/li>\n<li>Peso: 1060 g<\/li>\n<li>Dureza: Lv 4<\/li>\n<li>Superf\u00edcie lisa e pronta a utilizar<\/li>\n<\/ul>","protected":false},"featured_media":2471,"comment_status":"open","ping_status":"closed","template":"","meta":[],"product_brand":[],"product_cat":[22],"product_tag":[233],"class_list":{"0":"post-2468","1":"product","2":"type-product","3":"status-publish","4":"has-post-thumbnail","6":"product_cat-jnats","7":"product_tag-maruoyama","8":"product_shipping_class-iprastas","10":"first","11":"instock","12":"sale","13":"shipping-taxable","14":"purchasable","15":"product-type-simple"},"_links":{"self":[{"href":"https:\/\/jnats.eu\/pt\/wp-json\/wp\/v2\/product\/2468","targetHints":{"allow":["GET"]}}],"collection":[{"href":"https:\/\/jnats.eu\/pt\/wp-json\/wp\/v2\/product"}],"about":[{"href":"https:\/\/jnats.eu\/pt\/wp-json\/wp\/v2\/types\/product"}],"replies":[{"embeddable":true,"href":"https:\/\/jnats.eu\/pt\/wp-json\/wp\/v2\/comments?post=2468"}],"wp:featuredmedia":[{"embeddable":true,"href":"https:\/\/jnats.eu\/pt\/wp-json\/wp\/v2\/media\/2471"}],"wp:attachment":[{"href":"https:\/\/jnats.eu\/pt\/wp-json\/wp\/v2\/media?parent=2468"}],"wp:term":[{"taxonomy":"product_brand","embeddable":true,"href":"https:\/\/jnats.eu\/pt\/wp-json\/wp\/v2\/product_brand?post=2468"},{"taxonomy":"product_cat","embeddable":true,"href":"https:\/\/jnats.eu\/pt\/wp-json\/wp\/v2\/product_cat?post=2468"},{"taxonomy":"product_tag","embeddable":true,"href":"https:\/\/jnats.eu\/pt\/wp-json\/wp\/v2\/product_tag?post=2468"}],"curies":[{"name":"wp","href":"https:\/\/api.w.org\/{rel}","templated":true}]}}