{"id":2493,"date":"2024-05-03T12:13:07","date_gmt":"2024-05-03T09:13:07","guid":{"rendered":"http:\/\/jnats.eu\/?post_type=product&#038;p=2493"},"modified":"2024-05-04T11:06:47","modified_gmt":"2024-05-04T08:06:47","slug":"izoriyama-awasedo-imanishi","status":"publish","type":"product","link":"https:\/\/jnats.eu\/pt\/produto-2\/izoriyama-awasedo-imanishi\/","title":{"rendered":"Izoriyama Awasedo Imanishi"},"content":{"rendered":"<p>A pedra de afiar japonesa Izoriyama Awasedo Imanishi \u00e9 agrad\u00e1vel de utilizar e funciona rapidamente. As grandes dimens\u00f5es proporcionam uma sensa\u00e7\u00e3o de afia\u00e7\u00e3o extremamente est\u00e1vel e a pureza da pedra garante resultados consistentes para toda a vida. \u00c9 um \"cavalo de batalha\" que pode durar uma vida inteira para o artes\u00e3o e polidor profissional. A pedra \u00e9 robusta, mas n\u00e3o t\u00e3o dura que seja demasiado pesada para os utilizadores menos experientes. Usando uma suspens\u00e3o lateral ou de placa de diamante, apaga os riscos de 6.000 pedras sint\u00e9ticas com rapidez suficiente para deixar um agrad\u00e1vel acabamento kasumi, e com uma pedra limpa a faca pode ser melhorada para um acabamento brilhante soberbo. Esta pedra \u00e9 adequada para uma vasta gama de aplica\u00e7\u00f5es, desde facas a ferramentas e l\u00e2minas de barbear. <\/p>","protected":false},"excerpt":{"rendered":"<ul>\n<li>Adequado para o acabamento de l\u00e2minas de barbear, facas, tesouras, ferramentas de carpintaria e outras.<\/li>\n<li>Dimens\u00f5es: 205x78x45 mm<\/li>\n<li>Peso: 1850 g<\/li>\n<li>Dureza: Lv 4.5<\/li>\n<li>A superf\u00edcie \u00e9 lisa e est\u00e1 pronta a ser utilizada.<\/li>\n<li>Recomendamos que trabalhe com \u00e1gua morna, uma vez que a \u00e1gua fria prejudica a velocidade e a resposta<\/li>\n<\/ul>","protected":false},"featured_media":2494,"comment_status":"open","ping_status":"closed","template":"","meta":[],"product_brand":[],"product_cat":[22],"product_tag":[40,254,279],"class_list":{"0":"post-2493","1":"product","2":"type-product","3":"status-publish","4":"has-post-thumbnail","6":"product_cat-jnats","7":"product_tag-awasedo","8":"product_tag-imanishi","9":"product_tag-izoriyama","10":"product_shipping_class-iprastas","12":"first","13":"instock","14":"sale","15":"shipping-taxable","16":"purchasable","17":"product-type-simple"},"_links":{"self":[{"href":"https:\/\/jnats.eu\/pt\/wp-json\/wp\/v2\/product\/2493","targetHints":{"allow":["GET"]}}],"collection":[{"href":"https:\/\/jnats.eu\/pt\/wp-json\/wp\/v2\/product"}],"about":[{"href":"https:\/\/jnats.eu\/pt\/wp-json\/wp\/v2\/types\/product"}],"replies":[{"embeddable":true,"href":"https:\/\/jnats.eu\/pt\/wp-json\/wp\/v2\/comments?post=2493"}],"wp:featuredmedia":[{"embeddable":true,"href":"https:\/\/jnats.eu\/pt\/wp-json\/wp\/v2\/media\/2494"}],"wp:attachment":[{"href":"https:\/\/jnats.eu\/pt\/wp-json\/wp\/v2\/media?parent=2493"}],"wp:term":[{"taxonomy":"product_brand","embeddable":true,"href":"https:\/\/jnats.eu\/pt\/wp-json\/wp\/v2\/product_brand?post=2493"},{"taxonomy":"product_cat","embeddable":true,"href":"https:\/\/jnats.eu\/pt\/wp-json\/wp\/v2\/product_cat?post=2493"},{"taxonomy":"product_tag","embeddable":true,"href":"https:\/\/jnats.eu\/pt\/wp-json\/wp\/v2\/product_tag?post=2493"}],"curies":[{"name":"wp","href":"https:\/\/api.w.org\/{rel}","templated":true}]}}