{"id":2501,"date":"2024-05-03T12:24:14","date_gmt":"2024-05-03T09:24:14","guid":{"rendered":"http:\/\/jnats.eu\/?post_type=product&#038;p=2501"},"modified":"2025-10-08T12:27:10","modified_gmt":"2025-10-08T09:27:10","slug":"narutaki-asagi-awasedo","status":"publish","type":"product","link":"https:\/\/jnats.eu\/pt\/produto-2\/narutaki-asagi-awasedo\/","title":{"rendered":"Narutaki Asagi Awasedo"},"content":{"rendered":"<p>Homog\u00e9neo e com uma forma ideal, o Narutaki Asagi Awasedo \u00e9 adequado para afiar qualquer acabamento de ferramenta e tem boa velocidade e suavidade.<\/p>\n\n\n\n<p><strong>Narutaki (\u9cf4\u7027, \u9cf4\u6edd)<\/strong><br>Uma mina oriental que produz pedras de acabamento, muito apreciadas pelos togishi para jizuya. Curiosamente, o mesmo termo \u00e9 frequentemente utilizado para designar a regi\u00e3o onde s\u00e3o extra\u00eddas as pedras da mina oriental. Atualmente, as pedras da mina de Hon-Narutaki s\u00e3o muito raras no com\u00e9rcio.<\/p>","protected":false},"excerpt":{"rendered":"<ul>\n<li>Adequado para o acabamento de l\u00e2minas de barbear, facas, tesouras, ferramentas de carpintaria e outras.<\/li>\n<li>Dimens\u00f5es: 205x76x44 mm<\/li>\n<li>Peso: 1697 g<\/li>\n<li>Dureza: Lv 4.8<\/li>\n<li>Ambos os lados est\u00e3o prontos para a a\u00e7\u00e3o. Um deles mostra buracos <em>que aceleram o trabalho, mas n\u00e3o s\u00e3o desej\u00e1veis para as m\u00e1quinas de barbear devido ao risco de danificar as l\u00e2minas delicadas.<\/em><\/li>\n<li>Recomendamos que trabalhe com \u00e1gua morna, uma vez que a \u00e1gua fria prejudica a velocidade e a resposta<\/li>\n<\/ul>","protected":false},"featured_media":2502,"comment_status":"open","ping_status":"closed","template":"","meta":[],"product_brand":[],"product_cat":[22],"product_tag":[45,40,146],"class_list":{"0":"post-2501","1":"product","2":"type-product","3":"status-publish","4":"has-post-thumbnail","6":"product_cat-jnats","7":"product_tag-asagi","8":"product_tag-awasedo","9":"product_tag-narutaki","10":"product_shipping_class-iprastas","12":"first","13":"outofstock","14":"sale","15":"shipping-taxable","16":"purchasable","17":"product-type-simple"},"_links":{"self":[{"href":"https:\/\/jnats.eu\/pt\/wp-json\/wp\/v2\/product\/2501","targetHints":{"allow":["GET"]}}],"collection":[{"href":"https:\/\/jnats.eu\/pt\/wp-json\/wp\/v2\/product"}],"about":[{"href":"https:\/\/jnats.eu\/pt\/wp-json\/wp\/v2\/types\/product"}],"replies":[{"embeddable":true,"href":"https:\/\/jnats.eu\/pt\/wp-json\/wp\/v2\/comments?post=2501"}],"wp:featuredmedia":[{"embeddable":true,"href":"https:\/\/jnats.eu\/pt\/wp-json\/wp\/v2\/media\/2502"}],"wp:attachment":[{"href":"https:\/\/jnats.eu\/pt\/wp-json\/wp\/v2\/media?parent=2501"}],"wp:term":[{"taxonomy":"product_brand","embeddable":true,"href":"https:\/\/jnats.eu\/pt\/wp-json\/wp\/v2\/product_brand?post=2501"},{"taxonomy":"product_cat","embeddable":true,"href":"https:\/\/jnats.eu\/pt\/wp-json\/wp\/v2\/product_cat?post=2501"},{"taxonomy":"product_tag","embeddable":true,"href":"https:\/\/jnats.eu\/pt\/wp-json\/wp\/v2\/product_tag?post=2501"}],"curies":[{"name":"wp","href":"https:\/\/api.w.org\/{rel}","templated":true}]}}