{"id":2509,"date":"2024-05-03T12:31:41","date_gmt":"2024-05-03T09:31:41","guid":{"rendered":"http:\/\/jnats.eu\/?post_type=product&#038;p=2509"},"modified":"2025-09-19T08:00:58","modified_gmt":"2025-09-19T05:00:58","slug":"narutaki-suita","status":"publish","type":"product","link":"https:\/\/jnats.eu\/pt\/produto-2\/narutaki-suita\/","title":{"rendered":"Suite Narutaki"},"content":{"rendered":"<p>Homog\u00e9neo e com uma forma ideal, o Narutaki Suita \u00e9 adequado para o acabamento de qualquer afia\u00e7\u00e3o de ferramentas e caracteriza-se pela sua velocidade de trabalho m\u00e9dia e suavidade.<\/p>\n\n\n\n<p><strong>Narutaki (\u9cf4\u7027, \u9cf4\u6edd)<\/strong><br>Uma mina oriental que produz pedras de acabamento, muito apreciadas pelos togishi para jizuya. Curiosamente, o mesmo termo \u00e9 frequentemente utilizado para designar a regi\u00e3o onde s\u00e3o extra\u00eddas as pedras da mina oriental. Atualmente, as pedras da mina de Hon-Narutaki s\u00e3o muito raras no com\u00e9rcio.<\/p>","protected":false},"excerpt":{"rendered":"<ul>\n<li>Adequado para facas de acabamento, tesouras, ferramentas de carpintaria e outras ferramentas.<\/li>\n<li>Dimens\u00f5es: 213x37x35 mm<\/li>\n<li>Peso: 677 g<\/li>\n<li>Dureza: Lv 4.8<\/li>\n<li>Alisado e pronto a ser utilizado.<\/li>\n<li>Recomendamos que trabalhe com \u00e1gua morna, uma vez que a \u00e1gua fria prejudica a velocidade e a resposta<\/li>\n<\/ul>","protected":false},"featured_media":2511,"comment_status":"open","ping_status":"closed","template":"","meta":[],"product_brand":[],"product_cat":[22],"product_tag":[146,50],"class_list":{"0":"post-2509","1":"product","2":"type-product","3":"status-publish","4":"has-post-thumbnail","6":"product_cat-jnats","7":"product_tag-narutaki","8":"product_tag-suita","9":"product_shipping_class-iprastas","11":"first","12":"outofstock","13":"sale","14":"shipping-taxable","15":"purchasable","16":"product-type-simple"},"_links":{"self":[{"href":"https:\/\/jnats.eu\/pt\/wp-json\/wp\/v2\/product\/2509","targetHints":{"allow":["GET"]}}],"collection":[{"href":"https:\/\/jnats.eu\/pt\/wp-json\/wp\/v2\/product"}],"about":[{"href":"https:\/\/jnats.eu\/pt\/wp-json\/wp\/v2\/types\/product"}],"replies":[{"embeddable":true,"href":"https:\/\/jnats.eu\/pt\/wp-json\/wp\/v2\/comments?post=2509"}],"wp:featuredmedia":[{"embeddable":true,"href":"https:\/\/jnats.eu\/pt\/wp-json\/wp\/v2\/media\/2511"}],"wp:attachment":[{"href":"https:\/\/jnats.eu\/pt\/wp-json\/wp\/v2\/media?parent=2509"}],"wp:term":[{"taxonomy":"product_brand","embeddable":true,"href":"https:\/\/jnats.eu\/pt\/wp-json\/wp\/v2\/product_brand?post=2509"},{"taxonomy":"product_cat","embeddable":true,"href":"https:\/\/jnats.eu\/pt\/wp-json\/wp\/v2\/product_cat?post=2509"},{"taxonomy":"product_tag","embeddable":true,"href":"https:\/\/jnats.eu\/pt\/wp-json\/wp\/v2\/product_tag?post=2509"}],"curies":[{"name":"wp","href":"https:\/\/api.w.org\/{rel}","templated":true}]}}