{"id":251,"date":"2024-02-26T10:17:19","date_gmt":"2024-02-26T08:17:19","guid":{"rendered":"http:\/\/jnats.eu\/?post_type=product&#038;p=251"},"modified":"2025-06-19T09:10:14","modified_gmt":"2025-06-19T06:10:14","slug":"zwilling-twin-cermax-peilis-micarta-20-cm","status":"publish","type":"product","link":"https:\/\/jnats.eu\/pt\/produto-2\/zwilling-twin-cermax-peilis-micarta-20-cm\/","title":{"rendered":"Faca ZWILLING TWIN CERMAX Micarta 20 cm"},"content":{"rendered":"<figure class=\"wp-block-embed is-type-video is-provider-youtube wp-block-embed-youtube wp-embed-aspect-16-9 wp-has-aspect-ratio\"><div class=\"wp-block-embed__wrapper\">\n<div class=\"video-container\"><iframe title=\"ZWILLING TWIN CERMAX Micarta 20 cm\" width=\"1170\" height=\"658\" src=\"https:\/\/www.youtube.com\/embed\/qp55F_OcFoM?feature=oembed\" frameborder=\"0\" allow=\"accelerometer; autoplay; clipboard-write; encrypted-media; gyroscope; picture-in-picture; web-share\" referrerpolicy=\"strict-origin-when-cross-origin\" allowfullscreen><\/iframe><\/div>\n<\/div><\/figure>\n\n\n\n<ul class=\"wp-block-list\">\n<li>Comprimento total 33,6 cm<\/li>\n\n\n\n<li>Comprimento da l\u00e2mina 20,0 cm<\/li>\n\n\n\n<li>N\u00facleo do material da l\u00e2mina em a\u00e7o inoxid\u00e1vel MC66 (ZDP-189), um dos melhores microcarburetos do mundo, protegido por uma l\u00e2mina de a\u00e7o mais macio, endurecido a frio Cryodur, em forma de V.<\/li>\n\n\n\n<li>N\u00edvel de dureza 65-67 Rockwell<\/li>\n\n\n\n<li>Altura da l\u00e2mina 5,2 cm<\/li>\n\n\n\n<li>Forma da l\u00e2mina moderadamente pontiaguda<\/li>\n\n\n\n<li>Suporte e tampa da extremidade em a\u00e7o inoxid\u00e1vel resistente \u00e0 corros\u00e3o.<\/li>\n\n\n\n<li>Comprimento da pega 13,0 cm<\/li>\n\n\n\n<li>Material do cabo Micarta preto, forma ergon\u00f3mica<\/li>\n\n\n\n<li>Adequado para destros e canhotos.<\/li>\n\n\n\n<li>Peso 210 gramas<\/li>\n\n\n\n<li>Fabricado no Jap\u00e3o, marca ZWILLING HENCKELS, Solingen, Alemanha<\/li>\n\n\n\n<li>Lavar apenas \u00e0 m\u00e3o.<\/li>\n<\/ul>\n\n\n\n<p><strong>Faca que ganhou o prestigiado pr\u00e9mio IF Design Award<\/strong><\/p>\n\n\n\n<p>Uma faca de cozinha europeia com o comprimento e a forma cl\u00e1ssicos de uma faca de cozinha europeia, mas com a nitidez de uma verdadeira \"japonesa\". O n\u00facleo de a\u00e7o extremamente duro e afiado \u00e9 rodeado por camadas de a\u00e7o mais macio nos lados esquerdo e direito para evitar a corros\u00e3o e a poss\u00edvel quebra, por exemplo, se a faca cair. Esta t\u00e9cnica \u00e9 designada por \"San Mai\".<\/p>\n\n\n\n<p>A s\u00e9rie de cabos TWIN CERMAX \u00e9 feita de Micarta, um material agrad\u00e1vel ao tato e que n\u00e3o tem medo de influ\u00eancias externas e qu\u00edmicas. A dureza da l\u00e2mina de 66 HRC garante a afia\u00e7\u00e3o correta durante muito tempo. <\/p>\n\n\n\n<p>A s\u00e9rie combina um design inovador, materiais de alta qualidade e a per\u00edcia tradicional dos fabricantes de facas japoneses. A geometria lisa e biselada assegura um corte limpo sem rasgar o material a cortar.<\/p>\n\n\n\n<p>Cryodur. A faca \u00e9 endurecida a uma temperatura baixa de -196\u00b0C, o que estabiliza a estrutura do a\u00e7o. \u00c9 tamb\u00e9m aplicado um tratamento t\u00e9rmico para garantir uma afia\u00e7\u00e3o duradoura e uma dureza da l\u00e2mina extremamente impressionante. O n\u00facleo interior da l\u00e2mina \u00e9 feito de a\u00e7o especial em p\u00f3 ZDP-189. Isto torna a l\u00e2mina extremamente dura e tamb\u00e9m garante \u00f3ptimos resultados de corte. <\/p>\n\n\n\n<p>O cabo \u00e9 feito de Micarta, um material laminado feito de resina sint\u00e9tica e linho tratado com calor e press\u00e3o. A forma ergon\u00f3mica da faca torna-a muito confort\u00e1vel na m\u00e3o. Ao mesmo tempo, mant\u00e9m-se est\u00e1vel e surpreendentemente resistente. Manuseie-a apenas \u00e0 m\u00e3o e seque-a imediatamente ap\u00f3s a utiliza\u00e7\u00e3o.<\/p>\n\n\n\n<p>A faca mais afiada e melhor dispon\u00edvel da ZWILLING HENCKELS. \u00c9 a escolha perfeita para aqueles que querem a nitidez japonesa, mas s\u00e3o desencorajados pela ergonomia oriental. Com a ZWILLING TWIN CERMAX pode agora ter tudo de uma vez!<\/p>\n\n\n\n<p><\/p>","protected":false},"excerpt":{"rendered":"<ul>\n<li>Comprimento total 33,6 cm<\/li>\n<li>Comprimento da l\u00e2mina 20,0 cm<\/li>\n<li>N\u00facleo da l\u00e2mina em a\u00e7o inoxid\u00e1vel MC66 (ZDP-189) com revestimento em p\u00f3, protegido por lamina\u00e7\u00e3o, endurecido a frio Cryodur, em forma de V, um dos melhores do mundo.<\/li>\n<li>N\u00edvel de dureza 65-67 Rockwell<\/li>\n<li>Altura da l\u00e2mina 5,2 cm<\/li>\n<li>Forma da l\u00e2mina moderadamente pontiaguda<\/li>\n<li>Almofada e tampa da extremidade em a\u00e7o inoxid\u00e1vel, resistente \u00e0 ferrugem<\/li>\n<li>Comprimento da pega 13,0 cm<\/li>\n<li>Material do cabo Micarta preto, forma ergon\u00f3mica<\/li>\n<li>Adequado para utilizadores destros e canhotos<\/li>\n<li>Peso 210 gramas<\/li>\n<\/ul>","protected":false},"featured_media":1691,"comment_status":"open","ping_status":"closed","template":"","meta":[],"product_brand":[],"product_cat":[24],"product_tag":[60,59],"class_list":{"0":"post-251","1":"product","2":"type-product","3":"status-publish","4":"has-post-thumbnail","6":"product_cat-knifes","7":"product_tag-cermax","8":"product_tag-zwilling","9":"product_shipping_class-iprastas","11":"first","12":"outofstock","13":"sale","14":"shipping-taxable","15":"purchasable","16":"product-type-simple"},"_links":{"self":[{"href":"https:\/\/jnats.eu\/pt\/wp-json\/wp\/v2\/product\/251","targetHints":{"allow":["GET"]}}],"collection":[{"href":"https:\/\/jnats.eu\/pt\/wp-json\/wp\/v2\/product"}],"about":[{"href":"https:\/\/jnats.eu\/pt\/wp-json\/wp\/v2\/types\/product"}],"replies":[{"embeddable":true,"href":"https:\/\/jnats.eu\/pt\/wp-json\/wp\/v2\/comments?post=251"}],"wp:featuredmedia":[{"embeddable":true,"href":"https:\/\/jnats.eu\/pt\/wp-json\/wp\/v2\/media\/1691"}],"wp:attachment":[{"href":"https:\/\/jnats.eu\/pt\/wp-json\/wp\/v2\/media?parent=251"}],"wp:term":[{"taxonomy":"product_brand","embeddable":true,"href":"https:\/\/jnats.eu\/pt\/wp-json\/wp\/v2\/product_brand?post=251"},{"taxonomy":"product_cat","embeddable":true,"href":"https:\/\/jnats.eu\/pt\/wp-json\/wp\/v2\/product_cat?post=251"},{"taxonomy":"product_tag","embeddable":true,"href":"https:\/\/jnats.eu\/pt\/wp-json\/wp\/v2\/product_tag?post=251"}],"curies":[{"name":"wp","href":"https:\/\/api.w.org\/{rel}","templated":true}]}}