{"id":2529,"date":"2024-05-03T12:53:45","date_gmt":"2024-05-03T09:53:45","guid":{"rendered":"http:\/\/jnats.eu\/?post_type=product&#038;p=2529"},"modified":"2025-07-22T00:35:55","modified_gmt":"2025-07-21T21:35:55","slug":"ohira-awasedo-japoniskas-naturalus-akmuo-galandimui","status":"publish","type":"product","link":"https:\/\/jnats.eu\/pt\/produto-2\/ohira-awasedo-japoniskas-naturalus-akmuo-galandimui\/","title":{"rendered":"Pedra natural japonesa Ohira Awasedo para afiar"},"content":{"rendered":"<p>Pedra natural japonesa Ohira Awasedo, r\u00e1pida e homog\u00e9nea, para afiar, proveniente de uma mina atualmente em funcionamento, conhecida pela sua qualidade e variedade de rochas.<\/p>\n\n\n\n<p><strong>Ohira (\u5927\u5e73, Oohira, Ohirayama)<\/strong><br>Uma mina ocidental conhecida pela qualidade do Uchigumori e do Suita. Embora a mina ainda seja explorada ocasionalmente, \u00e9 cada vez mais dif\u00edcil encontrar Uchigumori e Ohira suita export\u00e1veis. Muitos mineiros est\u00e3o preocupados com o fornecimento a longo prazo de pedras uchigumori de qualidade. Devido \u00e0 qualidade superior do Ohira suita e do uchigumori, n\u00e3o \u00e9 raro que pedras de outras minas sejam carimbadas ou vendidas como Ohira.<\/p>","protected":false},"excerpt":{"rendered":"<ul>\n<li>Adequado para o acabamento de facas, carpintaria e outras ferramentas. Para l\u00e2minas de barbear - um pr\u00e9-acabamento.<\/li>\n<li>Dimens\u00f5es: 156x87x27 mm<\/li>\n<li>Peso: 900 g<\/li>\n<li>Dureza: Lv 4<\/li>\n<li>Superf\u00edcie lisa e pronta a utilizar<\/li>\n<\/ul>","protected":false},"featured_media":2531,"comment_status":"open","ping_status":"closed","template":"","meta":[],"product_brand":[],"product_cat":[22],"product_tag":[40,47],"class_list":{"0":"post-2529","1":"product","2":"type-product","3":"status-publish","4":"has-post-thumbnail","6":"product_cat-jnats","7":"product_tag-awasedo","8":"product_tag-ohira","9":"product_shipping_class-iprastas","11":"first","12":"outofstock","13":"sale","14":"shipping-taxable","15":"purchasable","16":"product-type-simple"},"_links":{"self":[{"href":"https:\/\/jnats.eu\/pt\/wp-json\/wp\/v2\/product\/2529","targetHints":{"allow":["GET"]}}],"collection":[{"href":"https:\/\/jnats.eu\/pt\/wp-json\/wp\/v2\/product"}],"about":[{"href":"https:\/\/jnats.eu\/pt\/wp-json\/wp\/v2\/types\/product"}],"replies":[{"embeddable":true,"href":"https:\/\/jnats.eu\/pt\/wp-json\/wp\/v2\/comments?post=2529"}],"wp:featuredmedia":[{"embeddable":true,"href":"https:\/\/jnats.eu\/pt\/wp-json\/wp\/v2\/media\/2531"}],"wp:attachment":[{"href":"https:\/\/jnats.eu\/pt\/wp-json\/wp\/v2\/media?parent=2529"}],"wp:term":[{"taxonomy":"product_brand","embeddable":true,"href":"https:\/\/jnats.eu\/pt\/wp-json\/wp\/v2\/product_brand?post=2529"},{"taxonomy":"product_cat","embeddable":true,"href":"https:\/\/jnats.eu\/pt\/wp-json\/wp\/v2\/product_cat?post=2529"},{"taxonomy":"product_tag","embeddable":true,"href":"https:\/\/jnats.eu\/pt\/wp-json\/wp\/v2\/product_tag?post=2529"}],"curies":[{"name":"wp","href":"https:\/\/api.w.org\/{rel}","templated":true}]}}