{"id":2558,"date":"2024-05-05T09:44:49","date_gmt":"2024-05-05T06:44:49","guid":{"rendered":"http:\/\/jnats.eu\/?post_type=product&#038;p=2558"},"modified":"2024-07-19T15:51:05","modified_gmt":"2024-07-19T12:51:05","slug":"techninis-jaspis-jasma-rusiskas-naturalus-galandimo-akmuo-2","status":"publish","type":"product","link":"https:\/\/jnats.eu\/pt\/produto-2\/techninis-jaspis-jasma-rusiskas-naturalus-galandimo-akmuo-2\/","title":{"rendered":"Jaspe t\u00e9cnico (Yashma) Pedra de afiar natural russa"},"content":{"rendered":"<p>O jaspe t\u00e9cnico (jaspe - \u044f\u0448\u043c\u0430) \u00e9 uma pedra de corte verde ou verde escuro. \u00c9 uma rocha cristalina secretora, constitu\u00edda principalmente por quartzo, calced\u00f3nia e outros minerais (epidoto, actinolite, clorite, mica, pirite, \u00f3xidos e hidr\u00f3xidos de ferro e mangan\u00eas). O jaspe \u00e9 de origem sedimentar ou \u00edgnea. A composi\u00e7\u00e3o aproximada do jaspe \u00e9 a seguinte: quartzo e calced\u00f3nia (SiO2) 80-95%; \u00f3xido de alum\u00ednio (Al2O3) e \u00f3xido de ferro (Fe2O3) at\u00e9 15 %; \u00f3xido de c\u00e1lcio (CaO) 3-6% (e outros). \u00c9 de notar que o quartzo e a calced\u00f3nia t\u00eam a mesma f\u00f3rmula qu\u00edmica (SiO2) e diferem apenas na apar\u00eancia.<\/p>\n\n\n\n<p>O jaspe industrial \u00e9 extra\u00eddo em zonas onde se encontram rochas escamosas ou estratificadas. O jaspe t\u00e9cnico inclui, nomeadamente, o quartzo e o quartzo-calced\u00f3nia, que s\u00e3o variedades de jaspe em faixas ou bandados. Este tipo de jaspe tem geralmente uma cor verde, que est\u00e1 diretamente relacionada com a cor da lama emitida pelos vulc\u00f5es submarinos. Ao longo de milh\u00f5es de anos, estes erupcionaram grandes quantidades de s\u00edlica sob a forma de lava, ap\u00f3s o que foram depositados sob a forma de s\u00edlica, seguindo-se um processo de recristaliza\u00e7\u00e3o, tamb\u00e9m ao longo de milh\u00f5es de anos. O jaspe pode tamb\u00e9m ter uma origem secund\u00e1ria a partir de mat\u00e9rias-primas org\u00e2nicas. Um exemplo s\u00e3o as \u00e1rvores fossilizadas que se transformaram, ao longo de milh\u00f5es de anos, em v\u00e1rias formas de quartzo, incluindo o jaspe. A forma\u00e7\u00e3o secund\u00e1ria do jaspe pode tamb\u00e9m provir de certos tipos de organismos vivos: esponjas, algas, etc.<\/p>\n\n\n\n<p>Ao contr\u00e1rio de outros tipos de jaspe, o jaspe industrial tem uma densidade muito mais elevada, sendo geralmente constitu\u00eddo por 80-90% de quartzo e 10-15% de clorite (um mineral semelhante \u00e0 mica da subclasse dos silicatos em camadas) com uma mistura de epidoto. A jaspe tem uma fratura em pente, ti\u00f3site e argila. O jaspe apresenta uma fratura em pente, de aspeto semelhante \u00e0 superf\u00edcie interna das conchas. Para al\u00e9m do jaspe simples, o jaspe t\u00e9cnico inclui tamb\u00e9m o jaspe mosqueado. O jaspe manchado divide-se em v\u00e1rios tipos de acordo com o n\u00famero e a densidade das manchas: fracamente manchado, denso, indistinto, manchado de amarelo, etc. Ao mesmo tempo, um menor n\u00famero de manchas indica uma maior uniformidade do jaspe, o que est\u00e1 diretamente relacionado com a sua efic\u00e1cia de trabalho.<\/p>\n\n\n\n<p><em>Quanto mais uniforme for o jaspe, melhor ser\u00e1 a qualidade da pedra de afiar, mais n\u00edtida ser\u00e1 a linha e mais agressivo ser\u00e1 o corte da faca depois de afiada.<\/em><\/p>\n\n\n\n<p>Na ind\u00fastria, o jaspe t\u00e9cnico \u00e9 utilizado principalmente como mat\u00e9ria-prima, mas tamb\u00e9m como pedra de acabamento e decorativa. De facto, as pedras preciosas de menor qualidade, impr\u00f3prias para o artesanato, as lembran\u00e7as e os utens\u00edlios, s\u00e3o designadas por \"jaspe t\u00e9cnico\". S\u00e3o utilizadas para fabricar veios de maquinagem, ta\u00e7as, prismas para instrumentos de medi\u00e7\u00e3o, etc. \u00c9 este tipo de jaspe que se caracteriza pela m\u00e1xima resist\u00eancia, dureza, uniformidade e, sobretudo, pela reprodutibilidade das propriedades da pedra extra\u00edda de uma \u00fanica jazida.<br>A R\u00fassia possui um n\u00famero relativamente elevado de dep\u00f3sitos industriais de jaspe. O jaspe cinzento e verde-acinzentado \u00e9 extra\u00eddo do dep\u00f3sito de Kalkan, e os dep\u00f3sitos de Kushkuldinskoye, Anastasevskoye, Muldakaevskoye, Malomuinakovskoye e Naurazovskoye, que cont\u00eam outras tonalidades de jaspe, s\u00e3o tamb\u00e9m considerados bastante grandes. No estrangeiro, existem jazigos industriais de jaspe na \u00cdndia, Jap\u00e3o, Alemanha, Fran\u00e7a, Uzbequist\u00e3o e Tajiquist\u00e3o.<\/p>\n\n\n\n<p>O jaspe industrial \u00e9 utilizado como pedra de acabamento e polimento quando amaciado. Demonstra o melhor desempenho quando se trabalha com a\u00e7os ao carbono, tais como Aogami, Shirogami, R6M5, U7, 65G, etc. Ap\u00f3s o jaspeamento, adquirem uma superf\u00edcie mate uniforme com um corte agressivo. A pedra tamb\u00e9m afia bem os a\u00e7os em p\u00f3 RWL, CPM S 35VN, S30V, ELMAX com dureza at\u00e9 63HRC. A pedra foi concebida para trabalhar com massa lubrificante, mas tamb\u00e9m pode trabalhar com \u00e1gua. No entanto, a \u00e1gua produz uma superf\u00edcie de l\u00e2mina mais \u00e1spera do que o \u00f3leo. Os afiadores experientes, quando comparam o jaspe t\u00e9cnico com a washita ou o Arkansas, salientam o trabalho mais fino destas pedras e o corte mais afiado da faca ap\u00f3s a afia\u00e7\u00e3o. Uma faca com um acabamento de afia\u00e7\u00e3o em jaspe t\u00e9cnico d\u00e1 resultados m\u00e1ximos quando se trabalha com madeira, carne e outros materiais densos.<\/p>\n\n\n\n<p>O jaspe t\u00e9cnico n\u00e3o \u00e9 classificado como uma pedra rara, que s\u00f3 est\u00e1 dispon\u00edvel para especialistas em afia\u00e7\u00e3o. Trata-se de uma pedra comum e amplamente comercializada. O jaspe \u00e9 vendido tanto em grandes pe\u00e7as rectangulares para a afia\u00e7\u00e3o manual como em pe\u00e7as \"apexoides\" para os porta-abrasivos normais. Ap\u00f3s uma longa viagem de v\u00e1rios s\u00e9culos, continua a n\u00e3o abandonar a sua posi\u00e7\u00e3o.<\/p>","protected":false},"excerpt":{"rendered":"<ul>\n<li>Dimens\u00f5es: 171x39x18 mm<\/li>\n<li>Peso: 322 g<\/li>\n<li>Dureza: Lv 5+++<\/li>\n<li>Adequado para o acabamento de l\u00e2minas de barbear, facas e ferramentas.<\/li>\n<li>A pedra \u00e9 muito homog\u00e9nea, sem linhas t\u00f3xicas.<\/li>\n<li>Ambas as partes est\u00e3o prontas para a a\u00e7\u00e3o.<\/li>\n<li>Utilizada na URSS como alternativa \u00e0s pedras transl\u00facidas do Arkansas. Recomenda-se trabalhar com massa, mas pode ser utilizada com \u00e1gua. Desgaste muito, muito lento e, por conseguinte, dif\u00edcil de alisar.<\/li>\n<\/ul>","protected":false},"featured_media":2561,"comment_status":"open","ping_status":"closed","template":"","meta":[],"product_brand":[],"product_cat":[22],"product_tag":[282],"class_list":{"0":"post-2558","1":"product","2":"type-product","3":"status-publish","4":"has-post-thumbnail","6":"product_cat-jnats","7":"product_tag-jaspis","8":"product_shipping_class-iprastas","10":"first","11":"outofstock","12":"shipping-taxable","13":"purchasable","14":"product-type-simple"},"_links":{"self":[{"href":"https:\/\/jnats.eu\/pt\/wp-json\/wp\/v2\/product\/2558","targetHints":{"allow":["GET"]}}],"collection":[{"href":"https:\/\/jnats.eu\/pt\/wp-json\/wp\/v2\/product"}],"about":[{"href":"https:\/\/jnats.eu\/pt\/wp-json\/wp\/v2\/types\/product"}],"replies":[{"embeddable":true,"href":"https:\/\/jnats.eu\/pt\/wp-json\/wp\/v2\/comments?post=2558"}],"wp:featuredmedia":[{"embeddable":true,"href":"https:\/\/jnats.eu\/pt\/wp-json\/wp\/v2\/media\/2561"}],"wp:attachment":[{"href":"https:\/\/jnats.eu\/pt\/wp-json\/wp\/v2\/media?parent=2558"}],"wp:term":[{"taxonomy":"product_brand","embeddable":true,"href":"https:\/\/jnats.eu\/pt\/wp-json\/wp\/v2\/product_brand?post=2558"},{"taxonomy":"product_cat","embeddable":true,"href":"https:\/\/jnats.eu\/pt\/wp-json\/wp\/v2\/product_cat?post=2558"},{"taxonomy":"product_tag","embeddable":true,"href":"https:\/\/jnats.eu\/pt\/wp-json\/wp\/v2\/product_tag?post=2558"}],"curies":[{"name":"wp","href":"https:\/\/api.w.org\/{rel}","templated":true}]}}