{"id":2567,"date":"2024-05-05T10:13:50","date_gmt":"2024-05-05T07:13:50","guid":{"rendered":"http:\/\/jnats.eu\/?post_type=product&#038;p=2567"},"modified":"2024-06-29T15:55:34","modified_gmt":"2024-06-29T12:55:34","slug":"charnley-forest-naturalus-britiskas-galandimo-akmuo","status":"publish","type":"product","link":"https:\/\/jnats.eu\/pt\/produto-2\/charnley-forest-naturalus-britiskas-galandimo-akmuo\/","title":{"rendered":"Pedra de amolar brit\u00e2nica natural de Charnley Forest"},"content":{"rendered":"<p>A pedra de afiar brit\u00e2nica natural Charnley Forest \u00e9 muito dura e muito fina, o que a torna ideal para o acabamento da afia\u00e7\u00e3o de l\u00e2minas de barbear. A Charnley Forest \u00e9 novacul\u00edtica e semelhante \u00e0s pedras Arkansas. Recomendamos trabalhar com um lubrificante, mas a \u00e1gua tamb\u00e9m \u00e9 poss\u00edvel.<\/p>\n\n\n\n<p>Numa caixa de madeira da qual a pedra pode ser facilmente retirada. As linhas castanhas s\u00e3o ligeiramente mais \u00e1speras do que o resto da superf\u00edcie.<\/p>","protected":false},"excerpt":{"rendered":"<ul>\n<li>Dimens\u00f5es aprox.: 285x48x30 mm<\/li>\n<li>Peso sem caixa: 986 g<\/li>\n<li>Peso incl. caixa: 1657 g<\/li>\n<li>Dureza: Lv 5<\/li>\n<li>Adequado para o acabamento de facas e ferramentas. As l\u00e2minas de barbear tamb\u00e9m podem ser acabadas para evitar manchas castanhas.<\/li>\n<li>Recomendamos trabalhar com massa, mas tamb\u00e9m \u00e9 poss\u00edvel trabalhar com \u00e1gua.<\/li>\n<\/ul>","protected":false},"featured_media":2569,"comment_status":"open","ping_status":"closed","template":"","meta":[],"product_brand":[],"product_cat":[22],"product_tag":[284],"class_list":{"0":"post-2567","1":"product","2":"type-product","3":"status-publish","4":"has-post-thumbnail","6":"product_cat-jnats","7":"product_tag-charnley-forest","8":"product_shipping_class-iprastas","10":"first","11":"outofstock","12":"shipping-taxable","13":"purchasable","14":"product-type-simple"},"_links":{"self":[{"href":"https:\/\/jnats.eu\/pt\/wp-json\/wp\/v2\/product\/2567","targetHints":{"allow":["GET"]}}],"collection":[{"href":"https:\/\/jnats.eu\/pt\/wp-json\/wp\/v2\/product"}],"about":[{"href":"https:\/\/jnats.eu\/pt\/wp-json\/wp\/v2\/types\/product"}],"replies":[{"embeddable":true,"href":"https:\/\/jnats.eu\/pt\/wp-json\/wp\/v2\/comments?post=2567"}],"wp:featuredmedia":[{"embeddable":true,"href":"https:\/\/jnats.eu\/pt\/wp-json\/wp\/v2\/media\/2569"}],"wp:attachment":[{"href":"https:\/\/jnats.eu\/pt\/wp-json\/wp\/v2\/media?parent=2567"}],"wp:term":[{"taxonomy":"product_brand","embeddable":true,"href":"https:\/\/jnats.eu\/pt\/wp-json\/wp\/v2\/product_brand?post=2567"},{"taxonomy":"product_cat","embeddable":true,"href":"https:\/\/jnats.eu\/pt\/wp-json\/wp\/v2\/product_cat?post=2567"},{"taxonomy":"product_tag","embeddable":true,"href":"https:\/\/jnats.eu\/pt\/wp-json\/wp\/v2\/product_tag?post=2567"}],"curies":[{"name":"wp","href":"https:\/\/api.w.org\/{rel}","templated":true}]}}