{"id":2580,"date":"2025-04-02T11:16:59","date_gmt":"2025-04-02T08:16:59","guid":{"rendered":"http:\/\/jnats.eu\/?post_type=product&#038;p=2580"},"modified":"2025-09-30T12:24:17","modified_gmt":"2025-09-30T09:24:17","slug":"mikawa-nagura-asano","status":"publish","type":"product","link":"https:\/\/jnats.eu\/pt\/produto-2\/mikawa-nagura-asano\/","title":{"rendered":"Asano Mikawa Nagura"},"content":{"rendered":"<p>\u00c0 semelhan\u00e7a de outros naguros, o Mikawa Asano \u00e9 tradicionalmente utilizado para criar uma suspens\u00e3o abrasiva numa pedra de afiar natural. A diferen\u00e7a em rela\u00e7\u00e3o aos outros \u00e9 a tentativa de criar um sistema de pontua\u00e7\u00e3o livre que permite ao utilizador escolher o progresso da afia\u00e7\u00e3o de grosso a fino. <\/p>\n\n\n\n<p>De facto, um \u00fanico prego, qualquer prego, \u00e9 suficiente para afiar, uma vez que as part\u00edculas abrasivas naturais se decomp\u00f5em e se tornam mais finas durante a afia\u00e7\u00e3o. Se necess\u00e1rio, a suspens\u00e3o pode ser recriada utilizando a mesma nagura Mikawa.  <\/p>\n\n\n\n<p>A Muchi \u00e9 uma exce\u00e7\u00e3o \u00e0 regra. Este \u00faltimo pode ser demasiado duro em alguns casos e n\u00e3o \u00e9 geralmente recomendado para m\u00e1quinas de barbear. <\/p>\n\n\n\n<p>Este tipo de pedra prov\u00e9m da mina de Junmikawa Shiro, no distrito de Kitashitara, prov\u00edncia de Aichi. A rocha \u00e9 constitu\u00edda por 10 a 12 camadas, consoante a zona de extra\u00e7\u00e3o. Destas camadas, h\u00e1 8 camadas utiliz\u00e1veis e 4 delas s\u00e3o as mais populares. Nas zonas onde existem 12 camadas explor\u00e1veis, existem duas camadas diferentes de Tenjyo, bem como Yae Botan e Botan, que s\u00e3o muito semelhantes. Tal como acontece com todas as pedras naturais japonesas, cada exemplar individual pode variar. <\/p>\n\n\n\n<p>O Mikawa nagura \u00e9 classificado do mais grosseiro ao mais fino do seguinte modo <strong>Mushi [\u30e0\u30b7] &gt; Ban [\u30d0\u30f3] &gt; Atsu [\u30a2\u30c4] &gt; Yae Botan [\u516b\u91cd\u30dc\u30bf\u30f3] &gt; Botan [\u30dc\u30bf\u30f3] &gt; Tenjyo [\u5929\u4e0a] &gt; Mejiro [\u76ee\u767d] &gt; Koma [\u30b3\u30de]<\/strong><\/p>\n\n\n\n<p>Os nagura Asano Mikawa s\u00e3o classificados de acordo com a sua velocidade de funcionamento do seguinte modo<strong> Ban &gt; Koma &gt; Yae Botan &gt; Botan &gt; Atsu &gt;Tenjo &gt; Mejiro.<\/strong><\/p>\n\n\n\n<p>A descri\u00e7\u00e3o nem sempre \u00e9 exatamente igual \u00e0 realidade, uma vez que cada pedra natural \u00e9 \u00fanica e tem propriedades ligeiramente diferentes, mas na maioria dos casos \u00e9 verdadeira. <\/p>\n\n\n\n<p>Ap\u00f3s a afia\u00e7\u00e3o das unhas, esta \u00e9 normalmente conclu\u00edda na mesma pedra limpa da base. Algumas m\u00e1quinas de barbear terminam o processo de afia\u00e7\u00e3o com uma suspens\u00e3o l\u00edquida, conseguindo assim um barbear suave e seguro, uma vez que a l\u00e2mina n\u00e3o agride a pele, mas corta o pelo.<\/p>\n\n\n\n<figure class=\"wp-block-embed is-type-video is-provider-youtube wp-block-embed-youtube wp-embed-aspect-16-9 wp-has-aspect-ratio\"><div class=\"wp-block-embed__wrapper\">\n<div class=\"video-container\"><iframe title=\"Asano Mikawa Nagura\" width=\"1170\" height=\"658\" src=\"https:\/\/www.youtube.com\/embed\/uzbRmb6lzcI?feature=oembed\" frameborder=\"0\" allow=\"accelerometer; autoplay; clipboard-write; encrypted-media; gyroscope; picture-in-picture; web-share\" referrerpolicy=\"strict-origin-when-cross-origin\" allowfullscreen><\/iframe><\/div>\n<\/div><\/figure>","protected":false},"excerpt":{"rendered":"<ol>\n<li><strong>Botan [botan] \u2013 200 g. 85\u20ac<\/strong><\/li>\n<li><strong>Botan [bot\u00e3o] \u2013 130 g. 65\u20ac<\/strong><\/li>\n<li><strong>Botan [botan] \u2013 100 g. 45\u20ac<\/strong><\/li>\n<li><strong>Botan [bot\u00e3o] \u2013 110 g. 50\u20ac<\/strong><\/li>\n<li><strong>Botan [bot\u00e3o] \u2013 196 g. 82\u20ac<\/strong><\/li>\n<li><strong>Mejiro [\u76ee\u767d] \u2013 225 g. 100\u20ac<\/strong><\/li>\n<li><strong>Mejiro [\u76ee\u767d] \u2013 124 g. 60\u20ac<\/strong><\/li>\n<li><strong>Tenjyo [\u5929\u4e0a] \u2013 120 g. 58\u20ac<\/strong><\/li>\n<li><strong>Tenjyo [\u5929\u4e0a] \u2013 115 g. 52\u20ac\u00a0<\/strong><\/li>\n<li><strong>Coma [\u30b3\u30de] \u2013 107 g. 80\u20ac<\/strong><\/li>\n<li><strong>Coma [\u30b3\u30de] \u2013 105 g. 79\u20ac <\/strong><strong>\u00a0<\/strong><\/li>\n<li><strong>Coma [\u30b3\u30de] \u2013 166 g. 150\u20ac<\/strong><\/li>\n<\/ol>\n<p><span style=\"color: #993300;\"><strong>Se voc\u00ea n\u00e3o vir o item na lista suspensa, significa que ele foi vendido.<\/strong><\/span><\/p>","protected":false},"featured_media":4271,"comment_status":"open","ping_status":"closed","template":"","meta":[],"product_brand":[],"product_cat":[22],"product_tag":[285,151,153],"class_list":{"0":"post-2580","1":"product","2":"type-product","3":"status-publish","4":"has-post-thumbnail","6":"product_cat-jnats","7":"product_tag-asano","8":"product_tag-mikawa","9":"product_tag-nagura","10":"product_shipping_class-light","12":"first","13":"outofstock","14":"shipping-taxable","15":"product-type-variable"},"_links":{"self":[{"href":"https:\/\/jnats.eu\/pt\/wp-json\/wp\/v2\/product\/2580","targetHints":{"allow":["GET"]}}],"collection":[{"href":"https:\/\/jnats.eu\/pt\/wp-json\/wp\/v2\/product"}],"about":[{"href":"https:\/\/jnats.eu\/pt\/wp-json\/wp\/v2\/types\/product"}],"replies":[{"embeddable":true,"href":"https:\/\/jnats.eu\/pt\/wp-json\/wp\/v2\/comments?post=2580"}],"wp:featuredmedia":[{"embeddable":true,"href":"https:\/\/jnats.eu\/pt\/wp-json\/wp\/v2\/media\/4271"}],"wp:attachment":[{"href":"https:\/\/jnats.eu\/pt\/wp-json\/wp\/v2\/media?parent=2580"}],"wp:term":[{"taxonomy":"product_brand","embeddable":true,"href":"https:\/\/jnats.eu\/pt\/wp-json\/wp\/v2\/product_brand?post=2580"},{"taxonomy":"product_cat","embeddable":true,"href":"https:\/\/jnats.eu\/pt\/wp-json\/wp\/v2\/product_cat?post=2580"},{"taxonomy":"product_tag","embeddable":true,"href":"https:\/\/jnats.eu\/pt\/wp-json\/wp\/v2\/product_tag?post=2580"}],"curies":[{"name":"wp","href":"https:\/\/api.w.org\/{rel}","templated":true}]}}