{"id":259,"date":"2024-02-27T11:42:08","date_gmt":"2024-02-27T09:42:08","guid":{"rendered":"http:\/\/jnats.eu\/?post_type=product&#038;p=259"},"modified":"2024-04-16T12:43:31","modified_gmt":"2024-04-16T09:43:31","slug":"wakasa-awasedo","status":"publish","type":"product","link":"https:\/\/jnats.eu\/pt\/produto-2\/wakasa-awasedo\/","title":{"rendered":"Pedra natural japonesa Wakasa Awasedo para afiar"},"content":{"rendered":"<ul class=\"wp-block-list\">\n<li><strong>Dureza: Lv 4,5<\/strong><\/li>\n\n\n\n<li><strong>Dimens\u00f5es: 207x76x25 mm<\/strong><\/li>\n\n\n\n<li><strong>Peso: 1060 g<\/strong><\/li>\n\n\n\n<li>Pedra dura e limpa, com uma estrutura homog\u00e9nea. Adequada para afiar l\u00e2minas de barbear, facas, ferramentas de carpintaria e outras. Os dois lados s\u00e3o adequados para o trabalho.<\/li>\n<\/ul>\n\n\n\n<figure class=\"wp-block-embed is-type-video is-provider-youtube wp-block-embed-youtube wp-embed-aspect-16-9 wp-has-aspect-ratio\"><div class=\"wp-block-embed__wrapper\">\n<div class=\"video-container\"><iframe title=\"Pedras de afiar naturais japonesas: pedras de amolar Aiwatani, Wakasa, Suita Momiji Tomono\" width=\"1170\" height=\"658\" src=\"https:\/\/www.youtube.com\/embed\/l3u342Q8jTo?start=79&#038;feature=oembed\" frameborder=\"0\" allow=\"accelerometer; autoplay; clipboard-write; encrypted-media; gyroscope; picture-in-picture; web-share\" referrerpolicy=\"strict-origin-when-cross-origin\" allowfullscreen><\/iframe><\/div>\n<\/div><\/figure>","protected":false},"excerpt":{"rendered":"<p><!-- wp:list --><\/p>\n<ul><!-- wp:list-item --><\/p>\n<li><strong>Dureza: Lv 4,5<\/strong><\/li>\n<p><!-- \/wp:list-item --><\/p>\n<p><!-- wp:list-item --><\/p>\n<li><strong>Dimens\u00f5es: 20x76x25 mm<\/strong><\/li>\n<p><!-- \/wp:list-item --><\/p>\n<p><!-- wp:list-item --><\/p>\n<li><strong>Peso: 1060 g<\/strong><\/li>\n<p><!-- \/wp:list-item --><\/p>\n<p><!-- wp:list-item --><\/p>\n<li>Pedra dura e limpa, com uma estrutura homog\u00e9nea. Adequada para afiar l\u00e2minas de barbear, facas, ferramentas de carpintaria e outras. Os dois lados s\u00e3o adequados para o trabalho.<\/li>\n<p><!-- \/wp:list-item --><\/ul>\n<p><!-- \/wp:list --><\/p>","protected":false},"featured_media":1248,"comment_status":"open","ping_status":"closed","template":"","meta":[],"product_brand":[],"product_cat":[22],"product_tag":[40,61],"class_list":{"0":"post-259","1":"product","2":"type-product","3":"status-publish","4":"has-post-thumbnail","6":"product_cat-jnats","7":"product_tag-awasedo","8":"product_tag-wakasa","9":"product_shipping_class-iprastas","11":"first","12":"outofstock","13":"shipping-taxable","14":"purchasable","15":"product-type-simple"},"_links":{"self":[{"href":"https:\/\/jnats.eu\/pt\/wp-json\/wp\/v2\/product\/259","targetHints":{"allow":["GET"]}}],"collection":[{"href":"https:\/\/jnats.eu\/pt\/wp-json\/wp\/v2\/product"}],"about":[{"href":"https:\/\/jnats.eu\/pt\/wp-json\/wp\/v2\/types\/product"}],"replies":[{"embeddable":true,"href":"https:\/\/jnats.eu\/pt\/wp-json\/wp\/v2\/comments?post=259"}],"wp:featuredmedia":[{"embeddable":true,"href":"https:\/\/jnats.eu\/pt\/wp-json\/wp\/v2\/media\/1248"}],"wp:attachment":[{"href":"https:\/\/jnats.eu\/pt\/wp-json\/wp\/v2\/media?parent=259"}],"wp:term":[{"taxonomy":"product_brand","embeddable":true,"href":"https:\/\/jnats.eu\/pt\/wp-json\/wp\/v2\/product_brand?post=259"},{"taxonomy":"product_cat","embeddable":true,"href":"https:\/\/jnats.eu\/pt\/wp-json\/wp\/v2\/product_cat?post=259"},{"taxonomy":"product_tag","embeddable":true,"href":"https:\/\/jnats.eu\/pt\/wp-json\/wp\/v2\/product_tag?post=259"}],"curies":[{"name":"wp","href":"https:\/\/api.w.org\/{rel}","templated":true}]}}