{"id":2618,"date":"2024-05-08T13:30:08","date_gmt":"2024-05-08T10:30:08","guid":{"rendered":"http:\/\/jnats.eu\/?post_type=product&#038;p=2618"},"modified":"2024-08-26T19:59:17","modified_gmt":"2024-08-26T16:59:17","slug":"surgical-black-arkansas-amerikietiskas-galandinimo-akmuo","status":"publish","type":"product","link":"https:\/\/jnats.eu\/pt\/produto-2\/surgical-black-arkansas-amerikietiskas-galandinimo-akmuo\/","title":{"rendered":"Pedra de amolar americana Surgical Black Arkansas"},"content":{"rendered":"<p>A pedra de afiar Surgical Black Arkansas tem um gr\u00e3o de aproximadamente 4000-6000. Como o nome sugere, produzir\u00e1 uma l\u00e2mina muito afiada, como um bisturi. \u00c9 suficientemente longa e larga para todas as aplica\u00e7\u00f5es de afia\u00e7\u00e3o, desde facas de cozinha, v\u00e1rias ferramentas de carpintaria e l\u00e2minas de barbear. A pedra vem numa caixa de madeira separada para armazenamento e transporte.<\/p>\n\n\n\n<p><br>Para todas as pedras Arkansas, \u00e9 melhor utilizar \u00f3leo mineral, \u00f3leo de beb\u00e9, \u00f3leo especial para afiar ou azeite. Algumas gotas na superf\u00edcie da pedra ajudam a evitar entupimentos, reduzem a fric\u00e7\u00e3o durante a afia\u00e7\u00e3o e mant\u00eam a pedra limpa. A \u00e1gua tamb\u00e9m pode ser utilizada, mas o \u00f3leo d\u00e1 um resultado ligeiramente melhor. A utiliza\u00e7\u00e3o de \u00e1gua tamb\u00e9m tornar\u00e1 a limpeza da pedra ligeiramente mais dif\u00edcil. Especialmente se j\u00e1 tiver utilizado uma pedra com \u00f3leo anteriormente.<\/p>\n\n\n\n<p>Estas pedras naturais s\u00e3o muito duras e n\u00e3o precisam de ser alisadas com tanta frequ\u00eancia como a maioria das pedras sint\u00e9ticas. <\/p>","protected":false},"excerpt":{"rendered":"<ul>\n<li>Dimens\u00f5es aprox.: 103x49x13 mm<\/li>\n<li>Peso sem caixa: 357 g<\/li>\n<li>Peso incl. caixa: 606 g<\/li>\n<li>Dureza: Lv 5<\/li>\n<li>Adequado para o acabamento de l\u00e2minas de barbear, facas e ferramentas.<\/li>\n<li>Recomendamos trabalhar com massa, mas tamb\u00e9m \u00e9 poss\u00edvel trabalhar com \u00e1gua.<\/li>\n<\/ul>","protected":false},"featured_media":2622,"comment_status":"open","ping_status":"closed","template":"","meta":[],"product_brand":[],"product_cat":[22],"product_tag":[288,286,287],"class_list":{"0":"post-2618","1":"product","2":"type-product","3":"status-publish","4":"has-post-thumbnail","6":"product_cat-jnats","7":"product_tag-arkansas","8":"product_tag-black","9":"product_tag-surgical","10":"product_shipping_class-iprastas","12":"first","13":"outofstock","14":"shipping-taxable","15":"purchasable","16":"product-type-simple"},"_links":{"self":[{"href":"https:\/\/jnats.eu\/pt\/wp-json\/wp\/v2\/product\/2618","targetHints":{"allow":["GET"]}}],"collection":[{"href":"https:\/\/jnats.eu\/pt\/wp-json\/wp\/v2\/product"}],"about":[{"href":"https:\/\/jnats.eu\/pt\/wp-json\/wp\/v2\/types\/product"}],"replies":[{"embeddable":true,"href":"https:\/\/jnats.eu\/pt\/wp-json\/wp\/v2\/comments?post=2618"}],"wp:featuredmedia":[{"embeddable":true,"href":"https:\/\/jnats.eu\/pt\/wp-json\/wp\/v2\/media\/2622"}],"wp:attachment":[{"href":"https:\/\/jnats.eu\/pt\/wp-json\/wp\/v2\/media?parent=2618"}],"wp:term":[{"taxonomy":"product_brand","embeddable":true,"href":"https:\/\/jnats.eu\/pt\/wp-json\/wp\/v2\/product_brand?post=2618"},{"taxonomy":"product_cat","embeddable":true,"href":"https:\/\/jnats.eu\/pt\/wp-json\/wp\/v2\/product_cat?post=2618"},{"taxonomy":"product_tag","embeddable":true,"href":"https:\/\/jnats.eu\/pt\/wp-json\/wp\/v2\/product_tag?post=2618"}],"curies":[{"name":"wp","href":"https:\/\/api.w.org\/{rel}","templated":true}]}}