{"id":2623,"date":"2024-05-08T13:41:39","date_gmt":"2024-05-08T10:41:39","guid":{"rendered":"http:\/\/jnats.eu\/?post_type=product&#038;p=2623"},"modified":"2024-11-19T14:20:29","modified_gmt":"2024-11-19T12:20:29","slug":"translucent-hard-arkansas-ir-whale-oil-stone-mini-akmenu-komplektas","status":"publish","type":"product","link":"https:\/\/jnats.eu\/pt\/produto-2\/translucent-hard-arkansas-ir-whale-oil-stone-mini-akmenu-komplektas\/","title":{"rendered":"Conjunto de mini-pedras transl\u00facidas de Arcanjo duro e \u00f3leo de baleia"},"content":{"rendered":"<p>A pedra de amolar dura do Arkansas tem um gr\u00e3o de aproximadamente 10.000. Produzir\u00e1 l\u00e2minas muito afiadas. <\/p>\n\n\n\n<p>Para todas as pedras Arkansas, \u00e9 melhor utilizar \u00f3leo mineral, \u00f3leo de beb\u00e9, \u00f3leo especial para afiar ou azeite. Algumas gotas na superf\u00edcie da pedra ajudam a evitar entupimentos, reduzem a fric\u00e7\u00e3o durante a afia\u00e7\u00e3o e mant\u00eam a pedra limpa. A \u00e1gua tamb\u00e9m pode ser utilizada, mas o \u00f3leo d\u00e1 um resultado ligeiramente melhor. A utiliza\u00e7\u00e3o de \u00e1gua tamb\u00e9m tornar\u00e1 a limpeza da pedra ligeiramente mais dif\u00edcil. Especialmente se j\u00e1 tiver utilizado uma pedra com \u00f3leo anteriormente.<\/p>\n\n\n\n<p>Estas pedras naturais s\u00e3o muito duras e n\u00e3o precisam de ser alisadas com tanta frequ\u00eancia como a maioria das pedras sint\u00e9ticas.<\/p>\n\n\n\n<p>A pedra Whale Oil tem um tamanho de gr\u00e3o de aproximadamente 3000. Trabalhar com lubrificante.<\/p>","protected":false},"excerpt":{"rendered":"<p><strong>Arkansas duro transl\u00facido<\/strong><\/p>\n<ul>\n<li>Dimens\u00f5es: 99x25x12 mm<\/li>\n<li>Peso: 83 g<\/li>\n<li>Dureza: Lv 5<\/li>\n<li>Adequado para o acabamento de l\u00e2minas de barbear, facas e ferramentas.<\/li>\n<li>Recomendamos trabalhar com massa, mas tamb\u00e9m \u00e9 poss\u00edvel trabalhar com \u00e1gua.<\/li>\n<\/ul>\n<p><strong>Pedra de \u00f3leo de baleia<\/strong><\/p>\n<ul>\n<li>Dimens\u00f5es: 103x21x13 mm<\/li>\n<li>Peso: 79 g<\/li>\n<li>Tamanho do gr\u00e3o: #3000<\/li>\n<li>Adequado para afiar l\u00e2minas de barbear, facas e ferramentas.<\/li>\n<li>Recomendamos trabalhar com lubrificante.<\/li>\n<\/ul>\n<p>&nbsp;<\/p>","protected":false},"featured_media":2624,"comment_status":"open","ping_status":"closed","template":"","meta":[],"product_brand":[],"product_cat":[22],"product_tag":[288,289],"class_list":{"0":"post-2623","1":"product","2":"type-product","3":"status-publish","4":"has-post-thumbnail","6":"product_cat-jnats","7":"product_tag-arkansas","8":"product_tag-translucent-hard-arkansas","9":"product_shipping_class-iprastas","11":"first","12":"outofstock","13":"shipping-taxable","14":"purchasable","15":"product-type-simple"},"_links":{"self":[{"href":"https:\/\/jnats.eu\/pt\/wp-json\/wp\/v2\/product\/2623","targetHints":{"allow":["GET"]}}],"collection":[{"href":"https:\/\/jnats.eu\/pt\/wp-json\/wp\/v2\/product"}],"about":[{"href":"https:\/\/jnats.eu\/pt\/wp-json\/wp\/v2\/types\/product"}],"replies":[{"embeddable":true,"href":"https:\/\/jnats.eu\/pt\/wp-json\/wp\/v2\/comments?post=2623"}],"wp:featuredmedia":[{"embeddable":true,"href":"https:\/\/jnats.eu\/pt\/wp-json\/wp\/v2\/media\/2624"}],"wp:attachment":[{"href":"https:\/\/jnats.eu\/pt\/wp-json\/wp\/v2\/media?parent=2623"}],"wp:term":[{"taxonomy":"product_brand","embeddable":true,"href":"https:\/\/jnats.eu\/pt\/wp-json\/wp\/v2\/product_brand?post=2623"},{"taxonomy":"product_cat","embeddable":true,"href":"https:\/\/jnats.eu\/pt\/wp-json\/wp\/v2\/product_cat?post=2623"},{"taxonomy":"product_tag","embeddable":true,"href":"https:\/\/jnats.eu\/pt\/wp-json\/wp\/v2\/product_tag?post=2623"}],"curies":[{"name":"wp","href":"https:\/\/api.w.org\/{rel}","templated":true}]}}