{"id":265,"date":"2024-02-27T11:59:19","date_gmt":"2024-02-27T09:59:19","guid":{"rendered":"http:\/\/jnats.eu\/?post_type=product&#038;p=265"},"modified":"2025-09-03T00:47:47","modified_gmt":"2025-09-02T21:47:47","slug":"suita-momiji-tomono","status":"publish","type":"product","link":"https:\/\/jnats.eu\/pt\/produto-2\/suita-momiji-tomono\/","title":{"rendered":"Pedra natural japonesa Suita Momiji Tomono para afiar"},"content":{"rendered":"<p>Apresentamos a pedra de afiar japonesa Suita Momiji Tomono - que real\u00e7a o melhor das facas.<\/p>\n\n\n\n<p>Melhore a sua experi\u00eancia de afia\u00e7\u00e3o com a Pedra de Afiar Japonesa Suita Momiji Tomono, uma ferramenta exclusiva concebida para afiar as l\u00e2minas na perfei\u00e7\u00e3o com uma precis\u00e3o inigual\u00e1vel. Cuidadosamente selecionada e trabalhada com per\u00edcia, a pedra Suita \u00e9 venerada por entusiastas e profissionais pelas suas qualidades excepcionais, especialmente a sua velocidade.<\/p>\n\n\n\n<p><strong>Caracter\u00edsticas principais:<\/strong><\/p>\n\n\n\n<p>Suavidade abrasiva e versatilidade: a pedra Suita apresenta um n\u00edvel de gr\u00e3o uniforme. Quer pretenda reproduzir a opacidade da l\u00e2mina de uma faca ou melhorar a nitidez de outras ferramentas, esta pedra adapta-se facilmente \u00e0s suas necessidades de afia\u00e7\u00e3o.<\/p>\n\n\n\n<p>Composi\u00e7\u00e3o natural: a pedra Suita, proveniente da rica paisagem geol\u00f3gica do Jap\u00e3o, \u00e9 uma maravilha natural com uma composi\u00e7\u00e3o \u00fanica que a distingue. A sua estrutura rica em minerais contribui para a capacidade da pedra de criar arestas afiadas e um acabamento espelhado nas l\u00e2minas.<\/p>\n\n\n\n<p>Vers\u00e1til: A pedra Suita \u00e9 ideal para afiar facas de cozinha, ferramentas de carpintaria, l\u00e2minas de barbear e muito mais. A sua versatilidade torna-a uma companheira indispens\u00e1vel para os profissionais e amadores da culin\u00e1ria que procuram a m\u00e1xima precis\u00e3o no seu trabalho.<\/p>\n\n\n\n<p>Artesanato profissional: cada pedra Suita \u00e9 meticulosamente trabalhada para garantir uniformidade e consist\u00eancia. A durabilidade e a longevidade da pedra fazem dela um investimento sensato para aqueles que valorizam a excel\u00eancia no cuidado das facas.<\/p>\n\n\n\n<p>Facilidade de utiliza\u00e7\u00e3o: a pedra Suita \u00e9 c\u00f3moda, mesmo para quem come\u00e7a a afiar sozinho. A sua composi\u00e7\u00e3o facilita o desbaste eficaz do metal, evita o entupimento e garante uma afia\u00e7\u00e3o suave.<\/p>\n\n\n\n<p>Cuidados e instru\u00e7\u00f5es de utiliza\u00e7\u00e3o:<\/p>\n\n\n\n<p>Para maximizar a vida \u00fatil e a efic\u00e1cia da pedra Suita, recomenda-se trabalhar com \u00e1gua morna. <\/p>\n\n\n\n<p>Melhore os seus rituais de afia\u00e7\u00e3o com a pedra de afiar japonesa Suita - onde a tradi\u00e7\u00e3o encontra a precis\u00e3o. Invista no artesanato e desfrute da nitidez e durabilidade das facas como nunca antes.<\/p>\n\n\n\n<figure class=\"wp-block-embed is-type-video is-provider-youtube wp-block-embed-youtube wp-embed-aspect-16-9 wp-has-aspect-ratio\"><div class=\"wp-block-embed__wrapper\">\n<div class=\"video-container\"><iframe title=\"Pedras de afiar naturais japonesas: pedras de amolar Aiwatani, Wakasa, Suita Momiji Tomono\" width=\"1170\" height=\"658\" src=\"https:\/\/www.youtube.com\/embed\/l3u342Q8jTo?start=501&#038;feature=oembed\" frameborder=\"0\" allow=\"accelerometer; autoplay; clipboard-write; encrypted-media; gyroscope; picture-in-picture; web-share\" referrerpolicy=\"strict-origin-when-cross-origin\" allowfullscreen><\/iframe><\/div>\n<\/div><\/figure>\n\n\n\n<p>As principais vantagens das pedras de afiar japonesas naturais:<\/p>\n\n\n\n<ul class=\"wp-block-list\">\n<li>As ferramentas mant\u00eam-se afiadas durante mais tempo<\/li>\n\n\n\n<li>As pedras n\u00e3o ficam contaminadas com res\u00edduos met\u00e1licos<\/li>\n\n\n\n<li>F\u00e1cil de remover a v\u00e1lvula de gaveta<\/li>\n\n\n\n<li>Uma resposta surpreendente que permite sentir exatamente o que est\u00e1 a acontecer na superf\u00edcie do metal.<\/li>\n<\/ul>","protected":false},"excerpt":{"rendered":"<ul>\n<li><strong>Dureza: Lv 4,5<\/strong><\/li>\n<li><strong>Dimens\u00f5es: 207x78x47 mm<\/strong><\/li>\n<li><strong>Peso: 1850 g<\/strong><\/li>\n<li><strong>As linhas vis\u00edveis s\u00e3o completamente seguras e n\u00e3o interferem de forma alguma com a afia\u00e7\u00e3o.<\/strong><\/li>\n<li>Uma pedra ultra-r\u00e1pida, limpa, com uma textura homog\u00e9nea e tamanho suficiente para durar v\u00e1rias gera\u00e7\u00f5es. Adequada para afiar facas, marcenaria e outras ferramentas. Para as l\u00e2minas de barbear, \u00e9 um refinador. Como a maioria das pedras naturais japonesas, esta Suita assegura uma longa dura\u00e7\u00e3o da l\u00e2mina e uma boa afia\u00e7\u00e3o.<\/li>\n<\/ul>","protected":false},"featured_media":1172,"comment_status":"open","ping_status":"closed","template":"","meta":[],"product_brand":[],"product_cat":[22],"product_tag":[62,50,63],"class_list":{"0":"post-265","1":"product","2":"type-product","3":"status-publish","4":"has-post-thumbnail","6":"product_cat-jnats","7":"product_tag-momiji","8":"product_tag-suita","9":"product_tag-tomono","10":"product_shipping_class-iprastas","12":"first","13":"outofstock","14":"sale","15":"shipping-taxable","16":"purchasable","17":"product-type-simple"},"_links":{"self":[{"href":"https:\/\/jnats.eu\/pt\/wp-json\/wp\/v2\/product\/265","targetHints":{"allow":["GET"]}}],"collection":[{"href":"https:\/\/jnats.eu\/pt\/wp-json\/wp\/v2\/product"}],"about":[{"href":"https:\/\/jnats.eu\/pt\/wp-json\/wp\/v2\/types\/product"}],"replies":[{"embeddable":true,"href":"https:\/\/jnats.eu\/pt\/wp-json\/wp\/v2\/comments?post=265"}],"wp:featuredmedia":[{"embeddable":true,"href":"https:\/\/jnats.eu\/pt\/wp-json\/wp\/v2\/media\/1172"}],"wp:attachment":[{"href":"https:\/\/jnats.eu\/pt\/wp-json\/wp\/v2\/media?parent=265"}],"wp:term":[{"taxonomy":"product_brand","embeddable":true,"href":"https:\/\/jnats.eu\/pt\/wp-json\/wp\/v2\/product_brand?post=265"},{"taxonomy":"product_cat","embeddable":true,"href":"https:\/\/jnats.eu\/pt\/wp-json\/wp\/v2\/product_cat?post=265"},{"taxonomy":"product_tag","embeddable":true,"href":"https:\/\/jnats.eu\/pt\/wp-json\/wp\/v2\/product_tag?post=265"}],"curies":[{"name":"wp","href":"https:\/\/api.w.org\/{rel}","templated":true}]}}