{"id":2654,"date":"2024-05-13T08:09:43","date_gmt":"2024-05-13T05:09:43","guid":{"rendered":"http:\/\/jnats.eu\/?post_type=product&#038;p=2654"},"modified":"2024-09-04T12:36:00","modified_gmt":"2024-09-04T09:36:00","slug":"naniwa-super-stone-s8000-wa-with-stand-grit-8000","status":"publish","type":"product","link":"https:\/\/jnats.eu\/pt\/produto-2\/naniwa-super-stone-s8000-wa-with-stand-grit-8000\/","title":{"rendered":"Naniwa Super Stone S8000 WA com suporte de gr\u00e3o #8000"},"content":{"rendered":"","protected":false},"excerpt":{"rendered":"<ul>\n<li>Utilizada para o polimento e o acabamento ultra-afiado. Especialmente apreciado pelos afiadores de l\u00e2minas de barbear pelo seu trabalho suave. Tamb\u00e9m \u00e9 boa para afiar a\u00e7o quebradi\u00e7o. Devido \u00e0 sua liga\u00e7\u00e3o suave, funciona muito mais finamente do que as pedras duras do mesmo gr\u00e3o.<\/li>\n<li>Aglutinante de resina<\/li>\n<li>\u00d3xido de alum\u00ednio branco<\/li>\n<li>Tamanho do gr\u00e3o: #8000<\/li>\n<li>N\u00e3o \u00e9 necess\u00e1rio deixar de molho<\/li>\n<li>Dimens\u00f5es: 210 x 70 x 10 mm<\/li>\n<\/ul>","protected":false},"featured_media":2655,"comment_status":"open","ping_status":"closed","template":"","meta":[],"product_brand":[],"product_cat":[290],"product_tag":[197],"class_list":{"0":"post-2654","1":"product","2":"type-product","3":"status-publish","4":"has-post-thumbnail","6":"product_cat-whetstones","7":"product_tag-naniwa","8":"product_shipping_class-iprastas","10":"first","11":"outofstock","12":"shipping-taxable","13":"purchasable","14":"product-type-simple"},"_links":{"self":[{"href":"https:\/\/jnats.eu\/pt\/wp-json\/wp\/v2\/product\/2654","targetHints":{"allow":["GET"]}}],"collection":[{"href":"https:\/\/jnats.eu\/pt\/wp-json\/wp\/v2\/product"}],"about":[{"href":"https:\/\/jnats.eu\/pt\/wp-json\/wp\/v2\/types\/product"}],"replies":[{"embeddable":true,"href":"https:\/\/jnats.eu\/pt\/wp-json\/wp\/v2\/comments?post=2654"}],"wp:featuredmedia":[{"embeddable":true,"href":"https:\/\/jnats.eu\/pt\/wp-json\/wp\/v2\/media\/2655"}],"wp:attachment":[{"href":"https:\/\/jnats.eu\/pt\/wp-json\/wp\/v2\/media?parent=2654"}],"wp:term":[{"taxonomy":"product_brand","embeddable":true,"href":"https:\/\/jnats.eu\/pt\/wp-json\/wp\/v2\/product_brand?post=2654"},{"taxonomy":"product_cat","embeddable":true,"href":"https:\/\/jnats.eu\/pt\/wp-json\/wp\/v2\/product_cat?post=2654"},{"taxonomy":"product_tag","embeddable":true,"href":"https:\/\/jnats.eu\/pt\/wp-json\/wp\/v2\/product_tag?post=2654"}],"curies":[{"name":"wp","href":"https:\/\/api.w.org\/{rel}","templated":true}]}}