{"id":2659,"date":"2024-05-13T08:28:21","date_gmt":"2024-05-13T05:28:21","guid":{"rendered":"http:\/\/jnats.eu\/?post_type=product&#038;p=2659"},"modified":"2026-04-01T11:53:42","modified_gmt":"2026-04-01T08:53:42","slug":"naniwa-220-pa-bgs-022p-pink-alumina-traditional-whetstone","status":"publish","type":"product","link":"https:\/\/jnats.eu\/pt\/produto-2\/naniwa-220-pa-bgs-022p-pink-alumina-traditional-whetstone\/","title":{"rendered":"Naniwa #220 PA BGS-022p Pedra de amolar tradicional de alumina rosa"},"content":{"rendered":"<p>A pedra de \u00e1gua Naniwa 220 Grit Pink Alumina Traditional \u00e9 semelhante \u00e0 s\u00e9rie Naniwa Traditional, mas foi concebida para se desgastar mais lentamente e trabalhar mais depressa.<\/p>\n\n\n\n<figure class=\"wp-block-embed is-type-video is-provider-youtube wp-block-embed-youtube wp-embed-aspect-16-9 wp-has-aspect-ratio\"><div class=\"wp-block-embed__wrapper\">\n<div class=\"video-container\"><iframe title=\"Teste da pedra de amolar de \u00f3xido de alum\u00ednio rosa Naniwa com Shirogami Honyaki\" width=\"1170\" height=\"658\" src=\"https:\/\/www.youtube.com\/embed\/DuBMwsrQGaY?feature=oembed\" frameborder=\"0\" allow=\"accelerometer; autoplay; clipboard-write; encrypted-media; gyroscope; picture-in-picture; web-share\" referrerpolicy=\"strict-origin-when-cross-origin\" allowfullscreen><\/iframe><\/div>\n<\/div><\/figure>\n\n\n\n<p>As pedras de \u00e1gua tradicionais da Naniwa oferecem um excelente equil\u00edbrio entre pre\u00e7o e desempenho. Obt\u00e9m a qualidade e a aten\u00e7\u00e3o que a Naniwa coloca em todas as suas pedras, sem ter de pagar os pre\u00e7os mais elevados das linhas de pedras mais caras. Ao contr\u00e1rio das pedras Super, estas pedras t\u00eam um aglutinante tradicional que absorve a \u00e1gua. Recomendamos que as mergulhe em \u00e1gua antes de as utilizar.<\/p>\n\n\n\n<p>A caixa tem uma moldura na parte superior que permite colocar uma pedra no topo para trabalhar. A caixa tem p\u00e9s de borracha e orif\u00edcios de ventila\u00e7\u00e3o para que a pedra possa ser colocada no interior e fechada imediatamente ap\u00f3s o trabalho.<\/p>\n\n\n\n<p>Fabricado a partir de \u00f3xido de alum\u00ednio cor-de-rosa, que \u00e9 mais duro e mais dur\u00e1vel do que o \u00f3xido de alum\u00ednio branco habitual ou o carboneto de sil\u00edcio utilizado noutras pedras de amolar. A alumina rosa cont\u00e9m aditivos de \u00f3xido de cr\u00f3mio que lhe conferem uma cor rosa e aumentam a sua dureza e resist\u00eancia \u00e0 abras\u00e3o.<\/p>\n\n\n\n<p><strong>Vantagens<\/strong>:<\/p>\n\n\n\n<ul class=\"wp-block-list\">\n<li><strong>Durabilidade<\/strong>R: O \u00f3xido de alum\u00ednio rosa desgasta-se mais lentamente do que o carboneto de sil\u00edcio, pelo que a pedra mant\u00e9m a sua forma durante mais tempo.<\/li>\n\n\n\n<li><strong>Efici\u00eancia<\/strong>Velocidade de desbaste: Proporciona uma boa velocidade de desbaste, mas \u00e9 menos agressiva do que as pedras de carboneto de sil\u00edcio, pelo que n\u00e3o danifica t\u00e3o profundamente a superf\u00edcie met\u00e1lica.<\/li>\n\n\n\n<li>Fabricado no Jap\u00e3o, garantindo uma elevada qualidade e t\u00e9cnicas de produ\u00e7\u00e3o tradicionais.<\/li>\n<\/ul>","protected":false},"excerpt":{"rendered":"<ul>\n<li>O \u00f3xido de alum\u00ednio rosa desgasta-se mais lentamente do que o carboneto de sil\u00edcio, pelo que a pedra mant\u00e9m a sua forma durante mais tempo. Proporciona uma boa velocidade de retifica\u00e7\u00e3o, mas \u00e9 menos agressivo do que as pedras de carboneto de sil\u00edcio, pelo que n\u00e3o danifica t\u00e3o profundamente a superf\u00edcie do metal.<!-- \/wp:list --><\/li>\n<li>Tamanho do gr\u00e3o: #220<\/li>\n<li>Utilizada para a fase inicial de afina\u00e7\u00e3o<\/li>\n<li>Para demolhar em \u00e1gua antes do trabalho<\/li>\n<li>Dimens\u00f5es: 210 x 70 x 20 mm<\/li>\n<\/ul>","protected":false},"featured_media":2660,"comment_status":"open","ping_status":"closed","template":"","meta":[],"product_brand":[],"product_cat":[290],"product_tag":[197],"class_list":{"0":"post-2659","1":"product","2":"type-product","3":"status-publish","4":"has-post-thumbnail","6":"product_cat-whetstones","7":"product_tag-naniwa","8":"product_shipping_class-iprastas","10":"first","11":"instock","12":"shipping-taxable","13":"purchasable","14":"product-type-simple"},"_links":{"self":[{"href":"https:\/\/jnats.eu\/pt\/wp-json\/wp\/v2\/product\/2659","targetHints":{"allow":["GET"]}}],"collection":[{"href":"https:\/\/jnats.eu\/pt\/wp-json\/wp\/v2\/product"}],"about":[{"href":"https:\/\/jnats.eu\/pt\/wp-json\/wp\/v2\/types\/product"}],"replies":[{"embeddable":true,"href":"https:\/\/jnats.eu\/pt\/wp-json\/wp\/v2\/comments?post=2659"}],"wp:featuredmedia":[{"embeddable":true,"href":"https:\/\/jnats.eu\/pt\/wp-json\/wp\/v2\/media\/2660"}],"wp:attachment":[{"href":"https:\/\/jnats.eu\/pt\/wp-json\/wp\/v2\/media?parent=2659"}],"wp:term":[{"taxonomy":"product_brand","embeddable":true,"href":"https:\/\/jnats.eu\/pt\/wp-json\/wp\/v2\/product_brand?post=2659"},{"taxonomy":"product_cat","embeddable":true,"href":"https:\/\/jnats.eu\/pt\/wp-json\/wp\/v2\/product_cat?post=2659"},{"taxonomy":"product_tag","embeddable":true,"href":"https:\/\/jnats.eu\/pt\/wp-json\/wp\/v2\/product_tag?post=2659"}],"curies":[{"name":"wp","href":"https:\/\/api.w.org\/{rel}","templated":true}]}}