{"id":2665,"date":"2024-05-13T08:43:33","date_gmt":"2024-05-13T05:43:33","guid":{"rendered":"http:\/\/jnats.eu\/?post_type=product&#038;p=2665"},"modified":"2025-06-05T13:22:58","modified_gmt":"2025-06-05T10:22:58","slug":"naniwa-1000-wa-sekimonzen-toishi","status":"publish","type":"product","link":"https:\/\/jnats.eu\/pt\/produto-2\/naniwa-1000-wa-sekimonzen-toishi\/","title":{"rendered":"Naniwa #1000 WA Sekimonzen Toishi"},"content":{"rendered":"<p>Chega de peidos... os seus 5 mil\u00edmetros! Compra algo que n\u00e3o te envergonhes de tirar uma m\u00e3o cheia de ti ou de mostrar aos outros. Tem respeito por ti pr\u00f3prio!<\/p>\n\n\n\n<p>A Naniwa #1000 WA Sekimonzen Toishi \u00e9 uma pedra de afiar grande, concebida para afiar as suas facas ba\u00e7as (como no controlo).  Uma vez que se utiliza frequentemente uma pedra de afiar deste tamanho, o seu desgaste \u00e9 bastante r\u00e1pido. Para garantir uma longa vida \u00fatil, a Naniwa certificou-se de que esta pedra de afiar \u00e9 extremamente espessa. Tr\u00eas vezes mais espessa do que uma pedra de afiar normal!<\/p>","protected":false},"excerpt":{"rendered":"<ul>\n<li>Utilizada para a fase interm\u00e9dia de afia\u00e7\u00e3o<\/li>\n<li>\u00d3xido de alum\u00ednio branco<\/li>\n<li>Tamanho do gr\u00e3o: #1000<\/li>\n<li>Para ser ensopado<\/li>\n<li>Dimens\u00f5es: 210 x 70 x 60 mm<\/li>\n<li>Peso: 1810 g<\/li>\n<\/ul>","protected":false},"featured_media":2666,"comment_status":"open","ping_status":"closed","template":"","meta":[],"product_brand":[],"product_cat":[290],"product_tag":[197],"class_list":{"0":"post-2665","1":"product","2":"type-product","3":"status-publish","4":"has-post-thumbnail","6":"product_cat-whetstones","7":"product_tag-naniwa","8":"product_shipping_class-iprastas","10":"first","11":"outofstock","12":"sale","13":"shipping-taxable","14":"purchasable","15":"product-type-simple"},"_links":{"self":[{"href":"https:\/\/jnats.eu\/pt\/wp-json\/wp\/v2\/product\/2665","targetHints":{"allow":["GET"]}}],"collection":[{"href":"https:\/\/jnats.eu\/pt\/wp-json\/wp\/v2\/product"}],"about":[{"href":"https:\/\/jnats.eu\/pt\/wp-json\/wp\/v2\/types\/product"}],"replies":[{"embeddable":true,"href":"https:\/\/jnats.eu\/pt\/wp-json\/wp\/v2\/comments?post=2665"}],"wp:featuredmedia":[{"embeddable":true,"href":"https:\/\/jnats.eu\/pt\/wp-json\/wp\/v2\/media\/2666"}],"wp:attachment":[{"href":"https:\/\/jnats.eu\/pt\/wp-json\/wp\/v2\/media?parent=2665"}],"wp:term":[{"taxonomy":"product_brand","embeddable":true,"href":"https:\/\/jnats.eu\/pt\/wp-json\/wp\/v2\/product_brand?post=2665"},{"taxonomy":"product_cat","embeddable":true,"href":"https:\/\/jnats.eu\/pt\/wp-json\/wp\/v2\/product_cat?post=2665"},{"taxonomy":"product_tag","embeddable":true,"href":"https:\/\/jnats.eu\/pt\/wp-json\/wp\/v2\/product_tag?post=2665"}],"curies":[{"name":"wp","href":"https:\/\/api.w.org\/{rel}","templated":true}]}}