{"id":2667,"date":"2024-05-13T08:52:39","date_gmt":"2024-05-13T05:52:39","guid":{"rendered":"http:\/\/jnats.eu\/?post_type=product&#038;p=2667"},"modified":"2024-06-04T20:07:48","modified_gmt":"2024-06-04T17:07:48","slug":"naniwa-aotoishi-2000-ir-0260","status":"publish","type":"product","link":"https:\/\/jnats.eu\/pt\/produto-2\/naniwa-aotoishi-2000-ir-0260\/","title":{"rendered":"Naniwa Aotoishi #2000 IR-0260"},"content":{"rendered":"<p>A Naniwa Aotoishi \u00e9 uma pedra de afiar de grandes dimens\u00f5es concebida para afiar as suas facas ba\u00e7as (como no controlo). #2000 \u00e9 um tamanho de gr\u00e3o muito pr\u00e1tico. Suficientemente grosso para afiar facas usadas rapidamente, e suficientemente fino para terminar realmente afiado. Uma vez que se utiliza frequentemente uma pedra de afiar com esta granulometria, o seu desgaste \u00e9 bastante r\u00e1pido. Para garantir uma longa vida \u00fatil, a Naniwa certificou-se de que esta pedra de afiar \u00e9 extremamente espessa. Pelo menos o dobro da espessura de uma pedra de afiar normal!<\/p>\n\n\n\n<p>Ao longo dos anos, o Aotoishi tem-se tornado cada vez mais popular. N\u00e3o s\u00f3 por causa da espessura da pedra, mas tamb\u00e9m porque a pedra \u00e9 t\u00e3o eficiente e vers\u00e1til. O nome Aotoishi refere-se \u00e0 sua cor verde e ao facto de ser uma pedra de afiar. No entanto, a Aotoishi \u00e9 muitas vezes referida como o \"tijolo verde da alegria\" pelos seus muitos f\u00e3s.<\/p>\n\n\n\n<figure class=\"wp-block-embed is-type-video is-provider-youtube wp-block-embed-youtube wp-embed-aspect-16-9 wp-has-aspect-ratio\"><div class=\"wp-block-embed__wrapper\">\n<div class=\"video-container\"><iframe title=\"Naniwa Aotoshi, &quot;tijolo verde da alegria&quot;. Sess\u00e3o de afiar uma pedra\" width=\"1170\" height=\"658\" src=\"https:\/\/www.youtube.com\/embed\/avkcYvT65QM?feature=oembed\" frameborder=\"0\" allow=\"accelerometer; autoplay; clipboard-write; encrypted-media; gyroscope; picture-in-picture; web-share\" referrerpolicy=\"strict-origin-when-cross-origin\" allowfullscreen><\/iframe><\/div>\n<\/div><\/figure>","protected":false},"excerpt":{"rendered":"<ul>\n<li>Utilizado para a fase interm\u00e9dia ou de acabamento da afia\u00e7\u00e3o<\/li>\n<li>\u00d3xido de alum\u00ednio branco<\/li>\n<li>Tamanho do gr\u00e3o: #2000<\/li>\n<li>Para ser ensopado<\/li>\n<li>Dimens\u00f5es: 210 x 70 x 55 mm<\/li>\n<li>Peso: 1780 g<\/li>\n<\/ul>","protected":false},"featured_media":2668,"comment_status":"open","ping_status":"closed","template":"","meta":[],"product_brand":[],"product_cat":[290],"product_tag":[197],"class_list":{"0":"post-2667","1":"product","2":"type-product","3":"status-publish","4":"has-post-thumbnail","6":"product_cat-whetstones","7":"product_tag-naniwa","8":"product_shipping_class-iprastas","10":"first","11":"outofstock","12":"shipping-taxable","13":"purchasable","14":"product-type-simple"},"_links":{"self":[{"href":"https:\/\/jnats.eu\/pt\/wp-json\/wp\/v2\/product\/2667","targetHints":{"allow":["GET"]}}],"collection":[{"href":"https:\/\/jnats.eu\/pt\/wp-json\/wp\/v2\/product"}],"about":[{"href":"https:\/\/jnats.eu\/pt\/wp-json\/wp\/v2\/types\/product"}],"replies":[{"embeddable":true,"href":"https:\/\/jnats.eu\/pt\/wp-json\/wp\/v2\/comments?post=2667"}],"wp:featuredmedia":[{"embeddable":true,"href":"https:\/\/jnats.eu\/pt\/wp-json\/wp\/v2\/media\/2668"}],"wp:attachment":[{"href":"https:\/\/jnats.eu\/pt\/wp-json\/wp\/v2\/media?parent=2667"}],"wp:term":[{"taxonomy":"product_brand","embeddable":true,"href":"https:\/\/jnats.eu\/pt\/wp-json\/wp\/v2\/product_brand?post=2667"},{"taxonomy":"product_cat","embeddable":true,"href":"https:\/\/jnats.eu\/pt\/wp-json\/wp\/v2\/product_cat?post=2667"},{"taxonomy":"product_tag","embeddable":true,"href":"https:\/\/jnats.eu\/pt\/wp-json\/wp\/v2\/product_tag?post=2667"}],"curies":[{"name":"wp","href":"https:\/\/api.w.org\/{rel}","templated":true}]}}