{"id":2669,"date":"2024-05-13T09:01:52","date_gmt":"2024-05-13T06:01:52","guid":{"rendered":"http:\/\/jnats.eu\/?post_type=product&#038;p=2669"},"modified":"2024-07-09T23:11:51","modified_gmt":"2024-07-09T20:11:51","slug":"king-deluxe-stone-1000","status":"publish","type":"product","link":"https:\/\/jnats.eu\/pt\/produto-2\/king-deluxe-stone-1000\/","title":{"rendered":"King Deluxe Pedra #1000"},"content":{"rendered":"<p>Chega de se masturbar com os seus 5 mil\u00edmetros! Compra algo que n\u00e3o te envergonhes de tirar uma m\u00e3o cheia para ti ou de mostrar aos outros. Tem respeito por ti pr\u00f3prio!<\/p>\n\n\n\n<p>A pedra de afiar perfeita para manter a sua l\u00e2mina afiada. Pode ser utilizada para tesouras, facas, l\u00e2minas de barbear, etc.<br>Mergulh\u00e1-lo em \u00e1gua durante cerca de 3 minutos antes de o utilizar para saturar a pedra com \u00e1gua. Se a superf\u00edcie da pedra secar durante o trabalho, pulverizar com \u00e1gua.<\/p>\n\n\n\n<p>Utilize-o sempre numa superf\u00edcie plana, est\u00e1vel e antiderrapante. Enxaguar bem com \u00e1gua ap\u00f3s a utiliza\u00e7\u00e3o. Deixar secar e guardar ao abrigo da luz solar direta.<\/p>\n\n\n\n<p>Se uma parte da pedra cair, n\u00e3o se esque\u00e7a de alisar a parte lascada para n\u00e3o danificar a l\u00e2mina quando a estiver a afiar.<\/p>\n\n\n\n<p>\"A Matsunaga Stone Co., Ltd. \u00e9 um fabricante e comerciante de m\u00f3s e outros produtos com sede na prefeitura de Osaka. Oferecem a s\u00e9rie King Grindstone, desenvolvida atrav\u00e9s de anos de investiga\u00e7\u00e3o e tecnologia de ponta, bem como pedras de amolar para cortar, afiar, polir e v\u00e1rias outras aplica\u00e7\u00f5es.<\/p>","protected":false},"excerpt":{"rendered":"<ul>\n<li>Utilizada para a fase interm\u00e9dia de afia\u00e7\u00e3o<\/li>\n<li>\u00d3xido de alum\u00ednio<\/li>\n<li>Tamanho do gr\u00e3o: #1000<\/li>\n<li>Para ser ensopado<\/li>\n<li>Dimens\u00f5es: 209 x 70 x 60 mm<\/li>\n<li>Peso: 1700 g<\/li>\n<\/ul>","protected":false},"featured_media":2670,"comment_status":"open","ping_status":"closed","template":"","meta":[],"product_brand":[],"product_cat":[290],"product_tag":[292],"class_list":{"0":"post-2669","1":"product","2":"type-product","3":"status-publish","4":"has-post-thumbnail","6":"product_cat-whetstones","7":"product_tag-king","8":"product_shipping_class-iprastas","10":"first","11":"outofstock","12":"shipping-taxable","13":"purchasable","14":"product-type-simple"},"_links":{"self":[{"href":"https:\/\/jnats.eu\/pt\/wp-json\/wp\/v2\/product\/2669","targetHints":{"allow":["GET"]}}],"collection":[{"href":"https:\/\/jnats.eu\/pt\/wp-json\/wp\/v2\/product"}],"about":[{"href":"https:\/\/jnats.eu\/pt\/wp-json\/wp\/v2\/types\/product"}],"replies":[{"embeddable":true,"href":"https:\/\/jnats.eu\/pt\/wp-json\/wp\/v2\/comments?post=2669"}],"wp:featuredmedia":[{"embeddable":true,"href":"https:\/\/jnats.eu\/pt\/wp-json\/wp\/v2\/media\/2670"}],"wp:attachment":[{"href":"https:\/\/jnats.eu\/pt\/wp-json\/wp\/v2\/media?parent=2669"}],"wp:term":[{"taxonomy":"product_brand","embeddable":true,"href":"https:\/\/jnats.eu\/pt\/wp-json\/wp\/v2\/product_brand?post=2669"},{"taxonomy":"product_cat","embeddable":true,"href":"https:\/\/jnats.eu\/pt\/wp-json\/wp\/v2\/product_cat?post=2669"},{"taxonomy":"product_tag","embeddable":true,"href":"https:\/\/jnats.eu\/pt\/wp-json\/wp\/v2\/product_tag?post=2669"}],"curies":[{"name":"wp","href":"https:\/\/api.w.org\/{rel}","templated":true}]}}