{"id":2696,"date":"2025-04-30T14:35:08","date_gmt":"2025-04-30T11:35:08","guid":{"rendered":"http:\/\/jnats.eu\/?post_type=product&#038;p=2696"},"modified":"2025-05-04T13:57:31","modified_gmt":"2025-05-04T10:57:31","slug":"naudotas-japoniskas-skustuvo-galandinimo-dirzas-sp1-4-in-1","status":"publish","type":"product","link":"https:\/\/jnats.eu\/pt\/produto-2\/naudotas-japoniskas-skustuvo-galandinimo-dirzas-sp1-4-in-1\/","title":{"rendered":"Cinto de afiar l\u00e2minas de barbear japon\u00eas usado SP1 4 em 1"},"content":{"rendered":"<p>Quando se faz a barba com uma l\u00e2mina de barbear dobr\u00e1vel, a l\u00e2mina fica pouco afiada ao fim de algum tempo. Pode ent\u00e3o afiar a l\u00e2mina com as seguintes correias de couro. Um cinto de linho (n\u00e3o dispon\u00edvel aqui) \u00e9 utilizado para afiar as l\u00e2minas quando est\u00e3o mais soltas ou depois de as afiar numa pedra para remover os res\u00edduos met\u00e1licos da m\u00e1quina de barbear que podem ficar presos na pele.<\/p>\n\n\n\n<p>Pendurar um lado da precinta e esticar o outro com a m\u00e3o. <\/p>\n\n\n\n<p>Os cintos s\u00e3o constitu\u00eddos por duas camadas de couro: uma camada superior de cordov\u00e3o de couro de cavalo de trabalho e uma camada inferior de couro mais barato.<\/p>\n\n\n\n<figure class=\"wp-block-embed is-type-video is-provider-youtube wp-block-embed-youtube wp-embed-aspect-16-9 wp-has-aspect-ratio\"><div class=\"wp-block-embed__wrapper\">\n<div class=\"video-container\"><iframe title=\"Afiador de l\u00e2minas de barbear japon\u00eas usado Strop SP1 4 em 1\" width=\"1170\" height=\"658\" src=\"https:\/\/www.youtube.com\/embed\/xsmryXOKC6Q?feature=oembed\" frameborder=\"0\" allow=\"accelerometer; autoplay; clipboard-write; encrypted-media; gyroscope; picture-in-picture; web-share\" referrerpolicy=\"strict-origin-when-cross-origin\" allowfullscreen><\/iframe><\/div>\n<\/div><\/figure>","protected":false},"excerpt":{"rendered":"<ul>\n<li>Cinto de afiar l\u00e2minas de barbear japon\u00eas SP1 usado em quatro pe\u00e7as.<\/li>\n<li>Quatro correias ligadas por uma fivela.<\/li>\n<li>Dois est\u00e3o em bom estado e dois em estado razo\u00e1vel.<\/li>\n<li>Dimens\u00f5es: 600x62x1,7 mm<\/li>\n<\/ul>","protected":false},"featured_media":4501,"comment_status":"open","ping_status":"closed","template":"","meta":[],"product_brand":[],"product_cat":[23],"product_tag":[294,293],"class_list":{"0":"post-2696","1":"product","2":"type-product","3":"status-publish","4":"has-post-thumbnail","6":"product_cat-razors","7":"product_tag-dirzas","8":"product_tag-strop","9":"product_shipping_class-light","11":"first","12":"outofstock","13":"shipping-taxable","14":"purchasable","15":"product-type-simple"},"_links":{"self":[{"href":"https:\/\/jnats.eu\/pt\/wp-json\/wp\/v2\/product\/2696","targetHints":{"allow":["GET"]}}],"collection":[{"href":"https:\/\/jnats.eu\/pt\/wp-json\/wp\/v2\/product"}],"about":[{"href":"https:\/\/jnats.eu\/pt\/wp-json\/wp\/v2\/types\/product"}],"replies":[{"embeddable":true,"href":"https:\/\/jnats.eu\/pt\/wp-json\/wp\/v2\/comments?post=2696"}],"wp:featuredmedia":[{"embeddable":true,"href":"https:\/\/jnats.eu\/pt\/wp-json\/wp\/v2\/media\/4501"}],"wp:attachment":[{"href":"https:\/\/jnats.eu\/pt\/wp-json\/wp\/v2\/media?parent=2696"}],"wp:term":[{"taxonomy":"product_brand","embeddable":true,"href":"https:\/\/jnats.eu\/pt\/wp-json\/wp\/v2\/product_brand?post=2696"},{"taxonomy":"product_cat","embeddable":true,"href":"https:\/\/jnats.eu\/pt\/wp-json\/wp\/v2\/product_cat?post=2696"},{"taxonomy":"product_tag","embeddable":true,"href":"https:\/\/jnats.eu\/pt\/wp-json\/wp\/v2\/product_tag?post=2696"}],"curies":[{"name":"wp","href":"https:\/\/api.w.org\/{rel}","templated":true}]}}