{"id":2776,"date":"2025-08-21T08:23:35","date_gmt":"2025-08-21T05:23:35","guid":{"rendered":"http:\/\/jnats.eu\/?post_type=product&#038;p=2776"},"modified":"2025-09-30T11:22:08","modified_gmt":"2025-09-30T08:22:08","slug":"iwasaki-kamisori-swedish-steel","status":"publish","type":"product","link":"https:\/\/jnats.eu\/pt\/produto-2\/iwasaki-kamisori-swedish-steel\/","title":{"rendered":"Iwasaki kamisori A\u00e7o sueco (NOS)"},"content":{"rendered":"<figure class=\"wp-block-embed is-type-video is-provider-youtube wp-block-embed-youtube wp-embed-aspect-9-16 wp-has-aspect-ratio\"><div class=\"wp-block-embed__wrapper\">\n<div class=\"video-container\"><iframe title=\"Iwasaki kamisori A\u00e7o sueco (NOS)\" width=\"563\" height=\"1000\" src=\"https:\/\/www.youtube.com\/embed\/DL6KQ6jBGuI?feature=oembed\" frameborder=\"0\" allow=\"accelerometer; autoplay; clipboard-write; encrypted-media; gyroscope; picture-in-picture; web-share\" referrerpolicy=\"strict-origin-when-cross-origin\" allowfullscreen><\/iframe><\/div>\n<\/div><\/figure>\n\n\n\n<p>A Iwasaki \u00e9 uma das mais apreciadas entre os coleccionadores e os entusiastas do barbear tradicional pela qualidade do seu a\u00e7o temperado e pelo seu acabamento. A navalha foi fabricada no per\u00edodo Showa, por volta da d\u00e9cada de 1950. Tem um comprimento de 15 cm, um comprimento do fio de corte de 4,6 cm e um peso de 36 g. Trata-se de uma kamisori de tamanho m\u00e9dio e peso ligeiro.<\/p>\n\n\n\n<p>Como uma espada tradicional de samurai, este Kamisori foi forjado \u00e0 m\u00e3o a partir de 2 camadas, a parte cortante \u00e9 feita de a\u00e7o rico em carbono e o fulcro \u00e9 de um a\u00e7o inoxid\u00e1vel mais simples.  A camada interm\u00e9dia \u00e9 dura para uma afia\u00e7\u00e3o duradoura e um barbear agrad\u00e1vel, enquanto o suporte proporciona a flexibilidade necess\u00e1ria.<\/p>\n\n\n\n<p>Ambas as camadas s\u00e3o boas para resistir \u00e0 corros\u00e3o, mas nenhum a\u00e7o \u00e9 completamente \u00e0 prova de ferrugem, por isso mantenha sempre a l\u00e2mina seca depois de fazer a barba e proteja-a com uma fina camada de \u00f3leo. <\/p>","protected":false},"excerpt":{"rendered":"<ul>\n<li>Material da l\u00e2mina: a\u00e7o sueco forjado, endurecido a uma dureza relativa de 63 HRC, pelo que mant\u00e9m a sua nitidez durante muito tempo.<\/li>\n<li>Dimens\u00f5es aproximadas da l\u00e2mina (todos os kamisori s\u00e3o ligeiramente diferentes porque s\u00e3o feitos \u00e0 m\u00e3o): 46x20x4,5 mm<\/li>\n<li>Material do cabo: a\u00e7o forjado<\/li>\n<li>Comprimento total: 151 mm<\/li>\n<li>Peso 36 g<\/li>\n<li>Origem: Jap\u00e3o<\/li>\n<\/ul>","protected":false},"featured_media":5125,"comment_status":"open","ping_status":"closed","template":"","meta":[],"product_brand":[],"product_cat":[23],"product_tag":[130,25,298],"class_list":{"0":"post-2776","1":"product","2":"type-product","3":"status-publish","4":"has-post-thumbnail","6":"product_cat-razors","7":"product_tag-iwasaki","8":"product_tag-kamisori","9":"product_tag-swedish-steel","10":"product_shipping_class-light","12":"first","13":"outofstock","14":"shipping-taxable","15":"product-type-variable"},"_links":{"self":[{"href":"https:\/\/jnats.eu\/pt\/wp-json\/wp\/v2\/product\/2776","targetHints":{"allow":["GET"]}}],"collection":[{"href":"https:\/\/jnats.eu\/pt\/wp-json\/wp\/v2\/product"}],"about":[{"href":"https:\/\/jnats.eu\/pt\/wp-json\/wp\/v2\/types\/product"}],"replies":[{"embeddable":true,"href":"https:\/\/jnats.eu\/pt\/wp-json\/wp\/v2\/comments?post=2776"}],"wp:featuredmedia":[{"embeddable":true,"href":"https:\/\/jnats.eu\/pt\/wp-json\/wp\/v2\/media\/5125"}],"wp:attachment":[{"href":"https:\/\/jnats.eu\/pt\/wp-json\/wp\/v2\/media?parent=2776"}],"wp:term":[{"taxonomy":"product_brand","embeddable":true,"href":"https:\/\/jnats.eu\/pt\/wp-json\/wp\/v2\/product_brand?post=2776"},{"taxonomy":"product_cat","embeddable":true,"href":"https:\/\/jnats.eu\/pt\/wp-json\/wp\/v2\/product_cat?post=2776"},{"taxonomy":"product_tag","embeddable":true,"href":"https:\/\/jnats.eu\/pt\/wp-json\/wp\/v2\/product_tag?post=2776"}],"curies":[{"name":"wp","href":"https:\/\/api.w.org\/{rel}","templated":true}]}}