{"id":283,"date":"2024-02-29T10:57:24","date_gmt":"2024-02-29T08:57:24","guid":{"rendered":"http:\/\/jnats.eu\/?post_type=product&#038;p=283"},"modified":"2025-03-04T09:10:26","modified_gmt":"2025-03-04T07:10:26","slug":"shobudani-asagi","status":"publish","type":"product","link":"https:\/\/jnats.eu\/pt\/produto-2\/shobudani-asagi\/","title":{"rendered":"Pedra natural japonesa Shobudani Asagi para afiar"},"content":{"rendered":"<ul class=\"wp-block-list\">\n<li><strong>Dureza: Lv 4<\/strong><\/li>\n\n\n\n<li><strong>Dimens\u00f5es: 206x76x33 mm<\/strong><\/li>\n\n\n\n<li><strong>Peso: 1320 g<\/strong><\/li>\n\n\n\n<li><em>Contras: Existe uma pequena ranhura a cerca de 3 cm da extremidade na parte de trabalho.<\/em><\/li>\n\n\n\n<li>Ideal para o acabamento de l\u00e2minas de barbear para um barbear super-suave. Naturalmente, tamb\u00e9m \u00e9 adequada para afiar facas, ferramentas de carpintaria e outras. Como a maioria das pedras naturais japonesas, esta assegura uma maior dura\u00e7\u00e3o da l\u00e2mina (em compara\u00e7\u00e3o com as sint\u00e9ticas) e uma boa afia\u00e7\u00e3o. Tamb\u00e9m evita a forma\u00e7\u00e3o de rebarbas durante a afia\u00e7\u00e3o, o que torna o processo mais f\u00e1cil e r\u00e1pido. Recomenda-se trabalhar com \u00e1gua morna, pois s\u00f3 assim \u00e9 poss\u00edvel obter as melhores propriedades abrasivas.<\/li>\n<\/ul>\n\n\n\n<figure class=\"wp-block-embed is-type-video is-provider-youtube wp-block-embed-youtube wp-embed-aspect-16-9 wp-has-aspect-ratio\"><div class=\"wp-block-embed__wrapper\">\n<div class=\"video-container\"><iframe title=\"Jnats: pedras de amolar Umegahata Tomae, Ozuku, Shobudani Asagi\" width=\"1170\" height=\"658\" src=\"https:\/\/www.youtube.com\/embed\/mTqJM3yPskA?start=310&#038;feature=oembed\" frameborder=\"0\" allow=\"accelerometer; autoplay; clipboard-write; encrypted-media; gyroscope; picture-in-picture; web-share\" referrerpolicy=\"strict-origin-when-cross-origin\" allowfullscreen><\/iframe><\/div>\n<\/div><\/figure>\n\n\n\n<p>As principais vantagens das pedras de afiar japonesas naturais:<\/p>\n\n\n\n<ul class=\"wp-block-list\">\n<li>As ferramentas mant\u00eam-se afiadas durante mais tempo<\/li>\n\n\n\n<li>As pedras n\u00e3o ficam contaminadas com res\u00edduos met\u00e1licos<\/li>\n\n\n\n<li>F\u00e1cil de remover a v\u00e1lvula de gaveta<\/li>\n\n\n\n<li>Uma resposta surpreendente que permite sentir exatamente o que est\u00e1 a acontecer na superf\u00edcie do metal.<\/li>\n<\/ul>","protected":false},"excerpt":{"rendered":"<ul>\n<li><strong>Dureza: Lv 4<\/strong><\/li>\n<li><strong>Dimens\u00f5es: 206x76x33 mm<\/strong><\/li>\n<li><strong>Peso: 1320 g<\/strong><\/li>\n<li><em>Contras: Existe uma pequena ranhura a cerca de 3 cm da extremidade na parte de trabalho.<\/em><\/li>\n<li>Ideal para o acabamento de l\u00e2minas de barbear para um barbear super-suave. Naturalmente, tamb\u00e9m \u00e9 adequada para afiar facas, ferramentas de carpintaria e outras. Como a maioria das pedras naturais japonesas, esta assegura uma maior dura\u00e7\u00e3o da l\u00e2mina (em compara\u00e7\u00e3o com as sint\u00e9ticas) e uma boa afia\u00e7\u00e3o. Tamb\u00e9m evita a forma\u00e7\u00e3o de rebarbas durante a afia\u00e7\u00e3o, o que torna o processo mais f\u00e1cil e r\u00e1pido. Recomenda-se trabalhar com \u00e1gua morna, pois s\u00f3 assim \u00e9 poss\u00edvel obter as melhores propriedades abrasivas.<\/li>\n<\/ul>","protected":false},"featured_media":1251,"comment_status":"open","ping_status":"closed","template":"","meta":[],"product_brand":[],"product_cat":[22],"product_tag":[45,44],"class_list":{"0":"post-283","1":"product","2":"type-product","3":"status-publish","4":"has-post-thumbnail","6":"product_cat-jnats","7":"product_tag-asagi","8":"product_tag-shobudani","9":"product_shipping_class-iprastas","11":"first","12":"outofstock","13":"sale","14":"shipping-taxable","15":"purchasable","16":"product-type-simple"},"_links":{"self":[{"href":"https:\/\/jnats.eu\/pt\/wp-json\/wp\/v2\/product\/283","targetHints":{"allow":["GET"]}}],"collection":[{"href":"https:\/\/jnats.eu\/pt\/wp-json\/wp\/v2\/product"}],"about":[{"href":"https:\/\/jnats.eu\/pt\/wp-json\/wp\/v2\/types\/product"}],"replies":[{"embeddable":true,"href":"https:\/\/jnats.eu\/pt\/wp-json\/wp\/v2\/comments?post=283"}],"wp:featuredmedia":[{"embeddable":true,"href":"https:\/\/jnats.eu\/pt\/wp-json\/wp\/v2\/media\/1251"}],"wp:attachment":[{"href":"https:\/\/jnats.eu\/pt\/wp-json\/wp\/v2\/media?parent=283"}],"wp:term":[{"taxonomy":"product_brand","embeddable":true,"href":"https:\/\/jnats.eu\/pt\/wp-json\/wp\/v2\/product_brand?post=283"},{"taxonomy":"product_cat","embeddable":true,"href":"https:\/\/jnats.eu\/pt\/wp-json\/wp\/v2\/product_cat?post=283"},{"taxonomy":"product_tag","embeddable":true,"href":"https:\/\/jnats.eu\/pt\/wp-json\/wp\/v2\/product_tag?post=283"}],"curies":[{"name":"wp","href":"https:\/\/api.w.org\/{rel}","templated":true}]}}