{"id":295,"date":"2024-02-29T11:11:28","date_gmt":"2024-02-29T09:11:28","guid":{"rendered":"http:\/\/jnats.eu\/?post_type=product&#038;p=295"},"modified":"2024-10-20T14:59:50","modified_gmt":"2024-10-20T11:59:50","slug":"umegahata-tomae","status":"publish","type":"product","link":"https:\/\/jnats.eu\/pt\/produto-2\/umegahata-tomae\/","title":{"rendered":"Pedra natural japonesa Umegahata Tomae para afiar"},"content":{"rendered":"<ul class=\"wp-block-list\">\n<li><strong>Dureza: Lv 4.5<\/strong><\/li>\n\n\n\n<li><strong>Dimens\u00f5es (aprox.): 232x100x35 mm<\/strong><\/li>\n\n\n\n<li><strong>Peso: 1900 g<\/strong><\/li>\n\n\n\n<li>Uma pedra r\u00e1pida ideal para afiar facas, marcenaria e outras ferramentas. Para as l\u00e2minas de barbear, um pr\u00e9-acabamento.<\/li>\n\n\n\n<li>As pedras naturais japonesas garantem uma vida \u00fatil mais longa da l\u00e2mina (em compara\u00e7\u00e3o com as pedras sint\u00e9ticas e especialmente os \"diamantes\", elbors) e uma boa afia\u00e7\u00e3o. Para al\u00e9m disso, n\u00e3o permitem a forma\u00e7\u00e3o de rebarbas durante a afia\u00e7\u00e3o, o que torna o processo mais f\u00e1cil e r\u00e1pido. Recomenda-se trabalhar com \u00e1gua morna, pois s\u00f3 assim \u00e9 poss\u00edvel tirar partido das melhores qualidades abrasivas: rapidez, rea\u00e7\u00e3o e uniformidade.<\/li>\n<\/ul>\n\n\n\n<figure class=\"wp-block-embed is-type-video is-provider-youtube wp-block-embed-youtube wp-embed-aspect-16-9 wp-has-aspect-ratio\"><div class=\"wp-block-embed__wrapper\">\n<div class=\"video-container\"><iframe title=\"Jnats: Umegahata Tomae, Ozuku, Shobudani Asagi\" width=\"1170\" height=\"658\" src=\"https:\/\/www.youtube.com\/embed\/mTqJM3yPskA?feature=oembed\" frameborder=\"0\" allow=\"accelerometer; autoplay; clipboard-write; encrypted-media; gyroscope; picture-in-picture; web-share\" allowfullscreen><\/iframe><\/div>\n<\/div><\/figure>","protected":false},"excerpt":{"rendered":"<ul>\n<li><strong>Dureza: Lv 4.5<\/strong><\/li>\n<li><strong>Dimens\u00f5es (aprox.): 232x100x35 mm<\/strong><\/li>\n<li><strong>Peso: 1900 g<\/strong><\/li>\n<li>Uma pedra r\u00e1pida ideal para afiar facas, marcenaria e outras ferramentas. Para as l\u00e2minas de barbear, um pr\u00e9-acabamento.<\/li>\n<li>As pedras naturais japonesas garantem uma vida \u00fatil mais longa da l\u00e2mina (em compara\u00e7\u00e3o com as pedras sint\u00e9ticas e especialmente os \"diamantes\", elbors) e uma boa afia\u00e7\u00e3o. Para al\u00e9m disso, n\u00e3o permitem a forma\u00e7\u00e3o de rebarbas durante a afia\u00e7\u00e3o, o que torna o processo mais f\u00e1cil e r\u00e1pido. Recomenda-se trabalhar com \u00e1gua morna, pois s\u00f3 assim \u00e9 poss\u00edvel tirar partido das melhores qualidades abrasivas: rapidez, rea\u00e7\u00e3o e uniformidade.<\/li>\n<\/ul>","protected":false},"featured_media":1257,"comment_status":"open","ping_status":"closed","template":"","meta":[],"product_brand":[],"product_cat":[22],"product_tag":[67,68],"class_list":{"0":"post-295","1":"product","2":"type-product","3":"status-publish","4":"has-post-thumbnail","6":"product_cat-jnats","7":"product_tag-tomae","8":"product_tag-umegahata","9":"product_shipping_class-iprastas","11":"first","12":"outofstock","13":"sale","14":"shipping-taxable","15":"purchasable","16":"product-type-simple"},"_links":{"self":[{"href":"https:\/\/jnats.eu\/pt\/wp-json\/wp\/v2\/product\/295","targetHints":{"allow":["GET"]}}],"collection":[{"href":"https:\/\/jnats.eu\/pt\/wp-json\/wp\/v2\/product"}],"about":[{"href":"https:\/\/jnats.eu\/pt\/wp-json\/wp\/v2\/types\/product"}],"replies":[{"embeddable":true,"href":"https:\/\/jnats.eu\/pt\/wp-json\/wp\/v2\/comments?post=295"}],"wp:featuredmedia":[{"embeddable":true,"href":"https:\/\/jnats.eu\/pt\/wp-json\/wp\/v2\/media\/1257"}],"wp:attachment":[{"href":"https:\/\/jnats.eu\/pt\/wp-json\/wp\/v2\/media?parent=295"}],"wp:term":[{"taxonomy":"product_brand","embeddable":true,"href":"https:\/\/jnats.eu\/pt\/wp-json\/wp\/v2\/product_brand?post=295"},{"taxonomy":"product_cat","embeddable":true,"href":"https:\/\/jnats.eu\/pt\/wp-json\/wp\/v2\/product_cat?post=295"},{"taxonomy":"product_tag","embeddable":true,"href":"https:\/\/jnats.eu\/pt\/wp-json\/wp\/v2\/product_tag?post=295"}],"curies":[{"name":"wp","href":"https:\/\/api.w.org\/{rel}","templated":true}]}}