{"id":313,"date":"2024-03-02T14:13:44","date_gmt":"2024-03-02T12:13:44","guid":{"rendered":"http:\/\/jnats.eu\/?post_type=product&#038;p=313"},"modified":"2026-01-30T18:16:12","modified_gmt":"2026-01-30T16:16:12","slug":"vintaziniai-japoniski-skustuvai-kamisori-nos","status":"publish","type":"product","link":"https:\/\/jnats.eu\/pt\/produto-2\/vintaziniai-japoniski-skustuvai-kamisori-nos\/","title":{"rendered":"Iwasaki Sanjo Seisakusho \u4e09\u6761\u88fd\u4f5c\u6240 Shizusaburo e Henkotsu L\u00e2minas de barbear japonesas vintage Kamisori NOS"},"content":{"rendered":"<p>O lend\u00e1rio ferreiro Shigeyoshi Iwasaki nasceu em 1933 e foi ensinado, entre outros, pelo seu pai Dr. Iwasaki Kousuke, que criou Iwasaki Kamisori, tamb\u00e9m metal\u00fargico, famoso pela classifica\u00e7\u00e3o do a\u00e7o japon\u00eas, ou seja, \"papel amarelo\", \"papel branco\", \"papel azul\". etc.<br>Dedicou-se tamb\u00e9m ao estudo de espadas e facas antigas conservadas no Museu Syousou-In, constru\u00eddo no s\u00e9culo VIII.<br>Quando n\u00e3o estava a trabalhar na sua forja, ensinava t\u00e9cnicas e teoria metal\u00fargica a jovens ferreiros de Sanjo como Shigefusa e Yoshikane. Atualmente, Shigeyoshi Iwasaki est\u00e1 reformado, mas o seu aprendiz, Ryoichi Mizuochi, est\u00e1 a fabricar outras l\u00e2minas maravilhosas com o log\u00f3tipo bem conhecido entre os amadores - tr\u00eas riscas num c\u00edrculo!<\/p>\n\n\n\n<p><strong>O Henkotsu \u00e9 tamb\u00e9m um dos kamisori vintage mais apreciados do Jap\u00e3o.<\/strong><\/p>\n\n\n\n<p>Apresentamos uma cole\u00e7\u00e3o exclusiva de l\u00e2minas de barbear japonesas vintage - a s\u00e9rie Kamisori, concebida para redefinir a experi\u00eancia de cuidar da barba com a tradicional habilidade e precis\u00e3o japonesas.<br><br>Fabricadas com o m\u00e1ximo cuidado e aten\u00e7\u00e3o ao pormenor, cada m\u00e1quina de barbear Kamisori incorpora a eleg\u00e2ncia intemporal e o desempenho associados \u00e0 heran\u00e7a japonesa. Estas m\u00e1quinas de barbear combinam na perfei\u00e7\u00e3o t\u00e9cnicas tradicionais com caracter\u00edsticas modernas para proporcionar ao utilizador mais exigente a derradeira experi\u00eancia de barbear. A l\u00e2mina de a\u00e7o-carbono duro \u00e9 forjada pelo ferreiro numa bainha de a\u00e7o mais macio para obter a m\u00e1xima nitidez e durabilidade. \u00c9 assim que as famosas espadas katana japonesas s\u00e3o fabricadas h\u00e1 s\u00e9culos.<br><br>Caracter\u00edsticas principais:<br><br>Aut\u00eantico artesanato japon\u00eas: as l\u00e2minas de barbear Kamisori s\u00e3o meticulosamente fabricadas \u00e0 m\u00e3o por artes\u00e3os qualificados que aperfei\u00e7oaram o seu of\u00edcio durante gera\u00e7\u00f5es, garantindo uma qualidade e precis\u00e3o inigual\u00e1veis.<br><br>Materiais de primeira qualidade: apenas os melhores materiais s\u00e3o utilizados nas nossas m\u00e1quinas de barbear, incluindo a\u00e7o de alta qualidade e ligas japonesas aut\u00eanticas para garantir durabilidade e longevidade.<br><br>Design intemporal: a m\u00e1quina de barbear Kamisori \u00e9 inspirada na est\u00e9tica japonesa secular, com linhas simples, eleg\u00e2ncia minimalista e pegas ergon\u00f3micas para um manuseamento e manobrabilidade f\u00e1ceis.<br><br>Excelente desempenho de barbear: experimente a m\u00e1xima precis\u00e3o de barbear com as m\u00e1quinas de barbear Kamisori, concebidas para um barbear suave e rente com o m\u00ednimo de irrita\u00e7\u00e3o, gra\u00e7as \u00e0s l\u00e2minas afiadas e \u00e0 distribui\u00e7\u00e3o equilibrada do peso.<br><br>Versatilidade: quer prefira um barbear limpo ou detalhes intrincados, as m\u00e1quinas de barbear Kamisori s\u00e3o vers\u00e1teis para se adaptarem a uma vasta gama de estilos e prefer\u00eancias de barbear, o que as torna uma ferramenta essencial para o cavalheiro moderno.<br><br>Uma pe\u00e7a de cole\u00e7\u00e3o: cada l\u00e2mina de barbear Kamisori \u00e9 um testemunho da rica heran\u00e7a do artesanato japon\u00eas, o que a torna n\u00e3o s\u00f3 um acess\u00f3rio de cuidado funcional, mas tamb\u00e9m uma pe\u00e7a de cole\u00e7\u00e3o valiosa para os entusiastas da cultura de barbear tradicional.<br><br>Desfrute da arte de barbear tradicional japonesa com as m\u00e1quinas de barbear vintage Kamisori e leve a sua rotina de barbear a novos patamares de requinte e luxo. Experimente a diferen\u00e7a que a engenharia de precis\u00e3o e o design intemporal podem fazer para conseguir sempre o barbear perfeito.<\/p>","protected":false},"excerpt":{"rendered":"<ul>\n<li>NOS (New old stock) L\u00e2minas de barbear tradicionais japonesas n\u00e3o utilizadas e cuidadosamente conservadas com caixas desde meados do s\u00e9culo passado.<\/li>\n<li>Apresenta sinais de corros\u00e3o.<\/li>\n<li>A l\u00e2mina de a\u00e7o-carbono duro \u00e9 colocada pelo ferreiro numa bainha de a\u00e7o mais macio para obter a m\u00e1xima nitidez e durabilidade. \u00c9 assim que as famosas espadas katana japonesas s\u00e3o fabricadas h\u00e1 s\u00e9culos.<\/li>\n<li>\n<p>L\u00e2minas de barbear muito raras, primeiras obras de Shigeyoshi Iwasaki. Em meados do s\u00e9culo passado, Iwasaki foi o \u00fanico a utilizar tr\u00eas linhas num c\u00edrculo num log\u00f3tipo. Iwasaki estava a trabalhar nas m\u00e1quinas de barbear Nippon antes de criar o log\u00f3tipo. Shizusaburo criou o seu pr\u00f3prio log\u00f3tipo ap\u00f3s o aparecimento desta m\u00e1quina de barbear.<\/p>\n<\/li>\n<li><strong>Esquerda N.\u00ba 2<\/strong><\/li>\n<li>Comprimento total: 150 mm<\/li>\n<li>L\u00e2mina: 43x21x5 mm<\/li>\n<li>Peso: 36 g<\/li>\n<\/ul>","protected":false},"featured_media":1083,"comment_status":"open","ping_status":"closed","template":"","meta":[],"product_brand":[],"product_cat":[23],"product_tag":[25,55],"class_list":{"0":"post-313","1":"product","2":"type-product","3":"status-publish","4":"has-post-thumbnail","6":"product_cat-razors","7":"product_tag-kamisori","8":"product_tag-nos","9":"product_shipping_class-light","11":"first","12":"instock","13":"sold-individually","14":"shipping-taxable","15":"product-type-variable"},"_links":{"self":[{"href":"https:\/\/jnats.eu\/pt\/wp-json\/wp\/v2\/product\/313","targetHints":{"allow":["GET"]}}],"collection":[{"href":"https:\/\/jnats.eu\/pt\/wp-json\/wp\/v2\/product"}],"about":[{"href":"https:\/\/jnats.eu\/pt\/wp-json\/wp\/v2\/types\/product"}],"replies":[{"embeddable":true,"href":"https:\/\/jnats.eu\/pt\/wp-json\/wp\/v2\/comments?post=313"}],"wp:featuredmedia":[{"embeddable":true,"href":"https:\/\/jnats.eu\/pt\/wp-json\/wp\/v2\/media\/1083"}],"wp:attachment":[{"href":"https:\/\/jnats.eu\/pt\/wp-json\/wp\/v2\/media?parent=313"}],"wp:term":[{"taxonomy":"product_brand","embeddable":true,"href":"https:\/\/jnats.eu\/pt\/wp-json\/wp\/v2\/product_brand?post=313"},{"taxonomy":"product_cat","embeddable":true,"href":"https:\/\/jnats.eu\/pt\/wp-json\/wp\/v2\/product_cat?post=313"},{"taxonomy":"product_tag","embeddable":true,"href":"https:\/\/jnats.eu\/pt\/wp-json\/wp\/v2\/product_tag?post=313"}],"curies":[{"name":"wp","href":"https:\/\/api.w.org\/{rel}","templated":true}]}}