{"id":3175,"date":"2025-02-12T14:37:19","date_gmt":"2025-02-12T12:37:19","guid":{"rendered":"https:\/\/jnats.eu\/?post_type=product&#038;p=3175"},"modified":"2026-04-11T09:30:05","modified_gmt":"2026-04-11T06:30:05","slug":"aizu","status":"publish","type":"product","link":"https:\/\/jnats.eu\/pt\/produto-2\/aizu\/","title":{"rendered":"Pedra de amolar m\u00e9dia Aizu"},"content":{"rendered":"<p>Como a maioria das Aizu, esta pedra tem uma dureza bastante moderada e n\u00e3o liberta facilmente a sua suspens\u00e3o. Afia eficazmente desde que a superf\u00edcie permane\u00e7a h\u00famida. Forma ideal. Esta pedra equivale a produtos artificiais com um gr\u00e3o de cerca de 800-1500. Pode ser utilizada para terminar a afia\u00e7\u00e3o de facas ou para preparar a superf\u00edcie para um acabamento posterior com outra pedra natural. Pode aumentar a velocidade e a facilidade de amolar utilizando uma lama for\u00e7ada por um prato de diamante.<\/p>\n\n\n\n<p>Esta pedra tem a cor cinzenta clara carater\u00edstica de Aizu, com manchas escuras e brancas.<\/p>\n\n\n\n<figure class=\"wp-block-embed is-type-video is-provider-youtube wp-block-embed-youtube wp-embed-aspect-16-9 wp-has-aspect-ratio\"><div class=\"wp-block-embed__wrapper\">\n<div class=\"video-container\"><iframe title=\"Aizu Medium Whetstone Jnats\" width=\"1170\" height=\"658\" src=\"https:\/\/www.youtube.com\/embed\/YkGH4UyfKrg?feature=oembed\" frameborder=\"0\" allow=\"accelerometer; autoplay; clipboard-write; encrypted-media; gyroscope; picture-in-picture; web-share\" referrerpolicy=\"strict-origin-when-cross-origin\" allowfullscreen><\/iframe><\/div>\n<\/div><\/figure>\n\n\n\n<p><strong>Aizu (\u4f1a\u6d25\u7825)<\/strong><br>Esta mina, ao contr\u00e1rio da maioria, n\u00e3o fica perto de Kyoto, mas mais a norte, perto de Fukushima. Estas pedras s\u00e3o talvez as mais desej\u00e1veis nakatoishi de gr\u00e3o m\u00e9dio do Jap\u00e3o. A cor das pedras de afiar naturais de Aizu varia tipicamente entre o cinzento claro ou azulado e o verde menta com manchas brancas e raros \"an\u00e9is de l\u00f3tus\" pretos ou cinzentos. A mina foi encerrada na d\u00e9cada de 1960 devido a problemas de sa\u00fade dos seus trabalhadores.<\/p>\n\n\n\n<p>Veja o v\u00eddeo para ver como funciona esta pedra Aizu:<\/p>\n\n\n\n<figure class=\"wp-block-embed is-type-video is-provider-youtube wp-block-embed-youtube wp-embed-aspect-16-9 wp-has-aspect-ratio\"><div class=\"wp-block-embed__wrapper\">\n<div class=\"video-container\"><iframe title=\"Pedras de amolar Aizu Lv 3 - 4.5 vs a\u00e7o Aogami\" width=\"1170\" height=\"658\" src=\"https:\/\/www.youtube.com\/embed\/VdMya5Knqzs?feature=oembed\" frameborder=\"0\" allow=\"accelerometer; autoplay; clipboard-write; encrypted-media; gyroscope; picture-in-picture; web-share\" referrerpolicy=\"strict-origin-when-cross-origin\" allowfullscreen><\/iframe><\/div>\n<\/div><\/figure>","protected":false},"excerpt":{"rendered":"<ul>\n<li>Peso: aproximadamente 480 g<\/li>\n<li>Dimens\u00f5es: 150x45x30 mm<\/li>\n<li>Granulometria aproximada #800-1500<\/li>\n<li>Dureza Lv 3<\/li>\n<li>\u00c9 mais adequado para a fase interm\u00e9dia do polimento ou como doador de lama (nagura) do que para a afia\u00e7\u00e3o direta, uma vez que estas pedras s\u00e3o muito macias.<\/li>\n<\/ul>","protected":false},"featured_media":3933,"comment_status":"open","ping_status":"closed","template":"","meta":[],"product_brand":[],"product_cat":[22],"product_tag":[299,300],"class_list":{"0":"post-3175","1":"product","2":"type-product","3":"status-publish","4":"has-post-thumbnail","6":"product_cat-jnats","7":"product_tag-aizu","8":"product_tag-medium","9":"product_shipping_class-iprastas","11":"first","12":"outofstock","13":"sale","14":"shipping-taxable","15":"purchasable","16":"product-type-simple"},"_links":{"self":[{"href":"https:\/\/jnats.eu\/pt\/wp-json\/wp\/v2\/product\/3175","targetHints":{"allow":["GET"]}}],"collection":[{"href":"https:\/\/jnats.eu\/pt\/wp-json\/wp\/v2\/product"}],"about":[{"href":"https:\/\/jnats.eu\/pt\/wp-json\/wp\/v2\/types\/product"}],"replies":[{"embeddable":true,"href":"https:\/\/jnats.eu\/pt\/wp-json\/wp\/v2\/comments?post=3175"}],"wp:featuredmedia":[{"embeddable":true,"href":"https:\/\/jnats.eu\/pt\/wp-json\/wp\/v2\/media\/3933"}],"wp:attachment":[{"href":"https:\/\/jnats.eu\/pt\/wp-json\/wp\/v2\/media?parent=3175"}],"wp:term":[{"taxonomy":"product_brand","embeddable":true,"href":"https:\/\/jnats.eu\/pt\/wp-json\/wp\/v2\/product_brand?post=3175"},{"taxonomy":"product_cat","embeddable":true,"href":"https:\/\/jnats.eu\/pt\/wp-json\/wp\/v2\/product_cat?post=3175"},{"taxonomy":"product_tag","embeddable":true,"href":"https:\/\/jnats.eu\/pt\/wp-json\/wp\/v2\/product_tag?post=3175"}],"curies":[{"name":"wp","href":"https:\/\/api.w.org\/{rel}","templated":true}]}}