{"id":3184,"date":"2025-09-30T11:13:34","date_gmt":"2025-09-30T08:13:34","guid":{"rendered":"https:\/\/jnats.eu\/?post_type=product&#038;p=3184"},"modified":"2026-04-11T09:18:41","modified_gmt":"2026-04-11T06:18:41","slug":"jun-mikawa-shiro-nagura-mejiro-button-rinkinys","status":"publish","type":"product","link":"https:\/\/jnats.eu\/pt\/produto-2\/jun-mikawa-shiro-nagura-mejiro-button-rinkinys\/","title":{"rendered":"Conjunto Mikawa Shiro Nagura Koma + Mejiro + Botan"},"content":{"rendered":"<p>\u00c0 semelhan\u00e7a de outros naguros, o Mikawa Asano \u00e9 tradicionalmente utilizado para criar uma suspens\u00e3o abrasiva numa pedra de afiar natural. A diferen\u00e7a em rela\u00e7\u00e3o aos outros \u00e9 a tentativa de criar um sistema de pontua\u00e7\u00e3o livre que permite ao utilizador escolher o progresso da afia\u00e7\u00e3o de grosso a fino.<\/p>\n\n\n\n<p>A uspensia de unhas acelera o trabalho das pedras naturais mais lentas, afia os carbonetos de a\u00e7o e mant\u00e9m as ferramentas afiadas durante muito mais tempo. Tamb\u00e9m pode ser utilizada em pedras sint\u00e9ticas, tornando-as mais macias e limpas. Tamb\u00e9m \u00e9 poss\u00edvel terminar as l\u00e2minas de barbear em suspens\u00e3o l\u00edquida se pretender um barbear n\u00e3o agressivo e seguro.<\/p>\n\n\n\n<figure class=\"wp-block-embed is-type-video is-provider-youtube wp-block-embed-youtube wp-embed-aspect-16-9 wp-has-aspect-ratio\"><div class=\"wp-block-embed__wrapper\">\n<div class=\"video-container\"><iframe title=\"Afiar um Henkotsu Kamisori numa pedra de amolar Nakayama Asagi Premium | Mejiro, Tenjo &amp; Koma Nagura\" width=\"1170\" height=\"658\" src=\"https:\/\/www.youtube.com\/embed\/xLUXM45tq0o?start=491&#038;feature=oembed\" frameborder=\"0\" allow=\"accelerometer; autoplay; clipboard-write; encrypted-media; gyroscope; picture-in-picture; web-share\" referrerpolicy=\"strict-origin-when-cross-origin\" allowfullscreen><\/iframe><\/div>\n<\/div><\/figure>\n\n\n\n<p>De facto, um \u00fanico prego, qualquer prego, \u00e9 suficiente para afiar, uma vez que as part\u00edculas abrasivas naturais se decomp\u00f5em e se tornam mais finas durante a afia\u00e7\u00e3o. Se necess\u00e1rio, a suspens\u00e3o pode ser recriada utilizando a mesma nagura Mikawa.<\/p>\n\n\n\n<p>A Muchi \u00e9 uma exce\u00e7\u00e3o \u00e0 regra. Este \u00faltimo pode ser demasiado duro em alguns casos e n\u00e3o \u00e9 geralmente recomendado para m\u00e1quinas de barbear.<\/p>\n\n\n\n<p>Este tipo de pedra prov\u00e9m da mina de Junmikawa Shiro, no distrito de Kitashitara, prov\u00edncia de Aichi. A rocha \u00e9 constitu\u00edda por 10 a 12 camadas, consoante a zona de extra\u00e7\u00e3o. Destas camadas, h\u00e1 8 camadas utiliz\u00e1veis e 4 delas s\u00e3o as mais populares. Nas zonas onde existem 12 camadas explor\u00e1veis, existem duas camadas diferentes de Tenjyo, bem como Yae Botan e Botan, que s\u00e3o muito semelhantes. Tal como acontece com todas as pedras naturais japonesas, cada exemplar individual pode variar.<\/p>\n\n\n\n<p>O Mikawa nagura \u00e9 classificado do mais grosseiro ao mais fino do seguinte modo&nbsp;<strong>Mushi [\u30e0\u30b7] &gt; Ban [\u30d0\u30f3] &gt; Atsu [\u30a2\u30c4] &gt; Yae Botan [\u516b\u91cd\u30dc\u30bf\u30f3] &gt; Botan [\u30dc\u30bf\u30f3] &gt; Tenjyo [\u5929\u4e0a] &gt; Mejiro [\u76ee\u767d] &gt; Koma [\u30b3\u30de]<\/strong><\/p>\n\n\n\n<p>Os Mikawa nagura classificam-se de acordo com a sua velocidade de funcionamento do seguinte modo<strong> Ban &gt; Koma &gt; Yae Botan &gt; Botan &gt; Atsu &gt;Tenjo &gt; Mejiro.<\/strong><\/p>\n\n\n\n<p>Ap\u00f3s a afia\u00e7\u00e3o das unhas, esta \u00e9 normalmente conclu\u00edda na mesma pedra limpa da base. Algumas m\u00e1quinas de barbear terminam o processo de afia\u00e7\u00e3o com uma suspens\u00e3o l\u00edquida, conseguindo assim um barbear suave e seguro, uma vez que a l\u00e2mina n\u00e3o agride a pele, mas corta o pelo.<\/p>\n\n\n\n<h2 class=\"wp-block-heading\">Tipos Jun Mikawa Shiro Nagura<\/h2>\n\n\n\n<figure class=\"wp-block-table\"><table class=\"has-fixed-layout\"><thead><tr><th>Nome japon\u00eas<\/th><th>Kanji\/escrita<\/th><th>Descri\u00e7\u00e3o<\/th><th>Utiliza\u00e7\u00e3o t\u00edpica<\/th><\/tr><\/thead><tbody><tr><td>Coma<\/td><td>\u99d2 \/ \u30b3\u30de<\/td><td>O nagura mais pequeno e um dos mais eficazes da s\u00e9rie Jun Mikawa Shiro. Cria uma suspens\u00e3o muito fina.<\/td><td>\u00daltima ronda, l\u00e2minas de barbear e facas<\/td><\/tr><tr><td>Mejiro<\/td><td>\u76ee\u767d<\/td><td>Muito pequeno, quase do tamanho de um Coma.<\/td><td>Fase final de polimento<\/td><\/tr><tr><td>Tenjyo (Tenjou)<\/td><td>\u5929\u4e0a<\/td><td>Rela\u00e7\u00e3o equilibrada entre finura e pot\u00eancia de afia\u00e7\u00e3o. Um dos afiadores mais vers\u00e1teis.<\/td><td>Fase interm\u00e9dia-tardia<\/td><\/tr><tr><td>Bot\u00e2nica<\/td><td>\u7261\u4e39<\/td><td>Bom poder abrasivo, suspens\u00e3o bastante ativa. Utilizada sempre com uma pedra de base.<\/td><td>Fase inicial de nagura<\/td><\/tr><tr><td>Yae Botan<\/td><td>\u516b\u91cd\u7261\u4e39<\/td><td>Semelhante ao Botan, mas frequentemente uma suspens\u00e3o ligeiramente mais macia e mais fina.<\/td><td>Fase inicial-m\u00e9dia<\/td><\/tr><tr><td>Atsu<\/td><td>\u539a<\/td><td>Um pouco mais \u00e1spero.<\/td><td>Por vezes utilizada para trabalhos grosseiros<\/td><\/tr><tr><td>Proibir<\/td><td>\u76e4<\/td><td>Um dos nagura de Mikawa mais rudes.<\/td><td>Para afia\u00e7\u00e3o grosseira<\/td><\/tr><\/tbody><\/table><\/figure>\n\n\n\n<p>Classes de qualidade:<\/p>\n\n\n\n<ul class=\"wp-block-list\">\n<li><strong>\u5225\u4e0a (Betsuj\u014d)<\/strong> - alta qualidade<\/li>\n\n\n\n<li><strong>\u7279\u7d1a (Tokky\u016b)<\/strong> - qualidade mais elevada<\/li>\n<\/ul>\n\n\n\n<h2 class=\"wp-block-heading\">Ordem de finura (do mais pequeno ao mais grosseiro)<\/h2>\n\n\n\n<figure class=\"wp-block-table\"><table class=\"has-fixed-layout\"><thead><tr><th>Detalhes<\/th><th>Tipo<\/th><\/tr><\/thead><tbody><tr><td>1 (mais pequeno)<\/td><td>\u99d2 \/ \u30b3\u30de Koma<\/td><\/tr><tr><td>2<\/td><td>\u76ee\u767d Mejiro<\/td><\/tr><tr><td>3<\/td><td>\u5929\u4e0a Tenjyo<\/td><\/tr><tr><td>4<\/td><td>\u7261\u4e39 Botan<\/td><\/tr><tr><td>5<\/td><td>Yae Botan<\/td><\/tr><tr><td>6<\/td><td>\u539a Atsu<\/td><\/tr><tr><td>7<\/td><td>\u76e4 Ban<\/td><\/tr><\/tbody><\/table><\/figure>\n\n\n\n<hr class=\"wp-block-separator has-alpha-channel-opacity\"\/>\n\n\n\n<p>Na pr\u00e1tica, em particular <strong>na afia\u00e7\u00e3o de l\u00e2minas de barbear<\/strong>, \u00e9 habitualmente utilizada uma progress\u00e3o:<\/p>\n\n\n\n<p><strong>\u7261\u4e39 Botan \u2192 \u5929\u4e0a Tenjyo \u2192 \u76ee\u767d Mejiro \u2192 \u99d2 Koma<\/strong><\/p>","protected":false},"excerpt":{"rendered":"<ol>\n<li>Koma + Mejiro + Botan peso total 185 g\u00a0<\/li>\n<li>Koma + Mejiro + Botan peso total 190 g<\/li>\n<li>Koma + Mejiro + Botan peso total 200 g<\/li>\n<li>Koma + Mejiro + Botan peso total 183 g<\/li>\n<li>Koma + Mejiro + Botan peso total 178 g<\/li>\n<li>Koma + Mejiro + Botan peso total 185 g<\/li>\n<li>Koma + Mejiro + Botan peso total 225 g<\/li>\n<li>Peso do Mejiro 218 g<\/li>\n<li>Peso do Mejiro 438 g<\/li>\n<\/ol>\n<p>Se n\u00e3o vir o artigo na lista pendente, \u00e9 porque est\u00e1 vendido.<\/p>","protected":false},"featured_media":5278,"comment_status":"open","ping_status":"closed","template":"","meta":[],"product_brand":[],"product_cat":[22],"product_tag":[152,301,153],"class_list":{"0":"post-3184","1":"product","2":"type-product","3":"status-publish","4":"has-post-thumbnail","6":"product_cat-jnats","7":"product_tag-button","8":"product_tag-mejiro","9":"product_tag-nagura","10":"product_shipping_class-light","12":"first","13":"instock","14":"shipping-taxable","15":"purchasable","16":"product-type-variable"},"_links":{"self":[{"href":"https:\/\/jnats.eu\/pt\/wp-json\/wp\/v2\/product\/3184","targetHints":{"allow":["GET"]}}],"collection":[{"href":"https:\/\/jnats.eu\/pt\/wp-json\/wp\/v2\/product"}],"about":[{"href":"https:\/\/jnats.eu\/pt\/wp-json\/wp\/v2\/types\/product"}],"replies":[{"embeddable":true,"href":"https:\/\/jnats.eu\/pt\/wp-json\/wp\/v2\/comments?post=3184"}],"wp:featuredmedia":[{"embeddable":true,"href":"https:\/\/jnats.eu\/pt\/wp-json\/wp\/v2\/media\/5278"}],"wp:attachment":[{"href":"https:\/\/jnats.eu\/pt\/wp-json\/wp\/v2\/media?parent=3184"}],"wp:term":[{"taxonomy":"product_brand","embeddable":true,"href":"https:\/\/jnats.eu\/pt\/wp-json\/wp\/v2\/product_brand?post=3184"},{"taxonomy":"product_cat","embeddable":true,"href":"https:\/\/jnats.eu\/pt\/wp-json\/wp\/v2\/product_cat?post=3184"},{"taxonomy":"product_tag","embeddable":true,"href":"https:\/\/jnats.eu\/pt\/wp-json\/wp\/v2\/product_tag?post=3184"}],"curies":[{"name":"wp","href":"https:\/\/api.w.org\/{rel}","templated":true}]}}