{"id":3257,"date":"2024-09-09T09:52:17","date_gmt":"2024-09-09T06:52:17","guid":{"rendered":"https:\/\/jnats.eu\/?post_type=product&#038;p=3257"},"modified":"2024-11-23T10:54:43","modified_gmt":"2024-11-23T08:54:43","slug":"naniwa-jyunpaku-galandinimo-akmuo-8000","status":"publish","type":"product","link":"https:\/\/jnats.eu\/pt\/produto-2\/naniwa-jyunpaku-galandinimo-akmuo-8000\/","title":{"rendered":"Pedra de afiar Naniwa Jyunpaku #8000 +30 afia\u00e7\u00e3o +47 3000"},"content":{"rendered":"<p>A pedra de afiar Naniwa Jyunpaku 8000 \u00e9 extremamente fina para dar \u00e0s facas um fio muito afiado. A Jyunpaku \u00e9 um dos produtos mais populares da gama Naniwa.<\/p>\n\n\n\n<p>No mundo da afia\u00e7\u00e3o, esta pedra \u00e9 tamb\u00e9m conhecida como \"Branca de Neve\". N\u00e3o s\u00f3 devido \u00e0 sua cor branca como a neve, mas tamb\u00e9m devido aos seus resultados de afia\u00e7\u00e3o espelhados. Apesar desta reputa\u00e7\u00e3o e da elevada procura, existem relativamente poucas destas pedras de afiar no mercado porque a Naniwa produz uma quantidade limitada de Jyunpaku. Isto \u00e9 para garantir o controlo da qualidade de cada pedra de afiar. <\/p>\n\n\n\n<p>A Naniwa Jyunpaku deve ser imersa em \u00e1gua durante alguns minutos antes de ser utilizada. Em compara\u00e7\u00e3o com pedras de \u00e1gua mais baratas, esta pedra de afiar n\u00e3o precisa de muita \u00e1gua extra e absorve-a muito bem. Por conseguinte, n\u00e3o ter\u00e1 de molhar a pedra com tanta frequ\u00eancia quando estiver a afiar a faca. As part\u00edculas de metal escuro s\u00e3o, naturalmente, muito vis\u00edveis na superf\u00edcie de afia\u00e7\u00e3o clara, pelo que recomendamos que limpe a superf\u00edcie da pedra ap\u00f3s a utiliza\u00e7\u00e3o com um produto concebido para este fim. Desta forma, a pedra mant\u00e9m-se branca e agrad\u00e1vel.<\/p>\n\n\n\n<p>Deixar a pedra secar \u00e0 temperatura ambiente ap\u00f3s a utiliza\u00e7\u00e3o. <\/p>","protected":false},"excerpt":{"rendered":"<ul>\n<li>Dimens\u00f5es: 210x70x20mm<\/li>\n<li>Peso: 660 g<\/li>\n<li>Tamanho do gr\u00e3o: #8000<\/li>\n<li>Antes da utiliza\u00e7\u00e3o, a pedra deve ser mergulhada em \u00e1gua durante alguns minutos at\u00e9 que as bolhas de ar deixem de subir.<\/li>\n<\/ul>","protected":false},"featured_media":3259,"comment_status":"open","ping_status":"closed","template":"","meta":[],"product_brand":[],"product_cat":[290],"product_tag":[303,197],"class_list":{"0":"post-3257","1":"product","2":"type-product","3":"status-publish","4":"has-post-thumbnail","6":"product_cat-whetstones","7":"product_tag-303","8":"product_tag-naniwa","9":"product_shipping_class-iprastas","11":"first","12":"outofstock","13":"shipping-taxable","14":"purchasable","15":"product-type-simple"},"_links":{"self":[{"href":"https:\/\/jnats.eu\/pt\/wp-json\/wp\/v2\/product\/3257","targetHints":{"allow":["GET"]}}],"collection":[{"href":"https:\/\/jnats.eu\/pt\/wp-json\/wp\/v2\/product"}],"about":[{"href":"https:\/\/jnats.eu\/pt\/wp-json\/wp\/v2\/types\/product"}],"replies":[{"embeddable":true,"href":"https:\/\/jnats.eu\/pt\/wp-json\/wp\/v2\/comments?post=3257"}],"wp:featuredmedia":[{"embeddable":true,"href":"https:\/\/jnats.eu\/pt\/wp-json\/wp\/v2\/media\/3259"}],"wp:attachment":[{"href":"https:\/\/jnats.eu\/pt\/wp-json\/wp\/v2\/media?parent=3257"}],"wp:term":[{"taxonomy":"product_brand","embeddable":true,"href":"https:\/\/jnats.eu\/pt\/wp-json\/wp\/v2\/product_brand?post=3257"},{"taxonomy":"product_cat","embeddable":true,"href":"https:\/\/jnats.eu\/pt\/wp-json\/wp\/v2\/product_cat?post=3257"},{"taxonomy":"product_tag","embeddable":true,"href":"https:\/\/jnats.eu\/pt\/wp-json\/wp\/v2\/product_tag?post=3257"}],"curies":[{"name":"wp","href":"https:\/\/api.w.org\/{rel}","templated":true}]}}